{"id":12310,"date":"2021-02-21T14:14:21","date_gmt":"2021-02-21T14:14:21","guid":{"rendered":"https:\/\/www.autonvaraosahaku.fi\/?product=swf-262202-pyyhkijansulat"},"modified":"2021-02-21T14:14:22","modified_gmt":"2021-02-21T14:14:22","slug":"swf-262202-pyyhkijansulat","status":"publish","type":"product","link":"https:\/\/www.autonvaraosahaku.fi\/?product=swf-262202-pyyhkijansulat","title":{"rendered":"SWF 262202 Pyyhkij\u00e4nsulat"},"content":{"rendered":"<p>Vasen \/ oikea liikenne: Ohjaus vasemmalla; M\u00e4\u00e4r\u00e4: 1; Pituus (mm): 400; Pituus (tuumaa): 16; Paino [kg]: 0,15; Tuotelinja: Alternative Connect; Pyyhkij\u00e4nsulkatyyppi: Rungottomat; Valmistusvuoteen: 10\/2009; VW: POLO 6R, 6C,UP,SHARAN 7N1, 7N2,POLO Stufenheck,GOLF SPORTSVAN AM1,TOURAN,POLO Van 6R,LOAD UP; BMW: 3 Coupe E92,3 Cabriolet E93,X1 F48; OPEL: CORSA D,ADAM,CORSA D Van,COMBO Kasten\/Kombi X12,COMBO Tour X12,CORSA E,VIVARO Combi,CROSSLAND X,CORSA E Van; FORD: FIESTA VI,RANGER TKE,ECOSPORT,FIESTA VI Van,KA,KA + Stufenheck; RENAULT: CLIO III BR0\/1, CR0\/1,TWINGO II CN0_,MEGANE III Grandtour KZ0\/1,LAGUNA III Grandtour KT0\/1,MEGANE III Schr\u00e4gheck BZ0_,MEGANE III Coupe DZ0\/1_,CLIO Grandtour KR0\/1_,LAGUNA III BT0\/1,MEGANE CC EZ0\/1_,LAGUNA Coupe DT0\/1,WIND E4M_,FLUENCE L30_,CLIO III Kasten SB_, SR_,TRAFIC III Kasten,TRAFIC III Bus,MEGANE IV B9A\/M_; FIAT: DOBLO Kasten\/Kombi 263,DOBLO Gro\u00dfraumlimousine 152, 263,DOBLO Pritsche\/Fahrgestell 263,TIPO Schr\u00e4gheck 356_,TIPO Kombi 356_,TIPO Stufenheck 356_,TALENTO Bus 296_; SKODA: CITIGO,RAPID Spaceback NH1,RAPID NH3,FABIA NJ3,FABIA Kombi NJ5; PEUGEOT: 208,PARTNER Tepee,2008,PARTNER Kasten,301,PARTNER Pritsche\/Fahrgestell,208 Kasten; SEAT: IBIZA V 6J5, 6P5,LEON 5F1,LEON ST 5F8,IBIZA V ST 6J8, 6P8,ALHAMBRA 710, 711,Mii KF1_,IBIZA V SPORTCOUPE 6J1, 6P1,LEON SC 5F5,TOLEDO IV KG3; CITRO\u00cbN: C3 I FC_,BERLINGO B9,DS3,C3 Picasso,C3 II,BERLINGO Kasten B9,DS3 Cabriolet,BERLINGO Pritsche\/Fahrgestell B9,C-ELYSEE,C3 III SX,C3 AIRCROSS II; 1611348480, 642349, 6423J2, 6423J3, 6423J2, 6423J3, 5TB998002; Tuulilasinpyyhkimet,Pyyhkij\u00e4t,Pyyhkij\u00e4nsulka<\/p>\n","protected":false},"excerpt":{"rendered":"<p>SWF Pyyhkij\u00e4nsulat 262202 Tuulilasinpyyhkimet,Pyyhkij\u00e4t VW,BMW,OPEL,POLO 6R, 6C,UP,SHARAN 7N1, 7N2,POLO Stufenheck,GOLF SPORTSVAN AM1,TOURAN<\/p>\n","protected":false},"featured_media":0,"template":"","meta":{"site-sidebar-layout":"default","site-content-layout":"default","ast-global-header-display":"","ast-main-header-display":"","ast-hfb-above-header-display":"","ast-hfb-below-header-display":"","ast-hfb-mobile-header-display":"","site-post-title":"","ast-breadcrumbs-content":"","ast-featured-img":"","footer-sml-layout":"","theme-transparent-header-meta":"","adv-header-id-meta":"","stick-header-meta":"","header-above-stick-meta":"","header-main-stick-meta":"","header-below-stick-meta":""},"pwb-brand":[204],"product_cat":[33],"product_tag":[],"class_list":{"0":"post-12310","1":"product","2":"type-product","3":"status-publish","5":"pwb-brand-swf","6":"product_cat-pyyhkijansulat","7":"desktop-align-left","8":"tablet-align-left","9":"mobile-align-left","11":"first","12":"instock","13":"product-type-external"},"brands":[{"id":204,"name":"SWF","slug":"swf"}],"_links":{"self":[{"href":"https:\/\/www.autonvaraosahaku.fi\/index.php?rest_route=\/wp\/v2\/product\/12310","targetHints":{"allow":["GET"]}}],"collection":[{"href":"https:\/\/www.autonvaraosahaku.fi\/index.php?rest_route=\/wp\/v2\/product"}],"about":[{"href":"https:\/\/www.autonvaraosahaku.fi\/index.php?rest_route=\/wp\/v2\/types\/product"}],"wp:attachment":[{"href":"https:\/\/www.autonvaraosahaku.fi\/index.php?rest_route=%2Fwp%2Fv2%2Fmedia&parent=12310"}],"wp:term":[{"taxonomy":"pwb-brand","embeddable":true,"href":"https:\/\/www.autonvaraosahaku.fi\/index.php?rest_route=%2Fwp%2Fv2%2Fpwb-brand&post=12310"},{"taxonomy":"product_cat","embeddable":true,"href":"https:\/\/www.autonvaraosahaku.fi\/index.php?rest_route=%2Fwp%2Fv2%2Fproduct_cat&post=12310"},{"taxonomy":"product_tag","embeddable":true,"href":"https:\/\/www.autonvaraosahaku.fi\/index.php?rest_route=%2Fwp%2Fv2%2Fproduct_tag&post=12310"}],"curies":[{"name":"wp","href":"https:\/\/api.w.org\/{rel}","templated":true}]}}