{"id":12312,"date":"2021-02-21T14:14:21","date_gmt":"2021-02-21T14:14:21","guid":{"rendered":"https:\/\/www.autonvaraosahaku.fi\/?product=lemforder-38814-01-muut-luokat"},"modified":"2021-02-21T14:14:23","modified_gmt":"2021-02-21T14:14:23","slug":"lemforder-38814-01-muut-luokat","status":"publish","type":"product","link":"https:\/\/www.autonvaraosahaku.fi\/?product=lemforder-38814-01-muut-luokat","title":{"rendered":"LEMF\u00d6RDER 38814 01 Muut luokat"},"content":{"rendered":"<p>Asennuspuoli: Etuakseli, Molemminpuolin; tuotenumerolle: 24636 02; VW: LT 28-46 II Kasten 2DA, 2DD, 2DH,LT 28-35 II Bus 2DB, 2DE, 2DK,LT 28-46 II Pritsche\/Fahrgestell 2DC, 2DF, 2DG, 2DL, 2DM; MERCEDES-BENZ: SPRINTER 3-t Kasten 903,SPRINTER 2-t Bus 901, 902,SPRINTER 2-t Kasten 901, 902,SPRINTER 3-t Bus 903,SPRINTER 3-t Pritsche\/Fahrgestell 903,SPRINTER 4-t Pritsche\/Fahrgestell 904,SPRINTER 2-t Pritsche\/Fahrgestell 901, 902,SPRINTER CLASSIC 3,5-t Kasten 909,SPRINTER 4-t Kasten 904,SPRINTER 4-t Bus 904,SPRINTER CLASSIC 4,6-t Bus 909; 90770701, N10335304, N90770701, N90770901, N90891501, 0019900050, 0069901801, 9013330214, 9019900312, 913023014003, A0019900050, A0069901801, A9013330214, A9019900312, N913023014003, N10335304, 0019900050, 0069901801, 9019900312, A0019900050, A0069901801, A9019900312, 2D0407140, 90770701, N10335304, N90770701, N90770901, N90891501<\/p>\n","protected":false},"excerpt":{"rendered":"<p>LEMF\u00d6RDER Korjaussarja, Py\u00f6r\u00e4ntuenta Service Pack 38814 01  VW,MERCEDES-BENZ,LT 28-46 II Kasten 2DA, 2DD, 2DH,LT 28-35 II Bus 2DB, 2DE, 2DK<\/p>\n","protected":false},"featured_media":0,"template":"","meta":{"site-sidebar-layout":"default","site-content-layout":"default","ast-global-header-display":"","ast-main-header-display":"","ast-hfb-above-header-display":"","ast-hfb-below-header-display":"","ast-hfb-mobile-header-display":"","site-post-title":"","ast-breadcrumbs-content":"","ast-featured-img":"","footer-sml-layout":"","theme-transparent-header-meta":"","adv-header-id-meta":"","stick-header-meta":"","header-above-stick-meta":"","header-main-stick-meta":"","header-below-stick-meta":""},"pwb-brand":[77],"product_cat":[37],"product_tag":[],"class_list":{"0":"post-12312","1":"product","2":"type-product","3":"status-publish","5":"pwb-brand-lemforder","6":"product_cat-muut-luokat","7":"desktop-align-left","8":"tablet-align-left","9":"mobile-align-left","11":"first","12":"instock","13":"product-type-external"},"brands":[{"id":77,"name":"LEMF\u00d6RDER","slug":"lemforder"}],"_links":{"self":[{"href":"https:\/\/www.autonvaraosahaku.fi\/index.php?rest_route=\/wp\/v2\/product\/12312","targetHints":{"allow":["GET"]}}],"collection":[{"href":"https:\/\/www.autonvaraosahaku.fi\/index.php?rest_route=\/wp\/v2\/product"}],"about":[{"href":"https:\/\/www.autonvaraosahaku.fi\/index.php?rest_route=\/wp\/v2\/types\/product"}],"wp:attachment":[{"href":"https:\/\/www.autonvaraosahaku.fi\/index.php?rest_route=%2Fwp%2Fv2%2Fmedia&parent=12312"}],"wp:term":[{"taxonomy":"pwb-brand","embeddable":true,"href":"https:\/\/www.autonvaraosahaku.fi\/index.php?rest_route=%2Fwp%2Fv2%2Fpwb-brand&post=12312"},{"taxonomy":"product_cat","embeddable":true,"href":"https:\/\/www.autonvaraosahaku.fi\/index.php?rest_route=%2Fwp%2Fv2%2Fproduct_cat&post=12312"},{"taxonomy":"product_tag","embeddable":true,"href":"https:\/\/www.autonvaraosahaku.fi\/index.php?rest_route=%2Fwp%2Fv2%2Fproduct_tag&post=12312"}],"curies":[{"name":"wp","href":"https:\/\/api.w.org\/{rel}","templated":true}]}}