{"id":12316,"date":"2021-02-21T14:14:21","date_gmt":"2021-02-21T14:14:21","guid":{"rendered":"https:\/\/www.autonvaraosahaku.fi\/?product=maxgear-11-0133-iskunvaimennin"},"modified":"2021-02-21T14:14:23","modified_gmt":"2021-02-21T14:14:23","slug":"maxgear-11-0133-iskunvaimennin","status":"publish","type":"product","link":"https:\/\/www.autonvaraosahaku.fi\/?product=maxgear-11-0133-iskunvaimennin","title":{"rendered":"MAXGEAR 11-0133 Iskunvaimennin"},"content":{"rendered":"<p>Asennuspuoli: Etuakseli; Iskunvaimennusj\u00e4rjestelm\u00e4: Kaksiputki; Iskunvaimennin tyyppi: Kaasupaine; Iskunvaimennin malli: Joustintuki; Alustarakenne: f\u00fcr Fahrzeuge mit Sportfahrwerk; OPEL: CORSA B 73_, 78_, 79_,TIGRA 95_,CORSA A CC 93_, 94_, 98_, 99_,COMBO 71_,CORSA A TR 91_, 92_, 96_, 97_,CORSA B Kasten 73_,CORSA A Kasten; VAUXHALL: CORSA Mk I B,COMBO Mk I B,TIGRA Mk I F07,NOVA,NOVA CC; 0344131, 0344132, 0344143, 0344223, 0344224, 22051307, 22051308, 344131, 344132, 344143, 344144, 344194, 344195, 344196, 90009929, 90166395, 90166421, 90445376, 90445377; Iskarit,Iskunvaimennin<\/p>\n","protected":false},"excerpt":{"rendered":"<p>MAXGEAR Iskunvaimentimet 11-0133 Iskarit,Iskunvaimennin OPEL,VAUXHALL,CORSA B 73_, 78_, 79_,TIGRA 95_,CORSA A CC 93_, 94_, 98_, 99_,COMBO 71_<\/p>\n","protected":false},"featured_media":0,"template":"","meta":{"site-sidebar-layout":"default","site-content-layout":"default","ast-global-header-display":"","ast-main-header-display":"","ast-hfb-above-header-display":"","ast-hfb-below-header-display":"","ast-hfb-mobile-header-display":"","site-post-title":"","ast-breadcrumbs-content":"","ast-featured-img":"","footer-sml-layout":"","theme-transparent-header-meta":"","adv-header-id-meta":"","stick-header-meta":"","header-above-stick-meta":"","header-main-stick-meta":"","header-below-stick-meta":""},"pwb-brand":[48],"product_cat":[80],"product_tag":[],"class_list":{"0":"post-12316","1":"product","2":"type-product","3":"status-publish","5":"pwb-brand-maxgear","6":"product_cat-iskunvaimennin","7":"desktop-align-left","8":"tablet-align-left","9":"mobile-align-left","11":"first","12":"instock","13":"product-type-external"},"brands":[{"id":48,"name":"MAXGEAR","slug":"maxgear"}],"_links":{"self":[{"href":"https:\/\/www.autonvaraosahaku.fi\/index.php?rest_route=\/wp\/v2\/product\/12316","targetHints":{"allow":["GET"]}}],"collection":[{"href":"https:\/\/www.autonvaraosahaku.fi\/index.php?rest_route=\/wp\/v2\/product"}],"about":[{"href":"https:\/\/www.autonvaraosahaku.fi\/index.php?rest_route=\/wp\/v2\/types\/product"}],"wp:attachment":[{"href":"https:\/\/www.autonvaraosahaku.fi\/index.php?rest_route=%2Fwp%2Fv2%2Fmedia&parent=12316"}],"wp:term":[{"taxonomy":"pwb-brand","embeddable":true,"href":"https:\/\/www.autonvaraosahaku.fi\/index.php?rest_route=%2Fwp%2Fv2%2Fpwb-brand&post=12316"},{"taxonomy":"product_cat","embeddable":true,"href":"https:\/\/www.autonvaraosahaku.fi\/index.php?rest_route=%2Fwp%2Fv2%2Fproduct_cat&post=12316"},{"taxonomy":"product_tag","embeddable":true,"href":"https:\/\/www.autonvaraosahaku.fi\/index.php?rest_route=%2Fwp%2Fv2%2Fproduct_tag&post=12316"}],"curies":[{"name":"wp","href":"https:\/\/api.w.org\/{rel}","templated":true}]}}