{"id":12326,"date":"2021-02-21T14:14:25","date_gmt":"2021-02-21T14:14:25","guid":{"rendered":"https:\/\/www.autonvaraosahaku.fi\/?product=master-sport-10576-pcs-ms-koiranluu"},"modified":"2021-02-21T14:14:26","modified_gmt":"2021-02-21T14:14:26","slug":"master-sport-10576-pcs-ms-koiranluu","status":"publish","type":"product","link":"https:\/\/www.autonvaraosahaku.fi\/?product=master-sport-10576-pcs-ms-koiranluu","title":{"rendered":"MASTER-SPORT 10576-PCS-MS Koiranluu"},"content":{"rendered":"<p>Asennuspuoli: Etuakseli, Molemminpuolin; Lukum\u00e4\u00e4r\u00e4 akselille: 2; Tanko \/ tuki: Heilurintanko; Nettopaino [kg]: 0,41; Bruttopaino [kg]: 0,48; Varusteet: f\u00fcr Fahrzeuge mit Servolenkung; BMW: 3 E36,3 E30,5 E34,3 Cabriolet E30,7 E32,8 E31,5 Touring E34,5 E28,6 E24; ALPINA: B9 E28; 1124380, 1127194, 1128050, 1130075, 1134582, 31351124380, 31351127194, 31351128050, 31351130075, 31351134582; Kallistuksenvakaajan Yhdystanko,Tanko, Kallistuksenvaimennin<\/p>\n","protected":false},"excerpt":{"rendered":"<p>MASTER-SPORT Koiranluu 10576-PCS-MS Kallistuksenvakaajan Yhdystanko,Tanko, Kallistuksenvaimennin BMW,ALPINA,3 E36,3 E30,5 E34,3 Cabriolet E30,7 E32<\/p>\n","protected":false},"featured_media":0,"template":"","meta":{"site-sidebar-layout":"default","site-content-layout":"default","ast-global-header-display":"","ast-main-header-display":"","ast-hfb-above-header-display":"","ast-hfb-below-header-display":"","ast-hfb-mobile-header-display":"","site-post-title":"","ast-breadcrumbs-content":"","ast-featured-img":"","footer-sml-layout":"","theme-transparent-header-meta":"","adv-header-id-meta":"","stick-header-meta":"","header-above-stick-meta":"","header-main-stick-meta":"","header-below-stick-meta":""},"pwb-brand":[61],"product_cat":[38],"product_tag":[],"class_list":{"0":"post-12326","1":"product","2":"type-product","3":"status-publish","5":"pwb-brand-master-sport","6":"product_cat-koiranluu","7":"desktop-align-left","8":"tablet-align-left","9":"mobile-align-left","11":"first","12":"instock","13":"product-type-external"},"brands":[{"id":61,"name":"MASTER-SPORT","slug":"master-sport"}],"_links":{"self":[{"href":"https:\/\/www.autonvaraosahaku.fi\/index.php?rest_route=\/wp\/v2\/product\/12326","targetHints":{"allow":["GET"]}}],"collection":[{"href":"https:\/\/www.autonvaraosahaku.fi\/index.php?rest_route=\/wp\/v2\/product"}],"about":[{"href":"https:\/\/www.autonvaraosahaku.fi\/index.php?rest_route=\/wp\/v2\/types\/product"}],"wp:attachment":[{"href":"https:\/\/www.autonvaraosahaku.fi\/index.php?rest_route=%2Fwp%2Fv2%2Fmedia&parent=12326"}],"wp:term":[{"taxonomy":"pwb-brand","embeddable":true,"href":"https:\/\/www.autonvaraosahaku.fi\/index.php?rest_route=%2Fwp%2Fv2%2Fpwb-brand&post=12326"},{"taxonomy":"product_cat","embeddable":true,"href":"https:\/\/www.autonvaraosahaku.fi\/index.php?rest_route=%2Fwp%2Fv2%2Fproduct_cat&post=12326"},{"taxonomy":"product_tag","embeddable":true,"href":"https:\/\/www.autonvaraosahaku.fi\/index.php?rest_route=%2Fwp%2Fv2%2Fproduct_tag&post=12326"}],"curies":[{"name":"wp","href":"https:\/\/api.w.org\/{rel}","templated":true}]}}