{"id":12328,"date":"2021-02-21T14:14:25","date_gmt":"2021-02-21T14:14:25","guid":{"rendered":"https:\/\/www.autonvaraosahaku.fi\/?product=master-sport-03013703502-set-ms-jarrukengat"},"modified":"2021-02-21T14:14:26","modified_gmt":"2021-02-21T14:14:26","slug":"master-sport-03013703502-set-ms-jarrukengat","status":"publish","type":"product","link":"https:\/\/www.autonvaraosahaku.fi\/?product=master-sport-03013703502-set-ms-jarrukengat","title":{"rendered":"MASTER-SPORT 03013703502-SET-MS Jarrukeng\u00e4t"},"content":{"rendered":"<p>Asennuspuoli: Taka-akseli; Jarrupala\/-hihna: P\u00e4\u00e4llysteell\u00e4; Leveys (mm): 39; L\u00e4pimitta [mm]: 203; M\u00e4\u00e4r\u00e4: 4; Nettopaino [kg]: 1,44; Bruttopaino [kg]: 1,45; Valmistusvuoteen: 10\/2003; NISSAN: KUBISTAR Kasten X80; RENAULT: KANGOO KC0\/1_,KANGOO Express FC0\/1_; 4406000QAG, 7701205523, 7701207555; Jarrukenk\u00e4sarja<\/p>\n","protected":false},"excerpt":{"rendered":"<p>MASTER-SPORT Jarrukeng\u00e4t 03013703502-SET-MS Jarrukenk\u00e4sarja NISSAN,RENAULT,KUBISTAR Kasten X80,KANGOO KC0\/1_,KANGOO Express FC0\/1_<\/p>\n","protected":false},"featured_media":0,"template":"","meta":{"site-sidebar-layout":"default","site-content-layout":"default","ast-global-header-display":"","ast-main-header-display":"","ast-hfb-above-header-display":"","ast-hfb-below-header-display":"","ast-hfb-mobile-header-display":"","site-post-title":"","ast-breadcrumbs-content":"","ast-featured-img":"","footer-sml-layout":"","theme-transparent-header-meta":"","adv-header-id-meta":"","stick-header-meta":"","header-above-stick-meta":"","header-main-stick-meta":"","header-below-stick-meta":""},"pwb-brand":[61],"product_cat":[176],"product_tag":[],"class_list":{"0":"post-12328","1":"product","2":"type-product","3":"status-publish","5":"pwb-brand-master-sport","6":"product_cat-jarrukengat","7":"desktop-align-left","8":"tablet-align-left","9":"mobile-align-left","11":"first","12":"instock","13":"product-type-external"},"brands":[{"id":61,"name":"MASTER-SPORT","slug":"master-sport"}],"_links":{"self":[{"href":"https:\/\/www.autonvaraosahaku.fi\/index.php?rest_route=\/wp\/v2\/product\/12328","targetHints":{"allow":["GET"]}}],"collection":[{"href":"https:\/\/www.autonvaraosahaku.fi\/index.php?rest_route=\/wp\/v2\/product"}],"about":[{"href":"https:\/\/www.autonvaraosahaku.fi\/index.php?rest_route=\/wp\/v2\/types\/product"}],"wp:attachment":[{"href":"https:\/\/www.autonvaraosahaku.fi\/index.php?rest_route=%2Fwp%2Fv2%2Fmedia&parent=12328"}],"wp:term":[{"taxonomy":"pwb-brand","embeddable":true,"href":"https:\/\/www.autonvaraosahaku.fi\/index.php?rest_route=%2Fwp%2Fv2%2Fpwb-brand&post=12328"},{"taxonomy":"product_cat","embeddable":true,"href":"https:\/\/www.autonvaraosahaku.fi\/index.php?rest_route=%2Fwp%2Fv2%2Fproduct_cat&post=12328"},{"taxonomy":"product_tag","embeddable":true,"href":"https:\/\/www.autonvaraosahaku.fi\/index.php?rest_route=%2Fwp%2Fv2%2Fproduct_tag&post=12328"}],"curies":[{"name":"wp","href":"https:\/\/api.w.org\/{rel}","templated":true}]}}