{"id":12342,"date":"2021-02-21T14:14:28","date_gmt":"2021-02-21T14:14:28","guid":{"rendered":"https:\/\/www.autonvaraosahaku.fi\/?product=meyle-025-253-3715-w-jarrupalat"},"modified":"2021-02-21T14:14:29","modified_gmt":"2021-02-21T14:14:29","slug":"meyle-025-253-3715-w-jarrupalat","status":"publish","type":"product","link":"https:\/\/www.autonvaraosahaku.fi\/?product=meyle-025-253-3715-w-jarrupalat","title":{"rendered":"MEYLE 025 253 3715\/W Jarrupalat"},"content":{"rendered":"<p>Asennuspuoli: Taka-akseli; Leveys (mm): 99,7; Korkeus (mm): 40,9; Paksuus [mm]: 15,7; Kulumisvaroittimia [pro Achse]: 2; Kulumisenilmaisimen liitos: akustisella kulumavaroittimella; Jarruj\u00e4rjestelm\u00e4: Akebono; Lis\u00e4tarvike\/lis\u00e4tieto: Tarvikkeilla; Korvaava tuote\/korvaava tiedote 2: Huudonvaimennuspellill\u00e4; M\u00e4\u00e4r\u00e4yksikk\u00f6: Akselisarja; lis\u00e4tieto: ORIGINAL Quality; Varustelumahdollisuudet: Azera; KIA: RIO III UB,CEE&#8217;D JD,CEE`D Sportswagon JD,CARENS IV,PRO CEE\u00b4D JD,OPTIMA,RIO III Stufenheck UB,SPORTAGE QL,SOUL II PS,NIRO,OPTIMA Sportswagon,RIO IV YB,CEE&#8217;D Combi Van JD,STONIC YB,RIO IV Stufenheck SC, FB; SSANGYONG: TIVOLI,XLV Gel\u00e4ndewagen geschlossen; HYUNDAI: ix35 LM, EL, ELH,i40 CW VF,i30 GD,i30 CW GD,SONATA V NF,i30 Coupe,VELOSTER FS,i40 VF,GRANDEUR TG,TUCSON,i10 IA,ELANTRA Stufenheck MD, UD,ACCENT IV RB,i20 GB,ACCENT IV Stufenheck RB,i30 PDE,IONIQ AE,GRANDEUR HG,i30 Kombi PDE,i20 ACTIVE GB,i20 Coupe,KONA OS,i30 FASTBACK PDE,ELANTRA Stufenheck AD; 583021RA30, 583022VA50, 583023KA35, 583023QA10, 583023XA30, 583023ZA00, 583023ZA10, 583023ZA16, 583023ZA70, 583023ZA76, 58302A6A20, 58302A6A30, 58302A6A31, 58302A6A33, 58302B4A30, 58302C8A30, 58302CMA10, 58302D3A00, 58302D3A70, 58302D7A70, 58302D7A71, 58302F2A30, 58302G0A50, 58302G2A40, 58302G2A60, 58302G4A50, 58302G7A40, 58302G8A50, 58302H5A00, 58302K0A10, 58302K4A10, 58302K7A00, 583021RA30, 583021WA35, 583023ZA00, 583023ZA10, 58302A4B10, 58302A4B60, 58302A6A20, 58302A7B30, 58302A8A50, 58302A8A65, 58302B2A10, 58302B2A70, 58302D3A00, 58302D3A70, 58302D4A55, 58302D4A65, 58302D4A75, 58302D7A70, 58302D7A71, 58302E4A10, 58302E4A60, 58302G2A40, 58302G4A50, 58302H5A00, 58302H8A05, 58302H8A08, 58302K4A10, S583021WA35, S583023ZA10, S58302A6A20, S58302B2A70, 48413350B0; Jarrupalasarja,Jarrupala, Levyjarru<\/p>\n","protected":false},"excerpt":{"rendered":"<p>MEYLE Jarrupalat 025 253 3715\/W Jarrupalasarja,Jarrupala, Levyjarru KIA,SSANGYONG,HYUNDAI,RIO III UB,CEE&#8217;D JD,CEE`D Sportswagon JD,CARENS IV<\/p>\n","protected":false},"featured_media":0,"template":"","meta":{"site-sidebar-layout":"default","site-content-layout":"default","ast-global-header-display":"","ast-main-header-display":"","ast-hfb-above-header-display":"","ast-hfb-below-header-display":"","ast-hfb-mobile-header-display":"","site-post-title":"","ast-breadcrumbs-content":"","ast-featured-img":"","footer-sml-layout":"","theme-transparent-header-meta":"","adv-header-id-meta":"","stick-header-meta":"","header-above-stick-meta":"","header-main-stick-meta":"","header-below-stick-meta":""},"pwb-brand":[84],"product_cat":[100],"product_tag":[],"class_list":{"0":"post-12342","1":"product","2":"type-product","3":"status-publish","5":"pwb-brand-meyle","6":"product_cat-jarrupalat","7":"desktop-align-left","8":"tablet-align-left","9":"mobile-align-left","11":"first","12":"instock","13":"product-type-external"},"brands":[{"id":84,"name":"MEYLE","slug":"meyle"}],"_links":{"self":[{"href":"https:\/\/www.autonvaraosahaku.fi\/index.php?rest_route=\/wp\/v2\/product\/12342","targetHints":{"allow":["GET"]}}],"collection":[{"href":"https:\/\/www.autonvaraosahaku.fi\/index.php?rest_route=\/wp\/v2\/product"}],"about":[{"href":"https:\/\/www.autonvaraosahaku.fi\/index.php?rest_route=\/wp\/v2\/types\/product"}],"wp:attachment":[{"href":"https:\/\/www.autonvaraosahaku.fi\/index.php?rest_route=%2Fwp%2Fv2%2Fmedia&parent=12342"}],"wp:term":[{"taxonomy":"pwb-brand","embeddable":true,"href":"https:\/\/www.autonvaraosahaku.fi\/index.php?rest_route=%2Fwp%2Fv2%2Fpwb-brand&post=12342"},{"taxonomy":"product_cat","embeddable":true,"href":"https:\/\/www.autonvaraosahaku.fi\/index.php?rest_route=%2Fwp%2Fv2%2Fproduct_cat&post=12342"},{"taxonomy":"product_tag","embeddable":true,"href":"https:\/\/www.autonvaraosahaku.fi\/index.php?rest_route=%2Fwp%2Fv2%2Fproduct_tag&post=12342"}],"curies":[{"name":"wp","href":"https:\/\/api.w.org\/{rel}","templated":true}]}}