{"id":12380,"date":"2021-02-21T14:14:35","date_gmt":"2021-02-21T14:14:35","guid":{"rendered":"https:\/\/www.autonvaraosahaku.fi\/?product=nissens-87142-lammityslaitteen-puhallin"},"modified":"2021-02-21T14:14:36","modified_gmt":"2021-02-21T14:14:36","slug":"nissens-87142-lammityslaitteen-puhallin","status":"publish","type":"product","link":"https:\/\/www.autonvaraosahaku.fi\/?product=nissens-87142-lammityslaitteen-puhallin","title":{"rendered":"NISSENS 87142 L\u00e4mmityslaitteen puhallin"},"content":{"rendered":"<p>Kotelomalli: Muovikotelo; Vasen \/ oikea liikenne: Oikean-\/vasemmanpuolinen ohjaus; Nimellisteho (W): 174; K\u00e4ytt\u00f6j\u00e4nnite [V]: 12; Napojen m\u00e4\u00e4r\u00e4: 2; L\u00e4pimitta [mm]: 140; S\u00e4\u00e4din: ilman kierrosluvun s\u00e4\u00e4dint\u00e4; Valmistusvuoteen: 10\/2012; PEUGEOT: 4007 GP_,4008; CITRO\u00cbN: C-CROSSER EP_,C4 AIRCROSS,C-CROSSER ENTERPRISE; MITSUBISHI: ASX GA_W_,OUTLANDER XL II CW_W,LANCER SPORTBACK CX_A,LANCER Stufenheck CY\/Z_A,LANCER Stufenheck CS_A, CT0,ASX Van GA_W_; 1607025680, 6441CC, 6441Z3, 6441Z4, 7802A017, 7802A217, CSA431D214, CSA431D227, 1607025680, 6441CC, 6441Z3, 6441Z4, 7802A017, 7802A217, CSA431D214, CSA431D227, 1607025680, 6441CC, 6441Z3, 6441Z4, 7802A017, 7802A217, CSA431D214, CSA431D227; Sis\u00e4tilan Puhallin,Sis\u00e4tilapuhallin<\/p>\n","protected":false},"excerpt":{"rendered":"<p>NISSENS L\u00e4mmityslaitteen Puhallin 87142 Sis\u00e4tilan Puhallin,Sis\u00e4tilapuhallin PEUGEOT,CITRO\u00cbN,MITSUBISHI,4007 GP_,4008,C-CROSSER EP_,C4 AIRCROSS<\/p>\n","protected":false},"featured_media":0,"template":"","meta":{"site-sidebar-layout":"default","site-content-layout":"default","ast-global-header-display":"","ast-main-header-display":"","ast-hfb-above-header-display":"","ast-hfb-below-header-display":"","ast-hfb-mobile-header-display":"","site-post-title":"","ast-breadcrumbs-content":"","ast-featured-img":"","footer-sml-layout":"","theme-transparent-header-meta":"","adv-header-id-meta":"","stick-header-meta":"","header-above-stick-meta":"","header-main-stick-meta":"","header-below-stick-meta":""},"pwb-brand":[315],"product_cat":[86],"product_tag":[],"class_list":{"0":"post-12380","1":"product","2":"type-product","3":"status-publish","5":"pwb-brand-nissens","6":"product_cat-lammityslaitteen-puhallin","7":"desktop-align-left","8":"tablet-align-left","9":"mobile-align-left","11":"first","12":"instock","13":"product-type-external"},"brands":[{"id":315,"name":"NISSENS","slug":"nissens"}],"_links":{"self":[{"href":"https:\/\/www.autonvaraosahaku.fi\/index.php?rest_route=\/wp\/v2\/product\/12380","targetHints":{"allow":["GET"]}}],"collection":[{"href":"https:\/\/www.autonvaraosahaku.fi\/index.php?rest_route=\/wp\/v2\/product"}],"about":[{"href":"https:\/\/www.autonvaraosahaku.fi\/index.php?rest_route=\/wp\/v2\/types\/product"}],"wp:attachment":[{"href":"https:\/\/www.autonvaraosahaku.fi\/index.php?rest_route=%2Fwp%2Fv2%2Fmedia&parent=12380"}],"wp:term":[{"taxonomy":"pwb-brand","embeddable":true,"href":"https:\/\/www.autonvaraosahaku.fi\/index.php?rest_route=%2Fwp%2Fv2%2Fpwb-brand&post=12380"},{"taxonomy":"product_cat","embeddable":true,"href":"https:\/\/www.autonvaraosahaku.fi\/index.php?rest_route=%2Fwp%2Fv2%2Fproduct_cat&post=12380"},{"taxonomy":"product_tag","embeddable":true,"href":"https:\/\/www.autonvaraosahaku.fi\/index.php?rest_route=%2Fwp%2Fv2%2Fproduct_tag&post=12380"}],"curies":[{"name":"wp","href":"https:\/\/api.w.org\/{rel}","templated":true}]}}