{"id":12382,"date":"2021-02-21T14:14:35","date_gmt":"2021-02-21T14:14:35","guid":{"rendered":"https:\/\/www.autonvaraosahaku.fi\/?product=master-sport-17786-set-ms-alapallonivel"},"modified":"2021-02-21T14:14:36","modified_gmt":"2021-02-21T14:14:36","slug":"master-sport-17786-set-ms-alapallonivel","status":"publish","type":"product","link":"https:\/\/www.autonvaraosahaku.fi\/?product=master-sport-17786-set-ms-alapallonivel","title":{"rendered":"MASTER-SPORT 17786-SET-MS Alapallonivel"},"content":{"rendered":"<p>Asennuspuoli: Etuakseli, Alla, Molemminpuolin; Lis\u00e4tarvike\/lis\u00e4tieto: Tarvikkeilla; Lukum\u00e4\u00e4r\u00e4 akselille: 2; Nettopaino [kg]: 0,6; Bruttopaino [kg]: 0,64; Valmistusvuosi alkaen: 01\/1994; MAZDA: 121 III JASM, JBSM; FORD: FIESTA V JH_, JD_,FIESTA IV JA_, JB_,KA RB_,STREET KA RL2,FIESTA III GFJ,PUMA EC_,FIESTA Kasten J5_, J3_,FIESTA Kasten JV_,KA Van RB,FIESTA Kasten F3L, F5L,FIESTA Kasten FVD; 1030025, 1047797, 1679398, 94FB3395A1B, 94FB3395A2B, 94FB3B376AA, 94FB3B376AB, ME96FB3395AA; Pallonivel<\/p>\n","protected":false},"excerpt":{"rendered":"<p>MASTER-SPORT Alapallonivel 17786-SET-MS Pallonivel MAZDA,FORD,121 III JASM, JBSM,FIESTA V JH_, JD_,FIESTA IV JA_, JB_,KA RB_,STREET KA RL2<\/p>\n","protected":false},"featured_media":0,"template":"","meta":{"site-sidebar-layout":"default","site-content-layout":"default","ast-global-header-display":"","ast-main-header-display":"","ast-hfb-above-header-display":"","ast-hfb-below-header-display":"","ast-hfb-mobile-header-display":"","site-post-title":"","ast-breadcrumbs-content":"","ast-featured-img":"","footer-sml-layout":"","theme-transparent-header-meta":"","adv-header-id-meta":"","stick-header-meta":"","header-above-stick-meta":"","header-main-stick-meta":"","header-below-stick-meta":""},"pwb-brand":[61],"product_cat":[93],"product_tag":[],"class_list":{"0":"post-12382","1":"product","2":"type-product","3":"status-publish","5":"pwb-brand-master-sport","6":"product_cat-alapallonivel","7":"desktop-align-left","8":"tablet-align-left","9":"mobile-align-left","11":"first","12":"instock","13":"product-type-external"},"brands":[{"id":61,"name":"MASTER-SPORT","slug":"master-sport"}],"_links":{"self":[{"href":"https:\/\/www.autonvaraosahaku.fi\/index.php?rest_route=\/wp\/v2\/product\/12382","targetHints":{"allow":["GET"]}}],"collection":[{"href":"https:\/\/www.autonvaraosahaku.fi\/index.php?rest_route=\/wp\/v2\/product"}],"about":[{"href":"https:\/\/www.autonvaraosahaku.fi\/index.php?rest_route=\/wp\/v2\/types\/product"}],"wp:attachment":[{"href":"https:\/\/www.autonvaraosahaku.fi\/index.php?rest_route=%2Fwp%2Fv2%2Fmedia&parent=12382"}],"wp:term":[{"taxonomy":"pwb-brand","embeddable":true,"href":"https:\/\/www.autonvaraosahaku.fi\/index.php?rest_route=%2Fwp%2Fv2%2Fpwb-brand&post=12382"},{"taxonomy":"product_cat","embeddable":true,"href":"https:\/\/www.autonvaraosahaku.fi\/index.php?rest_route=%2Fwp%2Fv2%2Fproduct_cat&post=12382"},{"taxonomy":"product_tag","embeddable":true,"href":"https:\/\/www.autonvaraosahaku.fi\/index.php?rest_route=%2Fwp%2Fv2%2Fproduct_tag&post=12382"}],"curies":[{"name":"wp","href":"https:\/\/api.w.org\/{rel}","templated":true}]}}