{"id":12385,"date":"2021-02-21T14:14:35","date_gmt":"2021-02-21T14:14:35","guid":{"rendered":"https:\/\/www.autonvaraosahaku.fi\/?product=master-sport-170908-pcs-ms-iskunvaimennin"},"modified":"2021-02-21T14:14:36","modified_gmt":"2021-02-21T14:14:36","slug":"master-sport-170908-pcs-ms-iskunvaimennin","status":"publish","type":"product","link":"https:\/\/www.autonvaraosahaku.fi\/?product=master-sport-170908-pcs-ms-iskunvaimennin","title":{"rendered":"MASTER-SPORT 170908-PCS-MS Iskunvaimennin"},"content":{"rendered":"<p>Iskunvaimennin tyyppi: \u00d6ljypaine; Iskunvaimennin malli: Joustintuki; Iskunvaimennusj\u00e4rjestelm\u00e4: Kaksiputki; Lukum\u00e4\u00e4r\u00e4 akselille: 2; Nettopaino [kg]: 2,91; Bruttopaino [kg]: 3,43; Valmistusvuosi alkaen: 01\/1994; FORD: FIESTA III GFJ,FIESTA Kasten F3L, F5L; 5030062, 5030063, 5030066, 5030067, 7135672, 94FB18045AA, 94FB18045AB, 94FB18045BA, 94FB18045BB, 94FB18045EA, 94FB18045EB, 94FB18045FA, 94FB18045FB, 94FX18045AB, 94FX18045BB, 94FX18045EB; Iskarit,Iskunvaimennin<\/p>\n","protected":false},"excerpt":{"rendered":"<p>MASTER-SPORT Iskunvaimentimet 170908-PCS-MS Iskarit,Iskunvaimennin FORD,FIESTA III GFJ,FIESTA Kasten F3L, F5L<\/p>\n","protected":false},"featured_media":0,"template":"","meta":{"site-sidebar-layout":"default","site-content-layout":"default","ast-global-header-display":"","ast-main-header-display":"","ast-hfb-above-header-display":"","ast-hfb-below-header-display":"","ast-hfb-mobile-header-display":"","site-post-title":"","ast-breadcrumbs-content":"","ast-featured-img":"","footer-sml-layout":"","theme-transparent-header-meta":"","adv-header-id-meta":"","stick-header-meta":"","header-above-stick-meta":"","header-main-stick-meta":"","header-below-stick-meta":""},"pwb-brand":[61],"product_cat":[80],"product_tag":[],"class_list":{"0":"post-12385","1":"product","2":"type-product","3":"status-publish","5":"pwb-brand-master-sport","6":"product_cat-iskunvaimennin","7":"desktop-align-left","8":"tablet-align-left","9":"mobile-align-left","11":"first","12":"instock","13":"product-type-external"},"brands":[{"id":61,"name":"MASTER-SPORT","slug":"master-sport"}],"_links":{"self":[{"href":"https:\/\/www.autonvaraosahaku.fi\/index.php?rest_route=\/wp\/v2\/product\/12385","targetHints":{"allow":["GET"]}}],"collection":[{"href":"https:\/\/www.autonvaraosahaku.fi\/index.php?rest_route=\/wp\/v2\/product"}],"about":[{"href":"https:\/\/www.autonvaraosahaku.fi\/index.php?rest_route=\/wp\/v2\/types\/product"}],"wp:attachment":[{"href":"https:\/\/www.autonvaraosahaku.fi\/index.php?rest_route=%2Fwp%2Fv2%2Fmedia&parent=12385"}],"wp:term":[{"taxonomy":"pwb-brand","embeddable":true,"href":"https:\/\/www.autonvaraosahaku.fi\/index.php?rest_route=%2Fwp%2Fv2%2Fpwb-brand&post=12385"},{"taxonomy":"product_cat","embeddable":true,"href":"https:\/\/www.autonvaraosahaku.fi\/index.php?rest_route=%2Fwp%2Fv2%2Fproduct_cat&post=12385"},{"taxonomy":"product_tag","embeddable":true,"href":"https:\/\/www.autonvaraosahaku.fi\/index.php?rest_route=%2Fwp%2Fv2%2Fproduct_tag&post=12385"}],"curies":[{"name":"wp","href":"https:\/\/api.w.org\/{rel}","templated":true}]}}