{"id":12388,"date":"2021-02-21T14:14:35","date_gmt":"2021-02-21T14:14:35","guid":{"rendered":"https:\/\/www.autonvaraosahaku.fi\/?product=maxgear-54-0745-hihnankiristin"},"modified":"2021-02-21T14:14:37","modified_gmt":"2021-02-21T14:14:37","slug":"maxgear-54-0745-hihnankiristin","status":"publish","type":"product","link":"https:\/\/www.autonvaraosahaku.fi\/?product=maxgear-54-0745-hihnankiristin","title":{"rendered":"MAXGEAR 54-0745 Hihnankiristin"},"content":{"rendered":"<p>Hihnapy\u00f6r\u00e4-\u00d8[mm]: 65,2; Korkeus 1 (mm): 26,7; Korkeus 2 (mm): 87,5; Paino [kg]: 1,01; RENAULT: ESPACE III JE0_,LAGUNA I B56_, 556_,LAGUNA I Grandtour K56_,SAFRANE II B54_; 7700106708, 7700872550; Hihnankiristin, Moniurahihna<\/p>\n","protected":false},"excerpt":{"rendered":"<p>MAXGEAR Hihnankiristin 54-0745 Hihnankiristin, Moniurahihna RENAULT,ESPACE III JE0_,LAGUNA I B56_, 556_,LAGUNA I Grandtour K56_,SAFRANE II B54_<\/p>\n","protected":false},"featured_media":0,"template":"","meta":{"site-sidebar-layout":"default","site-content-layout":"default","ast-global-header-display":"","ast-main-header-display":"","ast-hfb-above-header-display":"","ast-hfb-below-header-display":"","ast-hfb-mobile-header-display":"","site-post-title":"","ast-breadcrumbs-content":"","ast-featured-img":"","footer-sml-layout":"","theme-transparent-header-meta":"","adv-header-id-meta":"","stick-header-meta":"","header-above-stick-meta":"","header-main-stick-meta":"","header-below-stick-meta":""},"pwb-brand":[48],"product_cat":[186],"product_tag":[],"class_list":{"0":"post-12388","1":"product","2":"type-product","3":"status-publish","5":"pwb-brand-maxgear","6":"product_cat-hihnankiristin","7":"desktop-align-left","8":"tablet-align-left","9":"mobile-align-left","11":"first","12":"instock","13":"product-type-external"},"brands":[{"id":48,"name":"MAXGEAR","slug":"maxgear"}],"_links":{"self":[{"href":"https:\/\/www.autonvaraosahaku.fi\/index.php?rest_route=\/wp\/v2\/product\/12388","targetHints":{"allow":["GET"]}}],"collection":[{"href":"https:\/\/www.autonvaraosahaku.fi\/index.php?rest_route=\/wp\/v2\/product"}],"about":[{"href":"https:\/\/www.autonvaraosahaku.fi\/index.php?rest_route=\/wp\/v2\/types\/product"}],"wp:attachment":[{"href":"https:\/\/www.autonvaraosahaku.fi\/index.php?rest_route=%2Fwp%2Fv2%2Fmedia&parent=12388"}],"wp:term":[{"taxonomy":"pwb-brand","embeddable":true,"href":"https:\/\/www.autonvaraosahaku.fi\/index.php?rest_route=%2Fwp%2Fv2%2Fpwb-brand&post=12388"},{"taxonomy":"product_cat","embeddable":true,"href":"https:\/\/www.autonvaraosahaku.fi\/index.php?rest_route=%2Fwp%2Fv2%2Fproduct_cat&post=12388"},{"taxonomy":"product_tag","embeddable":true,"href":"https:\/\/www.autonvaraosahaku.fi\/index.php?rest_route=%2Fwp%2Fv2%2Fproduct_tag&post=12388"}],"curies":[{"name":"wp","href":"https:\/\/api.w.org\/{rel}","templated":true}]}}