{"id":12391,"date":"2021-02-21T14:14:35","date_gmt":"2021-02-21T14:14:35","guid":{"rendered":"https:\/\/www.autonvaraosahaku.fi\/?product=maxgear-54-0741-hihnankiristin"},"modified":"2021-02-21T14:14:37","modified_gmt":"2021-02-21T14:14:37","slug":"maxgear-54-0741-hihnankiristin","status":"publish","type":"product","link":"https:\/\/www.autonvaraosahaku.fi\/?product=maxgear-54-0741-hihnankiristin","title":{"rendered":"MAXGEAR 54-0741 Hihnankiristin"},"content":{"rendered":"<p>Hihnapy\u00f6r\u00e4-\u00d8[mm]: 60,2; Korkeus 1 (mm): 25,5; Korkeus 2 (mm): 106; Paino [kg]: 0,98; VOLVO: V40 Kombi VW,S40 I VS; RENAULT: SC\u00c9NIC I JA0\/1_,ESPACE III JE0_,MEGANE Scenic JA0\/1_,MEGANE I BA0\/1_,MEGANE I Grandtour KA0\/1_,LAGUNA I B56_, 556_,LAGUNA I Grandtour K56_,MEGANE I Classic LA0\/1_,MEGANE I Coach DA0\/1_; MITSUBISHI: CARISMA DA_,CARISMA Stufenheck DA_; MD852898, 7700102395, 30852898; Hihnankiristin, Moniurahihna<\/p>\n","protected":false},"excerpt":{"rendered":"<p>MAXGEAR Hihnankiristin 54-0741 Hihnankiristin, Moniurahihna VOLVO,RENAULT,MITSUBISHI,V40 Kombi VW,S40 I VS,SC\u00c9NIC I JA0\/1_,ESPACE III JE0_<\/p>\n","protected":false},"featured_media":0,"template":"","meta":{"site-sidebar-layout":"default","site-content-layout":"default","ast-global-header-display":"","ast-main-header-display":"","ast-hfb-above-header-display":"","ast-hfb-below-header-display":"","ast-hfb-mobile-header-display":"","site-post-title":"","ast-breadcrumbs-content":"","ast-featured-img":"","footer-sml-layout":"","theme-transparent-header-meta":"","adv-header-id-meta":"","stick-header-meta":"","header-above-stick-meta":"","header-main-stick-meta":"","header-below-stick-meta":""},"pwb-brand":[48],"product_cat":[186],"product_tag":[],"class_list":{"0":"post-12391","1":"product","2":"type-product","3":"status-publish","5":"pwb-brand-maxgear","6":"product_cat-hihnankiristin","7":"desktop-align-left","8":"tablet-align-left","9":"mobile-align-left","11":"first","12":"instock","13":"product-type-external"},"brands":[{"id":48,"name":"MAXGEAR","slug":"maxgear"}],"_links":{"self":[{"href":"https:\/\/www.autonvaraosahaku.fi\/index.php?rest_route=\/wp\/v2\/product\/12391","targetHints":{"allow":["GET"]}}],"collection":[{"href":"https:\/\/www.autonvaraosahaku.fi\/index.php?rest_route=\/wp\/v2\/product"}],"about":[{"href":"https:\/\/www.autonvaraosahaku.fi\/index.php?rest_route=\/wp\/v2\/types\/product"}],"wp:attachment":[{"href":"https:\/\/www.autonvaraosahaku.fi\/index.php?rest_route=%2Fwp%2Fv2%2Fmedia&parent=12391"}],"wp:term":[{"taxonomy":"pwb-brand","embeddable":true,"href":"https:\/\/www.autonvaraosahaku.fi\/index.php?rest_route=%2Fwp%2Fv2%2Fpwb-brand&post=12391"},{"taxonomy":"product_cat","embeddable":true,"href":"https:\/\/www.autonvaraosahaku.fi\/index.php?rest_route=%2Fwp%2Fv2%2Fproduct_cat&post=12391"},{"taxonomy":"product_tag","embeddable":true,"href":"https:\/\/www.autonvaraosahaku.fi\/index.php?rest_route=%2Fwp%2Fv2%2Fproduct_tag&post=12391"}],"curies":[{"name":"wp","href":"https:\/\/api.w.org\/{rel}","templated":true}]}}