{"id":12393,"date":"2021-02-21T14:14:35","date_gmt":"2021-02-21T14:14:35","guid":{"rendered":"https:\/\/www.autonvaraosahaku.fi\/?product=seim-102463-pissapojan-pumppu"},"modified":"2021-02-21T14:14:37","modified_gmt":"2021-02-21T14:14:37","slug":"seim-102463-pissapojan-pumppu","status":"publish","type":"product","link":"https:\/\/www.autonvaraosahaku.fi\/?product=seim-102463-pissapojan-pumppu","title":{"rendered":"SEIM 102463 Pissapojan pumppu"},"content":{"rendered":"<p>J\u00e4nnite (V): 12; Asennuspuoli: Edess\u00e4; K\u00e4ytt\u00f6: S\u00e4hk\u00f6inen; Varusteet: Autoihin ilman takalasin pyyhint\u00e4; Pumpputyyppi: Pumppu, (monopumppu); Organisaationumerosta: 08851; VW: GOLF II 19E, 1G1,TRANSPORTER V Bus 7HB, 7HJ, 7EB, 7EJ, 7EF,GOLF I Cabriolet 155,TRANSPORTER V Kasten 7HA, 7HH, 7EA, 7EH,CORRADO 53I,SCIROCCO 53B,VENTO 1H2,LT 28-35 I Kasten 281-363,GOLF I 17,LT 28-35 I Bus 281-363,CADDY I 14,LT 28-46 II Kasten 2DA, 2DD, 2DH,JETTA II 19E, 1G2, 165,TRANSPORTER V Pritsche\/Fahrgestell 7JD, 7JE, 7JL, 7JY, 7JZ,,PASSAT Variant 32B,LT 28-35 II Bus 2DB, 2DE, 2DK,LT 28-46 II Pritsche\/Fahrgestell 2DC, 2DF, 2DG, 2DL, 2DM,LT 28-35 I Pritsche\/Fahrgestell 281-363,PASSAT 32B,LT 40-55 I Pritsche\/Fahrgestell 293-909,SCIROCCO 53,JETTA I 16,DERBY 86C, 80,PASSAT 32,LT 40-55 I Kasten 291-512,DERBY 86,PASSAT Stufenheck 32B,PASSAT Variant 33,SANTANA 32B; AUDI: 100 44, 44Q, C3,COUPE 89, 8B,80 81, 85, B2,90 89, 89Q, 8A, B3,80 80, 82, B1,90 81, 85, B2,200 Avant 44, 44Q; BMW: 3 E30,5 E28,7 E23; SEAT: TOLEDO I 1L; LADA: NIVA 2121,NIVA II 2123,SAMARA 2108, 2109, 2115, 2113, 2114; VOLVO: 850 Kombi LW,940 II Kombi 945,940 Kombi 945,740 Kombi 745,850 LS,960 II Kombi 965,740 744,960 II 964,940 944,760 704, 764,960 Kombi 965,760 Kombi 704, 765,940 II 944,960 964; SAAB: 9000 Schr\u00e4gheck,900 I Cabriolet,900 I Combi Coupe,900 I AC4, AM4,90; MERCEDES-BENZ: G-CLASS W463,VITO Bus 638,G-CLASS W460,SPRINTER 3-t Kasten 903,SPRINTER 2-t Bus 901, 902,V-CLASS 638\/2,G-CLASS W461,SPRINTER 2-t Kasten 901, 902,SPRINTER 3-t Bus 903,SPRINTER 3-t Pritsche\/Fahrgestell 903,VITO Kasten 638,SPRINTER 4-t Pritsche\/Fahrgestell 904,SPRINTER 2-t Pritsche\/Fahrgestell 901, 902,SPRINTER 4-t Kasten 904,SPRINTER 4-t Bus 904; OPEL: OMEGA A 16_, 17_, 19_,ASTRA F CC 53_, 54_, 58_, 59_,OMEGA B Caravan 21_, 22_, 23_,OMEGA B 25_, 26_, 27_,ASTRA F Caravan 51_, 52_,VECTRA A 86_, 87_,ASTRA F Cabriolet 53_B,ASTRA F 56_, 57_,KADETT E CC 33_, 34_, 43_, 44_,CORSA A CC 93_, 94_, 98_, 99_,KADETT C Coupe,MANTA B 58_, 59_,VECTRA A CC 88_, 89_,KADETT C,KADETT E Cabriolet 43B_,REKORD E 17_-19_, 11_, 14_, 16_,SENATOR B 29_,SENATOR A 29_,OMEGA A Caravan 66_, 67_,CORSA A TR 91_, 92_, 96_, 97_,KADETT D 31_-34_, 41_-44_,KADETT E 39_, 49_,KADETT E Caravan 35_, 36_, 45_, 46_,MANTA B CC 53_, 55_,KADETT C City,ASTRA F Van 55_,REKORD E Caravan 61_, 66_, 67_,KADETT D 32_,37_,39, _42,KADETT C Caravan,KADETT D Caravan 35_, 36_, 45_, 46_,KADETT E Kasten 37_, 47_,KADETT E Combo 38_, 48_; LANCIA: LYBRA SW 839BX,KAPPA 838A,LYBRA 839AX,KAPPA SW 838B,KAPPA Coupe 838,DEDRA 835; 46760972, 431955651, 61661368589, 643474, 46443793, 46760972, 6153469, 2108520800920, 46760972, 0008603326, 6388600126, 1450174, 643474, 8593477, 1L0955681, 431955651; Pesurin Pumppu,Lasinpesurin Pumppu,Pesunestepumppu, Lasinpesu<\/p>\n","protected":false},"excerpt":{"rendered":"<p>SEIM Pissapojan Pumppu 102463 Pesurin Pumppu,Lasinpesurin Pumppu VW,AUDI,BMW,GOLF II 19E, 1G1,TRANSPORTER V Bus 7HB, 7HJ, 7EB, 7EJ, 7EF<\/p>\n","protected":false},"featured_media":0,"template":"","meta":{"site-sidebar-layout":"default","site-content-layout":"default","ast-global-header-display":"","ast-main-header-display":"","ast-hfb-above-header-display":"","ast-hfb-below-header-display":"","ast-hfb-mobile-header-display":"","site-post-title":"","ast-breadcrumbs-content":"","ast-featured-img":"","footer-sml-layout":"","theme-transparent-header-meta":"","adv-header-id-meta":"","stick-header-meta":"","header-above-stick-meta":"","header-main-stick-meta":"","header-below-stick-meta":""},"pwb-brand":[191],"product_cat":[182],"product_tag":[],"class_list":{"0":"post-12393","1":"product","2":"type-product","3":"status-publish","5":"pwb-brand-seim","6":"product_cat-pissapojan-pumppu","7":"desktop-align-left","8":"tablet-align-left","9":"mobile-align-left","11":"first","12":"instock","13":"product-type-external"},"brands":[{"id":191,"name":"SEIM","slug":"seim"}],"_links":{"self":[{"href":"https:\/\/www.autonvaraosahaku.fi\/index.php?rest_route=\/wp\/v2\/product\/12393","targetHints":{"allow":["GET"]}}],"collection":[{"href":"https:\/\/www.autonvaraosahaku.fi\/index.php?rest_route=\/wp\/v2\/product"}],"about":[{"href":"https:\/\/www.autonvaraosahaku.fi\/index.php?rest_route=\/wp\/v2\/types\/product"}],"wp:attachment":[{"href":"https:\/\/www.autonvaraosahaku.fi\/index.php?rest_route=%2Fwp%2Fv2%2Fmedia&parent=12393"}],"wp:term":[{"taxonomy":"pwb-brand","embeddable":true,"href":"https:\/\/www.autonvaraosahaku.fi\/index.php?rest_route=%2Fwp%2Fv2%2Fpwb-brand&post=12393"},{"taxonomy":"product_cat","embeddable":true,"href":"https:\/\/www.autonvaraosahaku.fi\/index.php?rest_route=%2Fwp%2Fv2%2Fproduct_cat&post=12393"},{"taxonomy":"product_tag","embeddable":true,"href":"https:\/\/www.autonvaraosahaku.fi\/index.php?rest_route=%2Fwp%2Fv2%2Fproduct_tag&post=12393"}],"curies":[{"name":"wp","href":"https:\/\/api.w.org\/{rel}","templated":true}]}}