{"id":12431,"date":"2021-02-21T14:14:43","date_gmt":"2021-02-21T14:14:43","guid":{"rendered":"https:\/\/www.autonvaraosahaku.fi\/?product=meyle-100-498-0685-vetoakseli"},"modified":"2021-02-21T14:14:44","modified_gmt":"2021-02-21T14:14:44","slug":"meyle-100-498-0685-vetoakseli","status":"publish","type":"product","link":"https:\/\/www.autonvaraosahaku.fi\/?product=meyle-100-498-0685-vetoakseli","title":{"rendered":"MEYLE 100 498 0685 Vetoakseli"},"content":{"rendered":"<p>Asennuspuoli: Etuakseli, oikea; Ulkohammastus, py\u00f6r\u00e4npuoli: 36; Sis\u00e4hammastus, py\u00f6r\u00e4npuoli: 27; Pituus (mm): 806; Tiivisteen l\u00e4pimitta [mm]: 53; Pantiton uusi osa: ; parilliset tuotenumerot: 100 498 0627; lis\u00e4tieto: ORIGINAL Quality; VW: GOLF IV 1J1,GOLF IV Variant 1J5,BORA 1J2,BORA Kombi 1J6; AUDI: A3 8L1; SKODA: OCTAVIA Combi 1U5,OCTAVIA 1U2; SEAT: LEON 1M1,TOLEDO II 1M2; 1J0407272BJ, 1J0407272GD, 1J0407272KT, 1J0407452KX, 1J0407452QX, 1J0407272KT, 1J0407452KX, 1J0407452QX, 1J0407454DX, JZW407452X, 1J0407272KT, 1J0407452QX, 1J0407272GD, 1J0407272KT, 1J0407452KX, 1J0407452QX, 1J0407454DX, JZW407452X<\/p>\n","protected":false},"excerpt":{"rendered":"<p>MEYLE Vetoakseli 100 498 0685  VW,AUDI,SKODA,GOLF IV 1J1,GOLF IV Variant 1J5,BORA 1J2,BORA Kombi 1J6,A3 8L1,OCTAVIA Combi 1U5,OCTAVIA 1U2,LEON 1M1<\/p>\n","protected":false},"featured_media":0,"template":"","meta":{"site-sidebar-layout":"default","site-content-layout":"default","ast-global-header-display":"","ast-main-header-display":"","ast-hfb-above-header-display":"","ast-hfb-below-header-display":"","ast-hfb-mobile-header-display":"","site-post-title":"","ast-breadcrumbs-content":"","ast-featured-img":"","footer-sml-layout":"","theme-transparent-header-meta":"","adv-header-id-meta":"","stick-header-meta":"","header-above-stick-meta":"","header-main-stick-meta":"","header-below-stick-meta":""},"pwb-brand":[84],"product_cat":[215],"product_tag":[],"class_list":{"0":"post-12431","1":"product","2":"type-product","3":"status-publish","5":"pwb-brand-meyle","6":"product_cat-vetoakseli","7":"desktop-align-left","8":"tablet-align-left","9":"mobile-align-left","11":"first","12":"instock","13":"product-type-external"},"brands":[{"id":84,"name":"MEYLE","slug":"meyle"}],"_links":{"self":[{"href":"https:\/\/www.autonvaraosahaku.fi\/index.php?rest_route=\/wp\/v2\/product\/12431","targetHints":{"allow":["GET"]}}],"collection":[{"href":"https:\/\/www.autonvaraosahaku.fi\/index.php?rest_route=\/wp\/v2\/product"}],"about":[{"href":"https:\/\/www.autonvaraosahaku.fi\/index.php?rest_route=\/wp\/v2\/types\/product"}],"wp:attachment":[{"href":"https:\/\/www.autonvaraosahaku.fi\/index.php?rest_route=%2Fwp%2Fv2%2Fmedia&parent=12431"}],"wp:term":[{"taxonomy":"pwb-brand","embeddable":true,"href":"https:\/\/www.autonvaraosahaku.fi\/index.php?rest_route=%2Fwp%2Fv2%2Fpwb-brand&post=12431"},{"taxonomy":"product_cat","embeddable":true,"href":"https:\/\/www.autonvaraosahaku.fi\/index.php?rest_route=%2Fwp%2Fv2%2Fproduct_cat&post=12431"},{"taxonomy":"product_tag","embeddable":true,"href":"https:\/\/www.autonvaraosahaku.fi\/index.php?rest_route=%2Fwp%2Fv2%2Fproduct_tag&post=12431"}],"curies":[{"name":"wp","href":"https:\/\/api.w.org\/{rel}","templated":true}]}}