{"id":12447,"date":"2021-02-21T14:14:46","date_gmt":"2021-02-21T14:14:46","guid":{"rendered":"https:\/\/www.autonvaraosahaku.fi\/?product=nrf-31247-oljynjaahdytin"},"modified":"2021-02-21T14:14:47","modified_gmt":"2021-02-21T14:14:47","slug":"nrf-31247-oljynjaahdytin","status":"publish","type":"product","link":"https:\/\/www.autonvaraosahaku.fi\/?product=nrf-31247-oljynjaahdytin","title":{"rendered":"NRF 31247 \u00d6ljynj\u00e4\u00e4hdytin"},"content":{"rendered":"<p>J\u00e4\u00e4hdytystapa: Vesij\u00e4\u00e4hdytteinen; Materiaali: Ruostumaton ter\u00e4s; Paksuus [mm]: 50; Leveys (mm): 100; Korkeus (mm): 120; Valmistusvuosi alkaen: 04\/1994; RENAULT: CLIO II BB0\/1\/2_, CB0\/1\/2_,SC\u00c9NIC II JM0\/1_,KANGOO KC0\/1_,LAGUNA II Grandtour KG0\/1_,MEGANE II Kombi KM0\/1_,SC\u00c9NIC I JA0\/1_,MEGANE II Coup\u00e9-Cabriolet EM0\/1_,ESPACE III JE0_,LAGUNA II BG0\/1_,MEGANE II BM0\/1_, CM0\/1_,MEGANE I BA0\/1_,GRAND SC\u00c9NIC II JM0\/1_,MEGANE I Grandtour KA0\/1_,LAGUNA I B56_, 556_,LAGUNA I Grandtour K56_,MEGANE II Stufenheck LM0\/1_,MEGANE I Classic LA0\/1_,MEGANE I Coach DA0\/1_,VEL SATIS BJ0_,CLIO II Kasten SB0\/1\/2_,RAPID Kasten F40_, G40_,SAFRANE II B54_,AVANTIME DE0_,EXPRESS Pick-up,MEGANE II Kasten\/Kombi KM_,EXPRESS Kasten\/Kombi; 7433507371, 7700114039, 7700852778; \u00d6ljynlauhdutin,Moottori\u00f6ljyn J\u00e4\u00e4hdytin<\/p>\n","protected":false},"excerpt":{"rendered":"<p>NRF \u00d6ljynj\u00e4\u00e4hdytin 31247 \u00d6ljynlauhdutin,Moottori\u00f6ljyn J\u00e4\u00e4hdytin RENAULT,CLIO II BB0\/1\/2_, CB0\/1\/2_,SC\u00c9NIC II JM0\/1_,KANGOO KC0\/1_<\/p>\n","protected":false},"featured_media":0,"template":"","meta":{"site-sidebar-layout":"default","site-content-layout":"default","ast-global-header-display":"","ast-main-header-display":"","ast-hfb-above-header-display":"","ast-hfb-below-header-display":"","ast-hfb-mobile-header-display":"","site-post-title":"","ast-breadcrumbs-content":"","ast-featured-img":"","footer-sml-layout":"","theme-transparent-header-meta":"","adv-header-id-meta":"","stick-header-meta":"","header-above-stick-meta":"","header-main-stick-meta":"","header-below-stick-meta":""},"pwb-brand":[85],"product_cat":[244],"product_tag":[],"class_list":{"0":"post-12447","1":"product","2":"type-product","3":"status-publish","5":"pwb-brand-nrf","6":"product_cat-oljynjaahdytin","7":"desktop-align-left","8":"tablet-align-left","9":"mobile-align-left","11":"first","12":"instock","13":"product-type-external"},"brands":[{"id":85,"name":"NRF","slug":"nrf"}],"_links":{"self":[{"href":"https:\/\/www.autonvaraosahaku.fi\/index.php?rest_route=\/wp\/v2\/product\/12447","targetHints":{"allow":["GET"]}}],"collection":[{"href":"https:\/\/www.autonvaraosahaku.fi\/index.php?rest_route=\/wp\/v2\/product"}],"about":[{"href":"https:\/\/www.autonvaraosahaku.fi\/index.php?rest_route=\/wp\/v2\/types\/product"}],"wp:attachment":[{"href":"https:\/\/www.autonvaraosahaku.fi\/index.php?rest_route=%2Fwp%2Fv2%2Fmedia&parent=12447"}],"wp:term":[{"taxonomy":"pwb-brand","embeddable":true,"href":"https:\/\/www.autonvaraosahaku.fi\/index.php?rest_route=%2Fwp%2Fv2%2Fpwb-brand&post=12447"},{"taxonomy":"product_cat","embeddable":true,"href":"https:\/\/www.autonvaraosahaku.fi\/index.php?rest_route=%2Fwp%2Fv2%2Fproduct_cat&post=12447"},{"taxonomy":"product_tag","embeddable":true,"href":"https:\/\/www.autonvaraosahaku.fi\/index.php?rest_route=%2Fwp%2Fv2%2Fproduct_tag&post=12447"}],"curies":[{"name":"wp","href":"https:\/\/api.w.org\/{rel}","templated":true}]}}