{"id":12452,"date":"2021-02-21T14:14:46","date_gmt":"2021-02-21T14:14:46","guid":{"rendered":"https:\/\/www.autonvaraosahaku.fi\/?product=original-imperium-30812-muut-luokat"},"modified":"2021-02-21T14:14:48","modified_gmt":"2021-02-21T14:14:48","slug":"original-imperium-30812-muut-luokat","status":"publish","type":"product","link":"https:\/\/www.autonvaraosahaku.fi\/?product=original-imperium-30812-muut-luokat","title":{"rendered":"ORIGINAL IMPERIUM 30812 Muut luokat"},"content":{"rendered":"<p>Erittely: bearing IMPERGOM; Tarvittava kappalem\u00e4\u00e4r\u00e4: 1; Korvaava tuote\/korvaava tiedote 2: Kuulalaakerilla; Paino [g]: 410; Sis\u00e4l\u00e4pimitta [mm]: 30; Rakennemalli: Coupe Cabrio; BMW: 3 E46,5 E39,3 Touring E46,5 Touring E39,3 Coupe E46,3 Compact E36,3 E36,3 Coupe E36,Z3 E36,5 E34,3 Cabriolet E36,3 Touring E36,5 Touring E34,3 Touring E30,Z3 Coupe E36; 7903090234, 26121103728, 26121209590, 26121225071, 26121226731, 26121229089, 324703, 324703, 7903090234, 7903090234, 0019811225, 0029812925, 0039812325, 0089814325, A0019811225, A0029812925, A0039812325, A0089814325, 324703<\/p>\n","protected":false},"excerpt":{"rendered":"<p>ORIGINAL IMPERIUM Ripustus, Kardaaniakseli 30812  BMW,3 E46,5 E39,3 Touring E46,5 Touring E39,3 Coupe E46,3 Compact E36,3 E36,3 Coupe E36,Z3 E36,5 E34<\/p>\n","protected":false},"featured_media":0,"template":"","meta":{"site-sidebar-layout":"default","site-content-layout":"default","ast-global-header-display":"","ast-main-header-display":"","ast-hfb-above-header-display":"","ast-hfb-below-header-display":"","ast-hfb-mobile-header-display":"","site-post-title":"","ast-breadcrumbs-content":"","ast-featured-img":"","footer-sml-layout":"","theme-transparent-header-meta":"","adv-header-id-meta":"","stick-header-meta":"","header-above-stick-meta":"","header-main-stick-meta":"","header-below-stick-meta":""},"pwb-brand":[72],"product_cat":[37],"product_tag":[],"class_list":{"0":"post-12452","1":"product","2":"type-product","3":"status-publish","5":"pwb-brand-original-imperium","6":"product_cat-muut-luokat","7":"desktop-align-left","8":"tablet-align-left","9":"mobile-align-left","11":"first","12":"instock","13":"product-type-external"},"brands":[{"id":72,"name":"ORIGINAL IMPERIUM","slug":"original-imperium"}],"_links":{"self":[{"href":"https:\/\/www.autonvaraosahaku.fi\/index.php?rest_route=\/wp\/v2\/product\/12452","targetHints":{"allow":["GET"]}}],"collection":[{"href":"https:\/\/www.autonvaraosahaku.fi\/index.php?rest_route=\/wp\/v2\/product"}],"about":[{"href":"https:\/\/www.autonvaraosahaku.fi\/index.php?rest_route=\/wp\/v2\/types\/product"}],"wp:attachment":[{"href":"https:\/\/www.autonvaraosahaku.fi\/index.php?rest_route=%2Fwp%2Fv2%2Fmedia&parent=12452"}],"wp:term":[{"taxonomy":"pwb-brand","embeddable":true,"href":"https:\/\/www.autonvaraosahaku.fi\/index.php?rest_route=%2Fwp%2Fv2%2Fpwb-brand&post=12452"},{"taxonomy":"product_cat","embeddable":true,"href":"https:\/\/www.autonvaraosahaku.fi\/index.php?rest_route=%2Fwp%2Fv2%2Fproduct_cat&post=12452"},{"taxonomy":"product_tag","embeddable":true,"href":"https:\/\/www.autonvaraosahaku.fi\/index.php?rest_route=%2Fwp%2Fv2%2Fproduct_tag&post=12452"}],"curies":[{"name":"wp","href":"https:\/\/api.w.org\/{rel}","templated":true}]}}