{"id":12462,"date":"2021-02-21T14:14:50","date_gmt":"2021-02-21T14:14:50","guid":{"rendered":"https:\/\/www.autonvaraosahaku.fi\/?product=original-imperium-30329-kallistuksenvakaajan-puslat"},"modified":"2021-02-21T14:14:50","modified_gmt":"2021-02-21T14:14:50","slug":"original-imperium-30329-kallistuksenvakaajan-puslat","status":"publish","type":"product","link":"https:\/\/www.autonvaraosahaku.fi\/?product=original-imperium-30329-kallistuksenvakaajan-puslat","title":{"rendered":"ORIGINAL IMPERIUM 30329 Kallistuksenvakaajan puslat"},"content":{"rendered":"<p>V\u00e4ri: Valkoinen; Paino [g]: 37; Sis\u00e4l\u00e4pimitta [mm]: 20; Asennuspuoli: Vorderachse; CITRO\u00cbN: AX ZA-_,C15 VD-_; PEUGEOT: 205 II 20A\/C,309 II 3C, 3A,205 I 741A\/C,309 I 10C, 10A,205 Kasten; 509436, 509436, 509436; Kallistuksenvakaajan Kumit,Vakaajan Hela<\/p>\n","protected":false},"excerpt":{"rendered":"<p>ORIGINAL IMPERIUM Kallistuksenvakaajan Puslat 30329 Kallistuksenvakaajan Kumit,Vakaajan Hela CITRO\u00cbN,PEUGEOT,AX ZA-_,C15 VD-_,205 II 20A\/C<\/p>\n","protected":false},"featured_media":0,"template":"","meta":{"site-sidebar-layout":"default","site-content-layout":"default","ast-global-header-display":"","ast-main-header-display":"","ast-hfb-above-header-display":"","ast-hfb-below-header-display":"","ast-hfb-mobile-header-display":"","site-post-title":"","ast-breadcrumbs-content":"","ast-featured-img":"","footer-sml-layout":"","theme-transparent-header-meta":"","adv-header-id-meta":"","stick-header-meta":"","header-above-stick-meta":"","header-main-stick-meta":"","header-below-stick-meta":""},"pwb-brand":[72],"product_cat":[82],"product_tag":[],"class_list":{"0":"post-12462","1":"product","2":"type-product","3":"status-publish","5":"pwb-brand-original-imperium","6":"product_cat-kallistuksenvakaajan-puslat","7":"desktop-align-left","8":"tablet-align-left","9":"mobile-align-left","11":"first","12":"instock","13":"product-type-external"},"brands":[{"id":72,"name":"ORIGINAL IMPERIUM","slug":"original-imperium"}],"_links":{"self":[{"href":"https:\/\/www.autonvaraosahaku.fi\/index.php?rest_route=\/wp\/v2\/product\/12462","targetHints":{"allow":["GET"]}}],"collection":[{"href":"https:\/\/www.autonvaraosahaku.fi\/index.php?rest_route=\/wp\/v2\/product"}],"about":[{"href":"https:\/\/www.autonvaraosahaku.fi\/index.php?rest_route=\/wp\/v2\/types\/product"}],"wp:attachment":[{"href":"https:\/\/www.autonvaraosahaku.fi\/index.php?rest_route=%2Fwp%2Fv2%2Fmedia&parent=12462"}],"wp:term":[{"taxonomy":"pwb-brand","embeddable":true,"href":"https:\/\/www.autonvaraosahaku.fi\/index.php?rest_route=%2Fwp%2Fv2%2Fpwb-brand&post=12462"},{"taxonomy":"product_cat","embeddable":true,"href":"https:\/\/www.autonvaraosahaku.fi\/index.php?rest_route=%2Fwp%2Fv2%2Fproduct_cat&post=12462"},{"taxonomy":"product_tag","embeddable":true,"href":"https:\/\/www.autonvaraosahaku.fi\/index.php?rest_route=%2Fwp%2Fv2%2Fproduct_tag&post=12462"}],"curies":[{"name":"wp","href":"https:\/\/api.w.org\/{rel}","templated":true}]}}