{"id":12464,"date":"2021-02-21T14:14:50","date_gmt":"2021-02-21T14:14:50","guid":{"rendered":"https:\/\/www.autonvaraosahaku.fi\/?product=original-imperium-30236-muut-luokat"},"modified":"2021-02-21T14:14:51","modified_gmt":"2021-02-21T14:14:51","slug":"original-imperium-30236-muut-luokat","status":"publish","type":"product","link":"https:\/\/www.autonvaraosahaku.fi\/?product=original-imperium-30236-muut-luokat","title":{"rendered":"ORIGINAL IMPERIUM 30236 Muut luokat"},"content":{"rendered":"<p>Tarvittava kappalem\u00e4\u00e4r\u00e4: 6; Paino [g]: 95; RENAULT: TWINGO I C06_,SC\u00c9NIC I JA0\/1_,MEGANE Scenic JA0\/1_,MEGANE I Cabriolet EA0\/1_,CLIO I B\/C57_, 5\/357_,TWINGO I Kasten S06_,MEGANE I Coach DA0\/1_,19 II B\/C53_,19 II Cabriolet D53_, 853_,SUPER 5 B\/C40_,RAPID Kasten F40_, G40_,19 I B\/C53_,9 L42_,19 II Chamade L53_,11 B\/C37_,19 I Chamade L53_,CLIO I Kasten S57_,11 Kasten S37_,19 II Kasten S53_,19 I Kasten S53_,SUPER 5 Kasten S40_; 7701464111<\/p>\n","protected":false},"excerpt":{"rendered":"<p>ORIGINAL IMPERIUM Korjaussarja Kytkinvipu 30236  RENAULT,TWINGO I C06_,SC\u00c9NIC I JA0\/1_,MEGANE Scenic JA0\/1_,MEGANE I Cabriolet EA0\/1_<\/p>\n","protected":false},"featured_media":0,"template":"","meta":{"site-sidebar-layout":"default","site-content-layout":"default","ast-global-header-display":"","ast-main-header-display":"","ast-hfb-above-header-display":"","ast-hfb-below-header-display":"","ast-hfb-mobile-header-display":"","site-post-title":"","ast-breadcrumbs-content":"","ast-featured-img":"","footer-sml-layout":"","theme-transparent-header-meta":"","adv-header-id-meta":"","stick-header-meta":"","header-above-stick-meta":"","header-main-stick-meta":"","header-below-stick-meta":""},"pwb-brand":[72],"product_cat":[37],"product_tag":[],"class_list":{"0":"post-12464","1":"product","2":"type-product","3":"status-publish","5":"pwb-brand-original-imperium","6":"product_cat-muut-luokat","7":"desktop-align-left","8":"tablet-align-left","9":"mobile-align-left","11":"first","12":"instock","13":"product-type-external"},"brands":[{"id":72,"name":"ORIGINAL IMPERIUM","slug":"original-imperium"}],"_links":{"self":[{"href":"https:\/\/www.autonvaraosahaku.fi\/index.php?rest_route=\/wp\/v2\/product\/12464","targetHints":{"allow":["GET"]}}],"collection":[{"href":"https:\/\/www.autonvaraosahaku.fi\/index.php?rest_route=\/wp\/v2\/product"}],"about":[{"href":"https:\/\/www.autonvaraosahaku.fi\/index.php?rest_route=\/wp\/v2\/types\/product"}],"wp:attachment":[{"href":"https:\/\/www.autonvaraosahaku.fi\/index.php?rest_route=%2Fwp%2Fv2%2Fmedia&parent=12464"}],"wp:term":[{"taxonomy":"pwb-brand","embeddable":true,"href":"https:\/\/www.autonvaraosahaku.fi\/index.php?rest_route=%2Fwp%2Fv2%2Fpwb-brand&post=12464"},{"taxonomy":"product_cat","embeddable":true,"href":"https:\/\/www.autonvaraosahaku.fi\/index.php?rest_route=%2Fwp%2Fv2%2Fproduct_cat&post=12464"},{"taxonomy":"product_tag","embeddable":true,"href":"https:\/\/www.autonvaraosahaku.fi\/index.php?rest_route=%2Fwp%2Fv2%2Fproduct_tag&post=12464"}],"curies":[{"name":"wp","href":"https:\/\/api.w.org\/{rel}","templated":true}]}}