{"id":12465,"date":"2021-02-21T14:14:50","date_gmt":"2021-02-21T14:14:50","guid":{"rendered":"https:\/\/www.autonvaraosahaku.fi\/?product=maxgear-19-0821-jarrulevyt"},"modified":"2021-02-21T14:14:51","modified_gmt":"2021-02-21T14:14:51","slug":"maxgear-19-0821-jarrulevyt","status":"publish","type":"product","link":"https:\/\/www.autonvaraosahaku.fi\/?product=maxgear-19-0821-jarrulevyt","title":{"rendered":"MAXGEAR 19-0821 Jarrulevyt"},"content":{"rendered":"<p>Asennuspuoli: Etuakseli; L\u00e4pimitta [mm]: 238,7; Jarrulevyn paksuus (mm): 18; Jarrulevytyyppi: Tuuletettu, sis\u00e4; Reikien m\u00e4\u00e4r\u00e4: 5; V\u00e4himm\u00e4ispaksuus (mm): 16; Korkeus (mm): 34,9; Py\u00f6r\u00e4nnapa-\u00d8 (mm): 65; Valmistusvuoteen: 06\/2014; VW: POLO 9N_,FOX 5Z1, 5Z3,POLO Stufenheck 9A4; SKODA: FABIA Combi 6Y5,FABIA,FABIA 6Y2,FABIA Combi,FABIA Stufenheck 6Y3,FABIA Praktik; 6Q0615301, 6Q0615301A; Jarrulevy<\/p>\n","protected":false},"excerpt":{"rendered":"<p>MAXGEAR Jarrulevyt 19-0821 Jarrulevy VW,SKODA,POLO 9N_,FOX 5Z1, 5Z3,POLO Stufenheck 9A4,FABIA Combi 6Y5,FABIA,FABIA 6Y2,FABIA Combi<\/p>\n","protected":false},"featured_media":0,"template":"","meta":{"site-sidebar-layout":"default","site-content-layout":"default","ast-global-header-display":"","ast-main-header-display":"","ast-hfb-above-header-display":"","ast-hfb-below-header-display":"","ast-hfb-mobile-header-display":"","site-post-title":"","ast-breadcrumbs-content":"","ast-featured-img":"","footer-sml-layout":"","theme-transparent-header-meta":"","adv-header-id-meta":"","stick-header-meta":"","header-above-stick-meta":"","header-main-stick-meta":"","header-below-stick-meta":""},"pwb-brand":[48],"product_cat":[66],"product_tag":[],"class_list":{"0":"post-12465","1":"product","2":"type-product","3":"status-publish","5":"pwb-brand-maxgear","6":"product_cat-jarrulevyt","7":"desktop-align-left","8":"tablet-align-left","9":"mobile-align-left","11":"first","12":"instock","13":"product-type-external"},"brands":[{"id":48,"name":"MAXGEAR","slug":"maxgear"}],"_links":{"self":[{"href":"https:\/\/www.autonvaraosahaku.fi\/index.php?rest_route=\/wp\/v2\/product\/12465","targetHints":{"allow":["GET"]}}],"collection":[{"href":"https:\/\/www.autonvaraosahaku.fi\/index.php?rest_route=\/wp\/v2\/product"}],"about":[{"href":"https:\/\/www.autonvaraosahaku.fi\/index.php?rest_route=\/wp\/v2\/types\/product"}],"wp:attachment":[{"href":"https:\/\/www.autonvaraosahaku.fi\/index.php?rest_route=%2Fwp%2Fv2%2Fmedia&parent=12465"}],"wp:term":[{"taxonomy":"pwb-brand","embeddable":true,"href":"https:\/\/www.autonvaraosahaku.fi\/index.php?rest_route=%2Fwp%2Fv2%2Fpwb-brand&post=12465"},{"taxonomy":"product_cat","embeddable":true,"href":"https:\/\/www.autonvaraosahaku.fi\/index.php?rest_route=%2Fwp%2Fv2%2Fproduct_cat&post=12465"},{"taxonomy":"product_tag","embeddable":true,"href":"https:\/\/www.autonvaraosahaku.fi\/index.php?rest_route=%2Fwp%2Fv2%2Fproduct_tag&post=12465"}],"curies":[{"name":"wp","href":"https:\/\/api.w.org\/{rel}","templated":true}]}}