{"id":12476,"date":"2021-02-21T14:14:50","date_gmt":"2021-02-21T14:14:50","guid":{"rendered":"https:\/\/www.autonvaraosahaku.fi\/?product=original-imperium-30055-vetonivelen-suojakumi"},"modified":"2021-02-21T14:14:52","modified_gmt":"2021-02-21T14:14:52","slug":"original-imperium-30055-vetonivelen-suojakumi","status":"publish","type":"product","link":"https:\/\/www.autonvaraosahaku.fi\/?product=original-imperium-30055-vetonivelen-suojakumi","title":{"rendered":"ORIGINAL IMPERIUM 30055 Vetonivelen suojakumi"},"content":{"rendered":"<p>Korkeus (mm): 100; Materiaali: Kumi; Paino [g]: 70; Tarvittava kappalem\u00e4\u00e4r\u00e4: 2; Asennuspuoli: Py\u00f6r\u00e4n puoli; L\u00e4pimitta 1 [mm]: 20; L\u00e4pimitta 2 [mm]: 68; Moottorinumero: 1,3 CFI; FORD: FIESTA IV JA_, JB_,KA RB_,FIESTA III GFJ,ESCORT VII GAL, AAL, ABL,ESCORT VII Kombi GAL, ANL,ESCORT VII Cabriolet ALL,ESCORT VI GAL,FIESTA I GFBT,ESCORT IV GAF, AWF, ABFT,FIESTA II FBD,ESCORT &#8217;95 Express AVL,ESCORT II ATH,ESCORT III GAA,FIESTA Kasten J5_, J3_,ESCORT I AFH, ATH,ESCORT V GAL,ESCORT VII Stufenheck GAL, AFL,ESCORT III Cabriolet ALD,ESCORT VI Kombi GAL,ESCORT VI Stufenheck GAL,ORION II AFF,ESCORT IV Kombi AWF, AVF,ESCORT &#8217;86 Express AVF,ESCORT V Kombi GAL, AVL,ESCORT &#8217;91 Express AVL,ORION III GAL,ESCORT II Kombi,ESCORT III Kombi AWA,ESCORT I Kombi ADH,ESCORT &#8217;81 Express AVA; INNOCENTI: MINI; 556021105, 556021105, 1016756, 1073801, 6028724, 77TT3A331AA, 556021105, 556021105; Vetoakselin Suojakumi,Paljekumi, Vetoakseli<\/p>\n","protected":false},"excerpt":{"rendered":"<p>ORIGINAL IMPERIUM Vetonivelen Suojakumi 30055 Vetoakselin Suojakumi,Paljekumi, Vetoakseli FORD,INNOCENTI,FIESTA IV JA_, JB_,KA RB_,FIESTA III GFJ<\/p>\n","protected":false},"featured_media":0,"template":"","meta":{"site-sidebar-layout":"default","site-content-layout":"default","ast-global-header-display":"","ast-main-header-display":"","ast-hfb-above-header-display":"","ast-hfb-below-header-display":"","ast-hfb-mobile-header-display":"","site-post-title":"","ast-breadcrumbs-content":"","ast-featured-img":"","footer-sml-layout":"","theme-transparent-header-meta":"","adv-header-id-meta":"","stick-header-meta":"","header-above-stick-meta":"","header-main-stick-meta":"","header-below-stick-meta":""},"pwb-brand":[72],"product_cat":[42],"product_tag":[],"class_list":{"0":"post-12476","1":"product","2":"type-product","3":"status-publish","5":"pwb-brand-original-imperium","6":"product_cat-vetonivelen-suojakumi","7":"desktop-align-left","8":"tablet-align-left","9":"mobile-align-left","11":"first","12":"instock","13":"product-type-external"},"brands":[{"id":72,"name":"ORIGINAL IMPERIUM","slug":"original-imperium"}],"_links":{"self":[{"href":"https:\/\/www.autonvaraosahaku.fi\/index.php?rest_route=\/wp\/v2\/product\/12476","targetHints":{"allow":["GET"]}}],"collection":[{"href":"https:\/\/www.autonvaraosahaku.fi\/index.php?rest_route=\/wp\/v2\/product"}],"about":[{"href":"https:\/\/www.autonvaraosahaku.fi\/index.php?rest_route=\/wp\/v2\/types\/product"}],"wp:attachment":[{"href":"https:\/\/www.autonvaraosahaku.fi\/index.php?rest_route=%2Fwp%2Fv2%2Fmedia&parent=12476"}],"wp:term":[{"taxonomy":"pwb-brand","embeddable":true,"href":"https:\/\/www.autonvaraosahaku.fi\/index.php?rest_route=%2Fwp%2Fv2%2Fpwb-brand&post=12476"},{"taxonomy":"product_cat","embeddable":true,"href":"https:\/\/www.autonvaraosahaku.fi\/index.php?rest_route=%2Fwp%2Fv2%2Fproduct_cat&post=12476"},{"taxonomy":"product_tag","embeddable":true,"href":"https:\/\/www.autonvaraosahaku.fi\/index.php?rest_route=%2Fwp%2Fv2%2Fproduct_tag&post=12476"}],"curies":[{"name":"wp","href":"https:\/\/api.w.org\/{rel}","templated":true}]}}