{"id":12487,"date":"2021-02-21T14:14:53","date_gmt":"2021-02-21T14:14:53","guid":{"rendered":"https:\/\/www.autonvaraosahaku.fi\/?product=master-sport-37076s-pcs-ms-alatukivarsi"},"modified":"2021-02-21T14:14:54","modified_gmt":"2021-02-21T14:14:54","slug":"master-sport-37076s-pcs-ms-alatukivarsi","status":"publish","type":"product","link":"https:\/\/www.autonvaraosahaku.fi\/?product=master-sport-37076s-pcs-ms-alatukivarsi","title":{"rendered":"MASTER-SPORT 37076S-PCS-MS Alatukivarsi"},"content":{"rendered":"<p>Asennuspuoli: Etuakseli, vasen, Alla, Takana; Materiaali: Alumiini; Ohjausmalli: Poikittaistukivarsi; Ulkol\u00e4pimitta [mm]: 65,0; parilliset tuotenumerot: 37077S-PCS-MS; Lukum\u00e4\u00e4r\u00e4 akselille: 1; Nettopaino [kg]: 2,52; Bruttopaino [kg]: 2,57; Moottorinumero: CABD; AUDI: A4 Avant 8K5, B8,A4 8K2, B8,Q5 8R,A5 8T3,A5 Sportback 8TA,A4 Allroad 8KH, B8,A5 Cabriolet 8F7; 8K0407693F, 8K0407693FS1, 8K0407693H, 8K0407693HS1, 8k0407693K, 8K0407693KS1, 8K0407693N, 8K0407693NS1; Tukivarsi,Tukivarsi, Py\u00f6r\u00e4ntuenta<\/p>\n","protected":false},"excerpt":{"rendered":"<p>MASTER-SPORT Alatukivarsi 37076S-PCS-MS Tukivarsi,Tukivarsi, Py\u00f6r\u00e4ntuenta AUDI,A4 Avant 8K5, B8,A4 8K2, B8,Q5 8R,A5 8T3,A5 Sportback 8TA<\/p>\n","protected":false},"featured_media":0,"template":"","meta":{"site-sidebar-layout":"default","site-content-layout":"default","ast-global-header-display":"","ast-main-header-display":"","ast-hfb-above-header-display":"","ast-hfb-below-header-display":"","ast-hfb-mobile-header-display":"","site-post-title":"","ast-breadcrumbs-content":"","ast-featured-img":"","footer-sml-layout":"","theme-transparent-header-meta":"","adv-header-id-meta":"","stick-header-meta":"","header-above-stick-meta":"","header-main-stick-meta":"","header-below-stick-meta":""},"pwb-brand":[61],"product_cat":[62],"product_tag":[],"class_list":{"0":"post-12487","1":"product","2":"type-product","3":"status-publish","5":"pwb-brand-master-sport","6":"product_cat-alatukivarsi","7":"desktop-align-left","8":"tablet-align-left","9":"mobile-align-left","11":"first","12":"instock","13":"product-type-external"},"brands":[{"id":61,"name":"MASTER-SPORT","slug":"master-sport"}],"_links":{"self":[{"href":"https:\/\/www.autonvaraosahaku.fi\/index.php?rest_route=\/wp\/v2\/product\/12487","targetHints":{"allow":["GET"]}}],"collection":[{"href":"https:\/\/www.autonvaraosahaku.fi\/index.php?rest_route=\/wp\/v2\/product"}],"about":[{"href":"https:\/\/www.autonvaraosahaku.fi\/index.php?rest_route=\/wp\/v2\/types\/product"}],"wp:attachment":[{"href":"https:\/\/www.autonvaraosahaku.fi\/index.php?rest_route=%2Fwp%2Fv2%2Fmedia&parent=12487"}],"wp:term":[{"taxonomy":"pwb-brand","embeddable":true,"href":"https:\/\/www.autonvaraosahaku.fi\/index.php?rest_route=%2Fwp%2Fv2%2Fpwb-brand&post=12487"},{"taxonomy":"product_cat","embeddable":true,"href":"https:\/\/www.autonvaraosahaku.fi\/index.php?rest_route=%2Fwp%2Fv2%2Fproduct_cat&post=12487"},{"taxonomy":"product_tag","embeddable":true,"href":"https:\/\/www.autonvaraosahaku.fi\/index.php?rest_route=%2Fwp%2Fv2%2Fproduct_tag&post=12487"}],"curies":[{"name":"wp","href":"https:\/\/api.w.org\/{rel}","templated":true}]}}