{"id":12501,"date":"2021-02-21T14:14:57","date_gmt":"2021-02-21T14:14:57","guid":{"rendered":"https:\/\/www.autonvaraosahaku.fi\/?product=febi-bilstein-49881-vetonivelen-suojakumi"},"modified":"2021-02-21T14:14:57","modified_gmt":"2021-02-21T14:14:57","slug":"febi-bilstein-49881-vetonivelen-suojakumi","status":"publish","type":"product","link":"https:\/\/www.autonvaraosahaku.fi\/?product=febi-bilstein-49881-vetonivelen-suojakumi","title":{"rendered":"FEBI BILSTEIN 49881 Vetonivelen suojakumi"},"content":{"rendered":"<p>Pituus (mm): 117; Materiaali: Thermoplast; Asennuspuoli: Py\u00f6r\u00e4n puoli, Etuakseli; Paino [kg]: 0,195; Sis\u00e4l\u00e4pimitta 1 [mm]: 26,2; Sis\u00e4l\u00e4pimitta 2 [mm]: 80,4; Huomioi huolto-ohjeet: , ; Moottorinumero: F9Q; RENAULT: CLIO II BB0\/1\/2_, CB0\/1\/2_,KANGOO KC0\/1_,LAGUNA II Grandtour KG0\/1_,MEGANE II Kombi KM0\/1_,MEGANE II Coup\u00e9-Cabriolet EM0\/1_,LAGUNA II BG0\/1_,MEGANE II BM0\/1_, CM0\/1_,MEGANE I BA0\/1_,KANGOO Express FC0\/1_,MEGANE II Stufenheck LM0\/1_,CLIO II Kasten SB0\/1\/2_,THALIA I LB0\/1\/2_,THALIA II LU1\/2_; 7701209241<\/p>\n","protected":false},"excerpt":{"rendered":"<p>FEBI BILSTEIN Paljekumisarja, Vetoakseli 49881  RENAULT,CLIO II BB0\/1\/2_, CB0\/1\/2_,KANGOO KC0\/1_,LAGUNA II Grandtour KG0\/1_,MEGANE II Kombi KM0\/1_<\/p>\n","protected":false},"featured_media":0,"template":"","meta":{"site-sidebar-layout":"default","site-content-layout":"default","ast-global-header-display":"","ast-main-header-display":"","ast-hfb-above-header-display":"","ast-hfb-below-header-display":"","ast-hfb-mobile-header-display":"","site-post-title":"","ast-breadcrumbs-content":"","ast-featured-img":"","footer-sml-layout":"","theme-transparent-header-meta":"","adv-header-id-meta":"","stick-header-meta":"","header-above-stick-meta":"","header-main-stick-meta":"","header-below-stick-meta":""},"pwb-brand":[50],"product_cat":[42],"product_tag":[],"class_list":{"0":"post-12501","1":"product","2":"type-product","3":"status-publish","5":"pwb-brand-febi-bilstein","6":"product_cat-vetonivelen-suojakumi","7":"desktop-align-left","8":"tablet-align-left","9":"mobile-align-left","11":"first","12":"instock","13":"product-type-external"},"brands":[{"id":50,"name":"FEBI BILSTEIN","slug":"febi-bilstein"}],"_links":{"self":[{"href":"https:\/\/www.autonvaraosahaku.fi\/index.php?rest_route=\/wp\/v2\/product\/12501","targetHints":{"allow":["GET"]}}],"collection":[{"href":"https:\/\/www.autonvaraosahaku.fi\/index.php?rest_route=\/wp\/v2\/product"}],"about":[{"href":"https:\/\/www.autonvaraosahaku.fi\/index.php?rest_route=\/wp\/v2\/types\/product"}],"wp:attachment":[{"href":"https:\/\/www.autonvaraosahaku.fi\/index.php?rest_route=%2Fwp%2Fv2%2Fmedia&parent=12501"}],"wp:term":[{"taxonomy":"pwb-brand","embeddable":true,"href":"https:\/\/www.autonvaraosahaku.fi\/index.php?rest_route=%2Fwp%2Fv2%2Fpwb-brand&post=12501"},{"taxonomy":"product_cat","embeddable":true,"href":"https:\/\/www.autonvaraosahaku.fi\/index.php?rest_route=%2Fwp%2Fv2%2Fproduct_cat&post=12501"},{"taxonomy":"product_tag","embeddable":true,"href":"https:\/\/www.autonvaraosahaku.fi\/index.php?rest_route=%2Fwp%2Fv2%2Fproduct_tag&post=12501"}],"curies":[{"name":"wp","href":"https:\/\/api.w.org\/{rel}","templated":true}]}}