{"id":12535,"date":"2021-02-21T14:15:01","date_gmt":"2021-02-21T14:15:01","guid":{"rendered":"https:\/\/www.autonvaraosahaku.fi\/?product=master-sport-34755b-set-ms-raidetangon-paa"},"modified":"2021-02-21T14:15:03","modified_gmt":"2021-02-21T14:15:03","slug":"master-sport-34755b-set-ms-raidetangon-paa","status":"publish","type":"product","link":"https:\/\/www.autonvaraosahaku.fi\/?product=master-sport-34755b-set-ms-raidetangon-paa","title":{"rendered":"MASTER-SPORT 34755B-SET-MS Raidetangon p\u00e4\u00e4"},"content":{"rendered":"<p>Asennuspuoli: Etuakseli, Oikea; Pituus (mm): 181; Ulkokierre 1 [mm]: M10x1,25; Sis\u00e4kierre (mm): M14x1,5; Lukum\u00e4\u00e4r\u00e4 akselille: 1; parilliset tuotenumerot: 34756B-SET-MS; Nettopaino [kg]: 0,62; Bruttopaino [kg]: 0,62; RENAULT: KOLEOS HY_; NISSAN: QASHQAI \/ QASHQAI +2 J10, JJ10,X-TRAIL T31,QASHQAI J11, J11_; 48527JD01A, D8520JG00A, D8520JY00A, D8E20JG00A, D8520JY00A, D8520JY00A<\/p>\n","protected":false},"excerpt":{"rendered":"<p>MASTER-SPORT Raidetangon P\u00e4\u00e4 34755B-SET-MS  RENAULT,NISSAN,KOLEOS HY_,QASHQAI \/ QASHQAI +2 J10, JJ10,X-TRAIL T31,QASHQAI J11, J11_<\/p>\n","protected":false},"featured_media":0,"template":"","meta":{"site-sidebar-layout":"default","site-content-layout":"default","ast-global-header-display":"","ast-main-header-display":"","ast-hfb-above-header-display":"","ast-hfb-below-header-display":"","ast-hfb-mobile-header-display":"","site-post-title":"","ast-breadcrumbs-content":"","ast-featured-img":"","footer-sml-layout":"","theme-transparent-header-meta":"","adv-header-id-meta":"","stick-header-meta":"","header-above-stick-meta":"","header-main-stick-meta":"","header-below-stick-meta":""},"pwb-brand":[61],"product_cat":[96],"product_tag":[],"class_list":{"0":"post-12535","1":"product","2":"type-product","3":"status-publish","5":"pwb-brand-master-sport","6":"product_cat-raidetangon-paa","7":"desktop-align-left","8":"tablet-align-left","9":"mobile-align-left","11":"first","12":"instock","13":"product-type-external"},"brands":[{"id":61,"name":"MASTER-SPORT","slug":"master-sport"}],"_links":{"self":[{"href":"https:\/\/www.autonvaraosahaku.fi\/index.php?rest_route=\/wp\/v2\/product\/12535","targetHints":{"allow":["GET"]}}],"collection":[{"href":"https:\/\/www.autonvaraosahaku.fi\/index.php?rest_route=\/wp\/v2\/product"}],"about":[{"href":"https:\/\/www.autonvaraosahaku.fi\/index.php?rest_route=\/wp\/v2\/types\/product"}],"wp:attachment":[{"href":"https:\/\/www.autonvaraosahaku.fi\/index.php?rest_route=%2Fwp%2Fv2%2Fmedia&parent=12535"}],"wp:term":[{"taxonomy":"pwb-brand","embeddable":true,"href":"https:\/\/www.autonvaraosahaku.fi\/index.php?rest_route=%2Fwp%2Fv2%2Fpwb-brand&post=12535"},{"taxonomy":"product_cat","embeddable":true,"href":"https:\/\/www.autonvaraosahaku.fi\/index.php?rest_route=%2Fwp%2Fv2%2Fproduct_cat&post=12535"},{"taxonomy":"product_tag","embeddable":true,"href":"https:\/\/www.autonvaraosahaku.fi\/index.php?rest_route=%2Fwp%2Fv2%2Fproduct_tag&post=12535"}],"curies":[{"name":"wp","href":"https:\/\/api.w.org\/{rel}","templated":true}]}}