{"id":12548,"date":"2021-02-21T14:15:04","date_gmt":"2021-02-21T14:15:04","guid":{"rendered":"https:\/\/www.autonvaraosahaku.fi\/?product=ate-13-0460-7292-2-jarrupalat"},"modified":"2021-02-21T14:15:06","modified_gmt":"2021-02-21T14:15:06","slug":"ate-13-0460-7292-2-jarrupalat","status":"publish","type":"product","link":"https:\/\/www.autonvaraosahaku.fi\/?product=ate-13-0460-7292-2-jarrupalat","title":{"rendered":"ATE 13.0460-7292.2 Jarrupalat"},"content":{"rendered":"<p>Leveys 1 (mm): 155,1; Korkeus 1 (mm): 66,5; Paksuus 1 [mm]: 19,3; Leveys 2 (mm): 155,1; Korkeus 2 (mm): 72,0; Paksuus 2 [mm]: 18,3; Kulumisenilmaisimen liitos: Kulumisenilmaisemelle, Ilman kulumisenilmaisinta; Jarruj\u00e4rjestelm\u00e4: ATE; Tarkistuskilpi: E1 90R-01939\/906; MAPP-koodi saatavilla: ; M\u00e4\u00e4r\u00e4yksikk\u00f6: Akselisarja; Jarrulevyl\u00e4pimitalle [mm]: 326; JAGUAR: S-TYPE CCX,XF _J05_, CC9,XJ X350, X358,XF SPORTBRAKE CC9,XK Coupe QQ6_, _J43_,XK Cabriolet _J43_; C2C27290, C2C35612, C2C39929; Jarrupalasarja,Jarrupala, Levyjarru<\/p>\n","protected":false},"excerpt":{"rendered":"<p>ATE Jarrupalat 13.0460-7292.2 Jarrupalasarja,Jarrupala, Levyjarru JAGUAR,S-TYPE CCX,XF _J05_, CC9,XJ X350, X358,XF SPORTBRAKE CC9,XK Coupe QQ6_, _J43_<\/p>\n","protected":false},"featured_media":0,"template":"","meta":{"site-sidebar-layout":"default","site-content-layout":"default","ast-global-header-display":"","ast-main-header-display":"","ast-hfb-above-header-display":"","ast-hfb-below-header-display":"","ast-hfb-mobile-header-display":"","site-post-title":"","ast-breadcrumbs-content":"","ast-featured-img":"","footer-sml-layout":"","theme-transparent-header-meta":"","adv-header-id-meta":"","stick-header-meta":"","header-above-stick-meta":"","header-main-stick-meta":"","header-below-stick-meta":""},"pwb-brand":[108],"product_cat":[100],"product_tag":[],"class_list":{"0":"post-12548","1":"product","2":"type-product","3":"status-publish","5":"pwb-brand-ate","6":"product_cat-jarrupalat","7":"desktop-align-left","8":"tablet-align-left","9":"mobile-align-left","11":"first","12":"instock","13":"product-type-external"},"brands":[{"id":108,"name":"ATE","slug":"ate"}],"_links":{"self":[{"href":"https:\/\/www.autonvaraosahaku.fi\/index.php?rest_route=\/wp\/v2\/product\/12548","targetHints":{"allow":["GET"]}}],"collection":[{"href":"https:\/\/www.autonvaraosahaku.fi\/index.php?rest_route=\/wp\/v2\/product"}],"about":[{"href":"https:\/\/www.autonvaraosahaku.fi\/index.php?rest_route=\/wp\/v2\/types\/product"}],"wp:attachment":[{"href":"https:\/\/www.autonvaraosahaku.fi\/index.php?rest_route=%2Fwp%2Fv2%2Fmedia&parent=12548"}],"wp:term":[{"taxonomy":"pwb-brand","embeddable":true,"href":"https:\/\/www.autonvaraosahaku.fi\/index.php?rest_route=%2Fwp%2Fv2%2Fpwb-brand&post=12548"},{"taxonomy":"product_cat","embeddable":true,"href":"https:\/\/www.autonvaraosahaku.fi\/index.php?rest_route=%2Fwp%2Fv2%2Fproduct_cat&post=12548"},{"taxonomy":"product_tag","embeddable":true,"href":"https:\/\/www.autonvaraosahaku.fi\/index.php?rest_route=%2Fwp%2Fv2%2Fproduct_tag&post=12548"}],"curies":[{"name":"wp","href":"https:\/\/api.w.org\/{rel}","templated":true}]}}