{"id":12555,"date":"2021-02-21T14:15:04","date_gmt":"2021-02-21T14:15:04","guid":{"rendered":"https:\/\/www.autonvaraosahaku.fi\/?product=meyle-126-725-0017-iskunvaimennin"},"modified":"2021-02-21T14:15:06","modified_gmt":"2021-02-21T14:15:06","slug":"meyle-126-725-0017-iskunvaimennin","status":"publish","type":"product","link":"https:\/\/www.autonvaraosahaku.fi\/?product=meyle-126-725-0017-iskunvaimennin","title":{"rendered":"MEYLE 126 725 0017 Iskunvaimennin"},"content":{"rendered":"<p>Asennuspuoli: Taka-akseli; Iskunvaimennin tyyppi: Kaasupaine; Iskunvaimennusj\u00e4rjestelm\u00e4: Kaksiputki; Iskunvaimennin malli: Teleskooppi-iskunvaimentaja; Iskunvaimennin asennustapa: Tappi ylh\u00e4\u00e4ll\u00e4, Silmukka alhaalla; Kiinnityrreikien et\u00e4isyys [mm]: 59; lis\u00e4tieto: ORIGINAL Quality; Alustarakenne: f\u00fcr Fahrzeuge mit Sportfahrwerk; VW: GOLF VII 5G1, BE1,GOLF VII Kombi BA5,PASSAT Variant 3G5,GOLF SPORTSVAN AM1,TOURAN,TIGUAN AD1,PASSAT 3G2,PASSAT ALLTRACK 3G5,ARTEON 3H7; AUDI: A3 Sportback 8VA,A3 Limousine 8VS,A3 8V1,A3 Cabriolet 8V7; SKODA: OCTAVIA Combi 5E5,OCTAVIA 5E3,SUPERB Kombi 3V5,KODIAQ NS7,SUPERB 3V3; SEAT: LEON 5F1,LEON ST 5F8,LEON SC 5F5,ATECA KH7; 5Q0513029AS, 5Q0513029BK, 5Q0513029BM, 5Q0513029CJ, 5Q0513029CK, 5Q0513029CM, 5Q0513029EB, 5Q0513029EC, 5Q0513029EK, 5Q0513029EL, 5Q0513029GM, 5Q0513029GN, 5Q0513029HH, 5Q0513029HR, 5Q0513029CT, 5Q0513029DK, 5Q0513029DP, 5Q0513029DQ, 5Q0513029EP, 5Q0513029EQ, 5Q0513029FF, 5Q0513029GL, 5Q0513029HT, 3Q0513049FN, 3Q0513049FP, 3Q0513049FQ, 3Q0513049FR, 3Q0513049FS, 3Q0513049FT, 3Q0513049GA, 3Q0513049GB, 5Q0513029DT, 5Q0513029FB, 5Q0513029FC, 5Q0513029FN, 5Q0513029FP, 5Q0513029FQ, 5Q0513029GC, 5Q0513029GD, 5Q0513029HT, 5Q0513049DJ, 5Q0513049FF, 5QF513049AQ, 3Q0513049EC, 3Q0513049ED, 3Q0513049EE, 3Q0513049EF, 3Q0513049EG, 3Q0513049EH, 3Q0513049EJ, 3Q0513049EK, 3Q0513049EQ, 3Q0513049ER, 3Q0513049ES, 3Q0513049ET, 3Q0513049FA, 3Q0513049FB, 3Q0513049FC, 3Q0513049FD, 3Q0513049FE, 3Q0513049FF, 3Q0513049FG, 3Q0513049FH, 3Q0513049FJ, 3Q0513049FK, 3Q0513049FL, 3Q0513049FM, 3Q0513049GE, 3Q0513049GF, 3Q0513049GG, 3Q0513049GH, 3Q0513049GJ, 3Q0513049GK, 3Q0513049GL, 3Q0513049GQ, 3Q0513049GR, 3Q0513049G&#8230;; Iskarit,Iskunvaimennin<\/p>\n","protected":false},"excerpt":{"rendered":"<p>MEYLE Iskunvaimentimet 126 725 0017 Iskarit,Iskunvaimennin VW,AUDI,SKODA,GOLF VII 5G1, BE1,GOLF VII Kombi BA5,PASSAT Variant 3G5,GOLF SPORTSVAN AM1<\/p>\n","protected":false},"featured_media":0,"template":"","meta":{"site-sidebar-layout":"default","site-content-layout":"default","ast-global-header-display":"","ast-main-header-display":"","ast-hfb-above-header-display":"","ast-hfb-below-header-display":"","ast-hfb-mobile-header-display":"","site-post-title":"","ast-breadcrumbs-content":"","ast-featured-img":"","footer-sml-layout":"","theme-transparent-header-meta":"","adv-header-id-meta":"","stick-header-meta":"","header-above-stick-meta":"","header-main-stick-meta":"","header-below-stick-meta":""},"pwb-brand":[84],"product_cat":[80],"product_tag":[],"class_list":{"0":"post-12555","1":"product","2":"type-product","3":"status-publish","5":"pwb-brand-meyle","6":"product_cat-iskunvaimennin","7":"desktop-align-left","8":"tablet-align-left","9":"mobile-align-left","11":"first","12":"instock","13":"product-type-external"},"brands":[{"id":84,"name":"MEYLE","slug":"meyle"}],"_links":{"self":[{"href":"https:\/\/www.autonvaraosahaku.fi\/index.php?rest_route=\/wp\/v2\/product\/12555","targetHints":{"allow":["GET"]}}],"collection":[{"href":"https:\/\/www.autonvaraosahaku.fi\/index.php?rest_route=\/wp\/v2\/product"}],"about":[{"href":"https:\/\/www.autonvaraosahaku.fi\/index.php?rest_route=\/wp\/v2\/types\/product"}],"wp:attachment":[{"href":"https:\/\/www.autonvaraosahaku.fi\/index.php?rest_route=%2Fwp%2Fv2%2Fmedia&parent=12555"}],"wp:term":[{"taxonomy":"pwb-brand","embeddable":true,"href":"https:\/\/www.autonvaraosahaku.fi\/index.php?rest_route=%2Fwp%2Fv2%2Fpwb-brand&post=12555"},{"taxonomy":"product_cat","embeddable":true,"href":"https:\/\/www.autonvaraosahaku.fi\/index.php?rest_route=%2Fwp%2Fv2%2Fproduct_cat&post=12555"},{"taxonomy":"product_tag","embeddable":true,"href":"https:\/\/www.autonvaraosahaku.fi\/index.php?rest_route=%2Fwp%2Fv2%2Fproduct_tag&post=12555"}],"curies":[{"name":"wp","href":"https:\/\/api.w.org\/{rel}","templated":true}]}}