{"id":12568,"date":"2021-02-21T14:15:08","date_gmt":"2021-02-21T14:15:08","guid":{"rendered":"https:\/\/www.autonvaraosahaku.fi\/?product=nrf-33370-ilmastoinnin-kuivain"},"modified":"2021-02-21T14:15:10","modified_gmt":"2021-02-21T14:15:10","slug":"nrf-33370-ilmastoinnin-kuivain","status":"publish","type":"product","link":"https:\/\/www.autonvaraosahaku.fi\/?product=nrf-33370-ilmastoinnin-kuivain","title":{"rendered":"NRF 33370 Ilmastoinnin kuivain"},"content":{"rendered":"<p>Korvaava tuote\/korvaava tiedote 2: Liittimell\u00e4; Pakkaustyyppi: patruuna; Kylm\u00e4aine: R 134a; Materiaali: Muovi; L\u00e4pimitta [mm]: 25; Korkeus (mm): 200; Laatu \/ luokka: Easy Fit; lis\u00e4tieto: EASY FIT; Rakennemalli: Master T28; RENAULT: MEGANE III Grandtour KZ0\/1,MODUS \/ GRAND MODUS F\/JP0_,SC\u00c9NIC III JZ0\/1_,MEGANE III Schr\u00e4gheck BZ0_,GRAND SC\u00c9NIC III JZ0\/1_,MEGANE III Coupe DZ0\/1_,MASTER III Kasten FV,MEGANE CC EZ0\/1_,MASTER III Bus JV,MASTER III Pritsche\/Fahrgestell EV, HV, UV; 921921853R; Kuivain, Ilmastointilaite<\/p>\n","protected":false},"excerpt":{"rendered":"<p>NRF Ilmastoinnin Kuivain 33370 Kuivain, Ilmastointilaite RENAULT,MEGANE III Grandtour KZ0\/1,MODUS \/ GRAND MODUS F\/JP0_,SC\u00c9NIC III JZ0\/1_<\/p>\n","protected":false},"featured_media":0,"template":"","meta":{"site-sidebar-layout":"default","site-content-layout":"default","ast-global-header-display":"","ast-main-header-display":"","ast-hfb-above-header-display":"","ast-hfb-below-header-display":"","ast-hfb-mobile-header-display":"","site-post-title":"","ast-breadcrumbs-content":"","ast-featured-img":"","footer-sml-layout":"","theme-transparent-header-meta":"","adv-header-id-meta":"","stick-header-meta":"","header-above-stick-meta":"","header-main-stick-meta":"","header-below-stick-meta":""},"pwb-brand":[85],"product_cat":[318],"product_tag":[],"class_list":{"0":"post-12568","1":"product","2":"type-product","3":"status-publish","5":"pwb-brand-nrf","6":"product_cat-ilmastoinnin-kuivain","7":"desktop-align-left","8":"tablet-align-left","9":"mobile-align-left","11":"first","12":"instock","13":"product-type-external"},"brands":[{"id":85,"name":"NRF","slug":"nrf"}],"_links":{"self":[{"href":"https:\/\/www.autonvaraosahaku.fi\/index.php?rest_route=\/wp\/v2\/product\/12568","targetHints":{"allow":["GET"]}}],"collection":[{"href":"https:\/\/www.autonvaraosahaku.fi\/index.php?rest_route=\/wp\/v2\/product"}],"about":[{"href":"https:\/\/www.autonvaraosahaku.fi\/index.php?rest_route=\/wp\/v2\/types\/product"}],"wp:attachment":[{"href":"https:\/\/www.autonvaraosahaku.fi\/index.php?rest_route=%2Fwp%2Fv2%2Fmedia&parent=12568"}],"wp:term":[{"taxonomy":"pwb-brand","embeddable":true,"href":"https:\/\/www.autonvaraosahaku.fi\/index.php?rest_route=%2Fwp%2Fv2%2Fpwb-brand&post=12568"},{"taxonomy":"product_cat","embeddable":true,"href":"https:\/\/www.autonvaraosahaku.fi\/index.php?rest_route=%2Fwp%2Fv2%2Fproduct_cat&post=12568"},{"taxonomy":"product_tag","embeddable":true,"href":"https:\/\/www.autonvaraosahaku.fi\/index.php?rest_route=%2Fwp%2Fv2%2Fproduct_tag&post=12568"}],"curies":[{"name":"wp","href":"https:\/\/api.w.org\/{rel}","templated":true}]}}