{"id":12572,"date":"2021-02-21T14:15:08","date_gmt":"2021-02-21T14:15:08","guid":{"rendered":"https:\/\/www.autonvaraosahaku.fi\/?product=master-sport-12108-pcs-ms-alapallonivel"},"modified":"2021-02-21T14:15:10","modified_gmt":"2021-02-21T14:15:10","slug":"master-sport-12108-pcs-ms-alapallonivel","status":"publish","type":"product","link":"https:\/\/www.autonvaraosahaku.fi\/?product=master-sport-12108-pcs-ms-alapallonivel","title":{"rendered":"MASTER-SPORT 12108-PCS-MS Alapallonivel"},"content":{"rendered":"<p>Asennuspuoli: Etuakseli, Yl\u00e4puolella, Molemminpuolin; Lukum\u00e4\u00e4r\u00e4 akselille: 2; Nettopaino [kg]: 0,46; Bruttopaino [kg]: 0,52; Valmistusvuoteen: 12\/1982; DACIA: 1310 Stufenheck U, X,1300; RENAULT: 12,18 134_,17,18 Variable 135_,12 Variable 117_,15 130_,18 Kasten,12 Kasten; ALPINE: A310; 7701455905, 7701460885, 7701468820; Pallonivel<\/p>\n","protected":false},"excerpt":{"rendered":"<p>MASTER-SPORT Alapallonivel 12108-PCS-MS Pallonivel DACIA,RENAULT,ALPINE,1310 Stufenheck U, X,1300,12,18 134_,17,18 Variable 135_,12 Variable 117_<\/p>\n","protected":false},"featured_media":0,"template":"","meta":{"site-sidebar-layout":"default","site-content-layout":"default","ast-global-header-display":"","ast-main-header-display":"","ast-hfb-above-header-display":"","ast-hfb-below-header-display":"","ast-hfb-mobile-header-display":"","site-post-title":"","ast-breadcrumbs-content":"","ast-featured-img":"","footer-sml-layout":"","theme-transparent-header-meta":"","adv-header-id-meta":"","stick-header-meta":"","header-above-stick-meta":"","header-main-stick-meta":"","header-below-stick-meta":""},"pwb-brand":[61],"product_cat":[93],"product_tag":[],"class_list":{"0":"post-12572","1":"product","2":"type-product","3":"status-publish","5":"pwb-brand-master-sport","6":"product_cat-alapallonivel","7":"desktop-align-left","8":"tablet-align-left","9":"mobile-align-left","11":"first","12":"instock","13":"product-type-external"},"brands":[{"id":61,"name":"MASTER-SPORT","slug":"master-sport"}],"_links":{"self":[{"href":"https:\/\/www.autonvaraosahaku.fi\/index.php?rest_route=\/wp\/v2\/product\/12572","targetHints":{"allow":["GET"]}}],"collection":[{"href":"https:\/\/www.autonvaraosahaku.fi\/index.php?rest_route=\/wp\/v2\/product"}],"about":[{"href":"https:\/\/www.autonvaraosahaku.fi\/index.php?rest_route=\/wp\/v2\/types\/product"}],"wp:attachment":[{"href":"https:\/\/www.autonvaraosahaku.fi\/index.php?rest_route=%2Fwp%2Fv2%2Fmedia&parent=12572"}],"wp:term":[{"taxonomy":"pwb-brand","embeddable":true,"href":"https:\/\/www.autonvaraosahaku.fi\/index.php?rest_route=%2Fwp%2Fv2%2Fpwb-brand&post=12572"},{"taxonomy":"product_cat","embeddable":true,"href":"https:\/\/www.autonvaraosahaku.fi\/index.php?rest_route=%2Fwp%2Fv2%2Fproduct_cat&post=12572"},{"taxonomy":"product_tag","embeddable":true,"href":"https:\/\/www.autonvaraosahaku.fi\/index.php?rest_route=%2Fwp%2Fv2%2Fproduct_tag&post=12572"}],"curies":[{"name":"wp","href":"https:\/\/api.w.org\/{rel}","templated":true}]}}