{"id":12594,"date":"2021-02-21T14:15:12","date_gmt":"2021-02-21T14:15:12","guid":{"rendered":"https:\/\/www.autonvaraosahaku.fi\/?product=meyle-44-16-010-6313-tukivarren-hela"},"modified":"2021-02-21T14:15:14","modified_gmt":"2021-02-21T14:15:14","slug":"meyle-44-16-010-6313-tukivarren-hela","status":"publish","type":"product","link":"https:\/\/www.autonvaraosahaku.fi\/?product=meyle-44-16-010-6313-tukivarren-hela","title":{"rendered":"MEYLE 44-16 010 6313 Tukivarren hela"},"content":{"rendered":"<p>Asennuspuoli: Taka-akseli, vasen, Ulompi, Taka-akseli, oikea; Korkeus (mm): 48; Sis\u00e4l\u00e4pimitta [mm]: 14; Ulkol\u00e4pimitta [mm]: 40; lis\u00e4tieto: ORIGINAL Quality; CHRYSLER: 300 C Touring LX,300 C LX; LANCIA: THEMA LX; 04782598AC, 04782598AF, 04782598AG, K04782598AE, K04782598AF, K04782598AG<\/p>\n","protected":false},"excerpt":{"rendered":"<p>MEYLE Tukivarren Hela 44-16 010 6313  CHRYSLER,LANCIA,300 C Touring LX,300 C LX,THEMA LX<\/p>\n","protected":false},"featured_media":0,"template":"","meta":{"site-sidebar-layout":"default","site-content-layout":"default","ast-global-header-display":"","ast-main-header-display":"","ast-hfb-above-header-display":"","ast-hfb-below-header-display":"","ast-hfb-mobile-header-display":"","site-post-title":"","ast-breadcrumbs-content":"","ast-featured-img":"","footer-sml-layout":"","theme-transparent-header-meta":"","adv-header-id-meta":"","stick-header-meta":"","header-above-stick-meta":"","header-main-stick-meta":"","header-below-stick-meta":""},"pwb-brand":[84],"product_cat":[115],"product_tag":[],"class_list":{"0":"post-12594","1":"product","2":"type-product","3":"status-publish","5":"pwb-brand-meyle","6":"product_cat-tukivarren-hela","7":"desktop-align-left","8":"tablet-align-left","9":"mobile-align-left","11":"first","12":"instock","13":"product-type-external"},"brands":[{"id":84,"name":"MEYLE","slug":"meyle"}],"_links":{"self":[{"href":"https:\/\/www.autonvaraosahaku.fi\/index.php?rest_route=\/wp\/v2\/product\/12594","targetHints":{"allow":["GET"]}}],"collection":[{"href":"https:\/\/www.autonvaraosahaku.fi\/index.php?rest_route=\/wp\/v2\/product"}],"about":[{"href":"https:\/\/www.autonvaraosahaku.fi\/index.php?rest_route=\/wp\/v2\/types\/product"}],"wp:attachment":[{"href":"https:\/\/www.autonvaraosahaku.fi\/index.php?rest_route=%2Fwp%2Fv2%2Fmedia&parent=12594"}],"wp:term":[{"taxonomy":"pwb-brand","embeddable":true,"href":"https:\/\/www.autonvaraosahaku.fi\/index.php?rest_route=%2Fwp%2Fv2%2Fpwb-brand&post=12594"},{"taxonomy":"product_cat","embeddable":true,"href":"https:\/\/www.autonvaraosahaku.fi\/index.php?rest_route=%2Fwp%2Fv2%2Fproduct_cat&post=12594"},{"taxonomy":"product_tag","embeddable":true,"href":"https:\/\/www.autonvaraosahaku.fi\/index.php?rest_route=%2Fwp%2Fv2%2Fproduct_tag&post=12594"}],"curies":[{"name":"wp","href":"https:\/\/api.w.org\/{rel}","templated":true}]}}