{"id":12595,"date":"2021-02-21T14:15:12","date_gmt":"2021-02-21T14:15:12","guid":{"rendered":"https:\/\/www.autonvaraosahaku.fi\/?product=valeo-251758-kytkin-ohjausakseli"},"modified":"2021-02-21T14:15:14","modified_gmt":"2021-02-21T14:15:14","slug":"valeo-251758-kytkin-ohjausakseli","status":"publish","type":"product","link":"https:\/\/www.autonvaraosahaku.fi\/?product=valeo-251758-kytkin-ohjausakseli","title":{"rendered":"VALEO 251758 Kytkin ohjausakseli"},"content":{"rendered":"<p>Yhdistelm\u00e4kytkintoiminto: Valonvaihtajalla, Vilkkutoiminta, Pyyhintoiminnalla, Pesutoiminnalla, Aikav\u00e4li-pyyhint\u00e4, Takaikkunan huuhtelutoiminnolla, Takalasitoiminnnalla, Vakionopeuss\u00e4\u00e4timell\u00e4; Paino [kg]: 0,58; Valmistusvuoteen: 05\/2012; VW: POLO 6R, 6C,POLO Stufenheck; SKODA: FABIA,FABIA Combi,ROOMSTER 5J; 6Q0953513AL, 6Q0953513AL<\/p>\n","protected":false},"excerpt":{"rendered":"<p>VALEO Kytkin Ohjausakseli ORIGINAL PART 251758  VW,SKODA,POLO 6R, 6C,POLO Stufenheck,FABIA,FABIA Combi,ROOMSTER 5J<\/p>\n","protected":false},"featured_media":0,"template":"","meta":{"site-sidebar-layout":"default","site-content-layout":"default","ast-global-header-display":"","ast-main-header-display":"","ast-hfb-above-header-display":"","ast-hfb-below-header-display":"","ast-hfb-mobile-header-display":"","site-post-title":"","ast-breadcrumbs-content":"","ast-featured-img":"","footer-sml-layout":"","theme-transparent-header-meta":"","adv-header-id-meta":"","stick-header-meta":"","header-above-stick-meta":"","header-main-stick-meta":"","header-below-stick-meta":""},"pwb-brand":[28],"product_cat":[65],"product_tag":[],"class_list":{"0":"post-12595","1":"product","2":"type-product","3":"status-publish","5":"pwb-brand-valeo","6":"product_cat-kytkin-ohjausakseli","7":"desktop-align-left","8":"tablet-align-left","9":"mobile-align-left","11":"first","12":"instock","13":"product-type-external"},"brands":[{"id":28,"name":"VALEO","slug":"valeo"}],"_links":{"self":[{"href":"https:\/\/www.autonvaraosahaku.fi\/index.php?rest_route=\/wp\/v2\/product\/12595","targetHints":{"allow":["GET"]}}],"collection":[{"href":"https:\/\/www.autonvaraosahaku.fi\/index.php?rest_route=\/wp\/v2\/product"}],"about":[{"href":"https:\/\/www.autonvaraosahaku.fi\/index.php?rest_route=\/wp\/v2\/types\/product"}],"wp:attachment":[{"href":"https:\/\/www.autonvaraosahaku.fi\/index.php?rest_route=%2Fwp%2Fv2%2Fmedia&parent=12595"}],"wp:term":[{"taxonomy":"pwb-brand","embeddable":true,"href":"https:\/\/www.autonvaraosahaku.fi\/index.php?rest_route=%2Fwp%2Fv2%2Fpwb-brand&post=12595"},{"taxonomy":"product_cat","embeddable":true,"href":"https:\/\/www.autonvaraosahaku.fi\/index.php?rest_route=%2Fwp%2Fv2%2Fproduct_cat&post=12595"},{"taxonomy":"product_tag","embeddable":true,"href":"https:\/\/www.autonvaraosahaku.fi\/index.php?rest_route=%2Fwp%2Fv2%2Fproduct_tag&post=12595"}],"curies":[{"name":"wp","href":"https:\/\/api.w.org\/{rel}","templated":true}]}}