{"id":12596,"date":"2021-02-21T14:15:12","date_gmt":"2021-02-21T14:15:12","guid":{"rendered":"https:\/\/www.autonvaraosahaku.fi\/?product=febest-0815-g12-vetonivelen-suojakumi"},"modified":"2021-02-21T14:15:14","modified_gmt":"2021-02-21T14:15:14","slug":"febest-0815-g12-vetonivelen-suojakumi","status":"publish","type":"product","link":"https:\/\/www.autonvaraosahaku.fi\/?product=febest-0815-g12-vetonivelen-suojakumi","title":{"rendered":"FEBEST 0815-G12 Vetonivelen suojakumi"},"content":{"rendered":"<p>Asennuspuoli: Vaihteiston puoli; Korkeus (mm): 92; Paino [kg]: 0,316; Materiaali: NBR (nitriili-butadi-kumi); M\u00e4\u00e4r\u00e4: 1; Sis\u00e4l\u00e4pimitta 2 [mm]: 72,4; Pakkausleveys [cm]: 10,5; Pakkauskorkeus [mm]: 8,7, 8,7; Maaversio: Europa; MAZDA: 626 V Hatchback GF,626 V GF,626 V Station Wagon GW; OPEL: ASTRA H Caravan L35,ASTRA H L48,ASTRA H GTC L08,ASTRA H TwinTop L67,ASTRA H Stufenheck L69,ASTRA CLASSIC Caravan,ASTRA CLASSIC Stufenheck; SUBARU: FORESTER SG,IMPREZA Stufenheck GD,IMPREZA Schr\u00e4gheck GR, GH, G3,LEGACY IV BL, BP,IMPREZA Stufenheck GR,LEGACY V BM, BR,IMPREZA GR  Station Wagon US; GG0922540, 1603279, 28323SA020<\/p>\n","protected":false},"excerpt":{"rendered":"<p>FEBEST Paljekumisarja, Vetoakseli 0815-G12  MAZDA,OPEL,SUBARU,626 V Hatchback GF,626 V GF,626 V Station Wagon GW,ASTRA H Caravan L35,ASTRA H L48<\/p>\n","protected":false},"featured_media":0,"template":"","meta":{"site-sidebar-layout":"default","site-content-layout":"default","ast-global-header-display":"","ast-main-header-display":"","ast-hfb-above-header-display":"","ast-hfb-below-header-display":"","ast-hfb-mobile-header-display":"","site-post-title":"","ast-breadcrumbs-content":"","ast-featured-img":"","footer-sml-layout":"","theme-transparent-header-meta":"","adv-header-id-meta":"","stick-header-meta":"","header-above-stick-meta":"","header-main-stick-meta":"","header-below-stick-meta":""},"pwb-brand":[152],"product_cat":[42],"product_tag":[],"class_list":{"0":"post-12596","1":"product","2":"type-product","3":"status-publish","5":"pwb-brand-febest","6":"product_cat-vetonivelen-suojakumi","7":"desktop-align-left","8":"tablet-align-left","9":"mobile-align-left","11":"first","12":"instock","13":"product-type-external"},"brands":[{"id":152,"name":"FEBEST","slug":"febest"}],"_links":{"self":[{"href":"https:\/\/www.autonvaraosahaku.fi\/index.php?rest_route=\/wp\/v2\/product\/12596","targetHints":{"allow":["GET"]}}],"collection":[{"href":"https:\/\/www.autonvaraosahaku.fi\/index.php?rest_route=\/wp\/v2\/product"}],"about":[{"href":"https:\/\/www.autonvaraosahaku.fi\/index.php?rest_route=\/wp\/v2\/types\/product"}],"wp:attachment":[{"href":"https:\/\/www.autonvaraosahaku.fi\/index.php?rest_route=%2Fwp%2Fv2%2Fmedia&parent=12596"}],"wp:term":[{"taxonomy":"pwb-brand","embeddable":true,"href":"https:\/\/www.autonvaraosahaku.fi\/index.php?rest_route=%2Fwp%2Fv2%2Fpwb-brand&post=12596"},{"taxonomy":"product_cat","embeddable":true,"href":"https:\/\/www.autonvaraosahaku.fi\/index.php?rest_route=%2Fwp%2Fv2%2Fproduct_cat&post=12596"},{"taxonomy":"product_tag","embeddable":true,"href":"https:\/\/www.autonvaraosahaku.fi\/index.php?rest_route=%2Fwp%2Fv2%2Fproduct_tag&post=12596"}],"curies":[{"name":"wp","href":"https:\/\/api.w.org\/{rel}","templated":true}]}}