{"id":12606,"date":"2021-02-21T14:15:15","date_gmt":"2021-02-21T14:15:15","guid":{"rendered":"https:\/\/www.autonvaraosahaku.fi\/?product=master-sport-24705-pcs-ms-alatukivarsi"},"modified":"2021-02-21T14:15:16","modified_gmt":"2021-02-21T14:15:16","slug":"master-sport-24705-pcs-ms-alatukivarsi","status":"publish","type":"product","link":"https:\/\/www.autonvaraosahaku.fi\/?product=master-sport-24705-pcs-ms-alatukivarsi","title":{"rendered":"MASTER-SPORT 24705-PCS-MS Alatukivarsi"},"content":{"rendered":"<p>Ohjausmalli: Poikittaistukivarsi; parilliset tuotenumerot: 24707-PCS-MS; Lukum\u00e4\u00e4r\u00e4 akselille: 1, 1; Nettopaino [kg]: 1,87; Bruttopaino [kg]: 1,92; Valmistusvuoteen: 11\/1995; HONDA: CIVIC VI Hatchback EJ, EK,CIVIC VI Fastback MA, MB,CRX III EH, EG,CIVIC VI Aerodeck MB, MC,CIVIC V Hatchback EG,CIVIC V Coupe EJ,CIVIC V Stufenheck EG, EH; ROVER: 25 RF,45 Stufenheck RT,45 RT,400 RT,400 Hatchback RT,STREETWISE; MG: MG ZS,MG ZS Hatchback; 51450SR0A02, 51450SR3003, 51450SR3013, 51450SR3023, 51450SR3A02, 51450ST3E10, 51450ST7010, 51450ST7020, 51460SR0A02, 51460SR3003, 51460SR3023, 51460SR3A02, 51450SR3023, GSJ485, GSJ486, RBJ102120, RBJ102121, RBJ102130; Tukivarsi,Tukivarsi, Py\u00f6r\u00e4ntuenta<\/p>\n","protected":false},"excerpt":{"rendered":"<p>MASTER-SPORT Alatukivarsi 24705-PCS-MS Tukivarsi,Tukivarsi, Py\u00f6r\u00e4ntuenta HONDA,ROVER,MG,CIVIC VI Hatchback EJ, EK,CIVIC VI Fastback MA, MB<\/p>\n","protected":false},"featured_media":0,"template":"","meta":{"site-sidebar-layout":"default","site-content-layout":"default","ast-global-header-display":"","ast-main-header-display":"","ast-hfb-above-header-display":"","ast-hfb-below-header-display":"","ast-hfb-mobile-header-display":"","site-post-title":"","ast-breadcrumbs-content":"","ast-featured-img":"","footer-sml-layout":"","theme-transparent-header-meta":"","adv-header-id-meta":"","stick-header-meta":"","header-above-stick-meta":"","header-main-stick-meta":"","header-below-stick-meta":""},"pwb-brand":[61],"product_cat":[62],"product_tag":[],"class_list":{"0":"post-12606","1":"product","2":"type-product","3":"status-publish","5":"pwb-brand-master-sport","6":"product_cat-alatukivarsi","7":"desktop-align-left","8":"tablet-align-left","9":"mobile-align-left","11":"first","12":"instock","13":"product-type-external"},"brands":[{"id":61,"name":"MASTER-SPORT","slug":"master-sport"}],"_links":{"self":[{"href":"https:\/\/www.autonvaraosahaku.fi\/index.php?rest_route=\/wp\/v2\/product\/12606","targetHints":{"allow":["GET"]}}],"collection":[{"href":"https:\/\/www.autonvaraosahaku.fi\/index.php?rest_route=\/wp\/v2\/product"}],"about":[{"href":"https:\/\/www.autonvaraosahaku.fi\/index.php?rest_route=\/wp\/v2\/types\/product"}],"wp:attachment":[{"href":"https:\/\/www.autonvaraosahaku.fi\/index.php?rest_route=%2Fwp%2Fv2%2Fmedia&parent=12606"}],"wp:term":[{"taxonomy":"pwb-brand","embeddable":true,"href":"https:\/\/www.autonvaraosahaku.fi\/index.php?rest_route=%2Fwp%2Fv2%2Fpwb-brand&post=12606"},{"taxonomy":"product_cat","embeddable":true,"href":"https:\/\/www.autonvaraosahaku.fi\/index.php?rest_route=%2Fwp%2Fv2%2Fproduct_cat&post=12606"},{"taxonomy":"product_tag","embeddable":true,"href":"https:\/\/www.autonvaraosahaku.fi\/index.php?rest_route=%2Fwp%2Fv2%2Fproduct_tag&post=12606"}],"curies":[{"name":"wp","href":"https:\/\/api.w.org\/{rel}","templated":true}]}}