{"id":12618,"date":"2021-02-21T14:15:15","date_gmt":"2021-02-21T14:15:15","guid":{"rendered":"https:\/\/www.autonvaraosahaku.fi\/?product=master-sport-24011201271-pcs-ms-jarrulevyt"},"modified":"2021-02-21T14:15:17","modified_gmt":"2021-02-21T14:15:17","slug":"master-sport-24011201271-pcs-ms-jarrulevyt","status":"publish","type":"product","link":"https:\/\/www.autonvaraosahaku.fi\/?product=master-sport-24011201271-pcs-ms-jarrulevyt","title":{"rendered":"MASTER-SPORT 24011201271-PCS-MS Jarrulevyt"},"content":{"rendered":"<p>L\u00e4pimitta [mm]: 257,5; Jarrulevytyyppi: Vakiomalli; Jarrulevyn paksuus (mm): 12,0; Korkeus (mm): 40,5; Reik\u00e4-\u00d8 [mm]: 13,0; V\u00e4himm\u00e4ispaksuus (mm): 10,2; Sis\u00e4l\u00e4pimitta [mm]: 123,0; Reikien m\u00e4\u00e4r\u00e4: 4; keskitt\u00e4misl\u00e4pimitta [mm]: 59,0; Reik\u00e4ympyr\u00e4-\u00d8 [mm]: 98,0; Nettopaino [kg]: 4,28; Bruttopaino [kg]: 4,46; M\u00e4\u00e4r\u00e4yksikk\u00f6: Kappale; Asennuspuoli: Vorderachse; LANCIA: YPSILON 843,Y 840A,DELTA II 836,YPSILON 312, 846,DEDRA 835,DEDRA SW 835; FIAT: PUNTO 188,500 312,500 C 312,PUNTO 176,PANDA 312,PUNTO Van 188AX,BRAVO I 182,BRAVA 182,PUNTO Cabriolet 176C,MAREA Weekend 185,TIPO 160,MAREA 185,TEMPRA 159,PUNTO Van 176L,TEMPRA S.W. 159,PANDA VAN 312; ALFA ROMEO: 145 930,155 167,146 930; 46820655, 51859075, 51866264, 51866265, 60802029, 60808872, 7663466, 92498609; Jarrulevy<\/p>\n","protected":false},"excerpt":{"rendered":"<p>MASTER-SPORT Jarrulevyt 24011201271-PCS-MS Jarrulevy LANCIA,FIAT,ALFA ROMEO,YPSILON 843,Y 840A,DELTA II 836,YPSILON 312, 846,DEDRA 835,DEDRA SW 835<\/p>\n","protected":false},"featured_media":0,"template":"","meta":{"site-sidebar-layout":"default","site-content-layout":"default","ast-global-header-display":"","ast-main-header-display":"","ast-hfb-above-header-display":"","ast-hfb-below-header-display":"","ast-hfb-mobile-header-display":"","site-post-title":"","ast-breadcrumbs-content":"","ast-featured-img":"","footer-sml-layout":"","theme-transparent-header-meta":"","adv-header-id-meta":"","stick-header-meta":"","header-above-stick-meta":"","header-main-stick-meta":"","header-below-stick-meta":""},"pwb-brand":[61],"product_cat":[66],"product_tag":[],"class_list":{"0":"post-12618","1":"product","2":"type-product","3":"status-publish","5":"pwb-brand-master-sport","6":"product_cat-jarrulevyt","7":"desktop-align-left","8":"tablet-align-left","9":"mobile-align-left","11":"first","12":"instock","13":"product-type-external"},"brands":[{"id":61,"name":"MASTER-SPORT","slug":"master-sport"}],"_links":{"self":[{"href":"https:\/\/www.autonvaraosahaku.fi\/index.php?rest_route=\/wp\/v2\/product\/12618","targetHints":{"allow":["GET"]}}],"collection":[{"href":"https:\/\/www.autonvaraosahaku.fi\/index.php?rest_route=\/wp\/v2\/product"}],"about":[{"href":"https:\/\/www.autonvaraosahaku.fi\/index.php?rest_route=\/wp\/v2\/types\/product"}],"wp:attachment":[{"href":"https:\/\/www.autonvaraosahaku.fi\/index.php?rest_route=%2Fwp%2Fv2%2Fmedia&parent=12618"}],"wp:term":[{"taxonomy":"pwb-brand","embeddable":true,"href":"https:\/\/www.autonvaraosahaku.fi\/index.php?rest_route=%2Fwp%2Fv2%2Fpwb-brand&post=12618"},{"taxonomy":"product_cat","embeddable":true,"href":"https:\/\/www.autonvaraosahaku.fi\/index.php?rest_route=%2Fwp%2Fv2%2Fproduct_cat&post=12618"},{"taxonomy":"product_tag","embeddable":true,"href":"https:\/\/www.autonvaraosahaku.fi\/index.php?rest_route=%2Fwp%2Fv2%2Fproduct_tag&post=12618"}],"curies":[{"name":"wp","href":"https:\/\/api.w.org\/{rel}","templated":true}]}}