{"id":12638,"date":"2021-02-21T14:15:19","date_gmt":"2021-02-21T14:15:19","guid":{"rendered":"https:\/\/www.autonvaraosahaku.fi\/?product=metzger-2220046-pissapojan-pumppu"},"modified":"2021-02-21T14:15:21","modified_gmt":"2021-02-21T14:15:21","slug":"metzger-2220046-pissapojan-pumppu","status":"publish","type":"product","link":"https:\/\/www.autonvaraosahaku.fi\/?product=metzger-2220046-pissapojan-pumppu","title":{"rendered":"METZGER 2220046 Pissapojan pumppu"},"content":{"rendered":"<p>K\u00e4ytt\u00f6: S\u00e4hk\u00f6inen; J\u00e4nnite (V): 12; Pumpputyyppi: Kaksoispumppu; Asennuspuoli: Edess\u00e4, vorne und hinten; lis\u00e4tieto: ORIGINAL ERSATZTEIL; JEEP: RENEGADE Gel\u00e4ndewagen geschlossen BU; ABARTH: 500 \/ 595 312_,500C \/ 595C 312_,PUNTO 199_; FORD: KA RU8; ALFA ROMEO: GIULIETTA 940,MITO 955; FIAT: GRANDE PUNTO 199,500 312,PUNTO EVO 199,CROMA 194,DOBLO Kasten\/Kombi 263,PUNTO 199,PANDA 312,QUBO 225,DOBLO Gro\u00dfraumlimousine 152, 263,FIORINO Kasten\/Kombi 225,DOBLO Pritsche\/Fahrgestell 263,500X,TIPO Schr\u00e4gheck 356_,PANDA VAN 312,TIPO Kombi 356_; CITRO\u00cbN: NEMO Kasten AA_,NEMO Kombi; PEUGEOT: BIPPER AA_,BIPPER Tepee; 55702893, 71740942, 1554057; Pesurin Pumppu,Lasinpesurin Pumppu,Pesunestepumppu, Lasinpesu<\/p>\n","protected":false},"excerpt":{"rendered":"<p>METZGER Pissapojan Pumppu 2220046 Pesurin Pumppu,Lasinpesurin Pumppu JEEP,ABARTH,FORD,RENEGADE Gel\u00e4ndewagen geschlossen BU,500 \/ 595 312_<\/p>\n","protected":false},"featured_media":0,"template":"","meta":{"site-sidebar-layout":"default","site-content-layout":"default","ast-global-header-display":"","ast-main-header-display":"","ast-hfb-above-header-display":"","ast-hfb-below-header-display":"","ast-hfb-mobile-header-display":"","site-post-title":"","ast-breadcrumbs-content":"","ast-featured-img":"","footer-sml-layout":"","theme-transparent-header-meta":"","adv-header-id-meta":"","stick-header-meta":"","header-above-stick-meta":"","header-main-stick-meta":"","header-below-stick-meta":""},"pwb-brand":[69],"product_cat":[182],"product_tag":[],"class_list":{"0":"post-12638","1":"product","2":"type-product","3":"status-publish","5":"pwb-brand-metzger","6":"product_cat-pissapojan-pumppu","7":"desktop-align-left","8":"tablet-align-left","9":"mobile-align-left","11":"first","12":"instock","13":"product-type-external"},"brands":[{"id":69,"name":"METZGER","slug":"metzger"}],"_links":{"self":[{"href":"https:\/\/www.autonvaraosahaku.fi\/index.php?rest_route=\/wp\/v2\/product\/12638","targetHints":{"allow":["GET"]}}],"collection":[{"href":"https:\/\/www.autonvaraosahaku.fi\/index.php?rest_route=\/wp\/v2\/product"}],"about":[{"href":"https:\/\/www.autonvaraosahaku.fi\/index.php?rest_route=\/wp\/v2\/types\/product"}],"wp:attachment":[{"href":"https:\/\/www.autonvaraosahaku.fi\/index.php?rest_route=%2Fwp%2Fv2%2Fmedia&parent=12638"}],"wp:term":[{"taxonomy":"pwb-brand","embeddable":true,"href":"https:\/\/www.autonvaraosahaku.fi\/index.php?rest_route=%2Fwp%2Fv2%2Fpwb-brand&post=12638"},{"taxonomy":"product_cat","embeddable":true,"href":"https:\/\/www.autonvaraosahaku.fi\/index.php?rest_route=%2Fwp%2Fv2%2Fproduct_cat&post=12638"},{"taxonomy":"product_tag","embeddable":true,"href":"https:\/\/www.autonvaraosahaku.fi\/index.php?rest_route=%2Fwp%2Fv2%2Fproduct_tag&post=12638"}],"curies":[{"name":"wp","href":"https:\/\/api.w.org\/{rel}","templated":true}]}}