{"id":12640,"date":"2021-02-21T14:15:22","date_gmt":"2021-02-21T14:15:22","guid":{"rendered":"https:\/\/www.autonvaraosahaku.fi\/?product=master-sport-2214-2-if-set-ms-raitisilmasuodatin"},"modified":"2021-02-21T14:15:23","modified_gmt":"2021-02-21T14:15:23","slug":"master-sport-2214-2-if-set-ms-raitisilmasuodatin","status":"publish","type":"product","link":"https:\/\/www.autonvaraosahaku.fi\/?product=master-sport-2214-2-if-set-ms-raitisilmasuodatin","title":{"rendered":"MASTER-SPORT 2214-2-IF-SET-MS Raitisilmasuodatin"},"content":{"rendered":"<p>Pituus (mm): 216; M\u00e4\u00e4r\u00e4yksikk\u00f6: Sarja; Leveys (mm): 107; Korkeus (mm): 17; Suodatintyyppi: Hiukkassuodatin; Nettopaino [kg]: 0,05; Bruttopaino [kg]: 0,11; Valmistusvuosi alkaen: 08\/2006; KIA: SORENTO I JC,SPORTAGE JE_, KM_; HYUNDAI: TUCSON JM; 971332E900, 971332E910; Sis\u00e4ilmansuodatin,Suodatin, Sis\u00e4ilma<\/p>\n","protected":false},"excerpt":{"rendered":"<p>MASTER-SPORT Raitisilmasuodatin 2214-2-IF-SET-MS Sis\u00e4ilmansuodatin,Suodatin, Sis\u00e4ilma KIA,HYUNDAI,SORENTO I JC,SPORTAGE JE_, KM_,TUCSON JM<\/p>\n","protected":false},"featured_media":0,"template":"","meta":{"site-sidebar-layout":"default","site-content-layout":"default","ast-global-header-display":"","ast-main-header-display":"","ast-hfb-above-header-display":"","ast-hfb-below-header-display":"","ast-hfb-mobile-header-display":"","site-post-title":"","ast-breadcrumbs-content":"","ast-featured-img":"","footer-sml-layout":"","theme-transparent-header-meta":"","adv-header-id-meta":"","stick-header-meta":"","header-above-stick-meta":"","header-main-stick-meta":"","header-below-stick-meta":""},"pwb-brand":[61],"product_cat":[19],"product_tag":[],"class_list":{"0":"post-12640","1":"product","2":"type-product","3":"status-publish","5":"pwb-brand-master-sport","6":"product_cat-raitisilmasuodatin","7":"desktop-align-left","8":"tablet-align-left","9":"mobile-align-left","11":"first","12":"instock","13":"product-type-external"},"brands":[{"id":61,"name":"MASTER-SPORT","slug":"master-sport"}],"_links":{"self":[{"href":"https:\/\/www.autonvaraosahaku.fi\/index.php?rest_route=\/wp\/v2\/product\/12640","targetHints":{"allow":["GET"]}}],"collection":[{"href":"https:\/\/www.autonvaraosahaku.fi\/index.php?rest_route=\/wp\/v2\/product"}],"about":[{"href":"https:\/\/www.autonvaraosahaku.fi\/index.php?rest_route=\/wp\/v2\/types\/product"}],"wp:attachment":[{"href":"https:\/\/www.autonvaraosahaku.fi\/index.php?rest_route=%2Fwp%2Fv2%2Fmedia&parent=12640"}],"wp:term":[{"taxonomy":"pwb-brand","embeddable":true,"href":"https:\/\/www.autonvaraosahaku.fi\/index.php?rest_route=%2Fwp%2Fv2%2Fpwb-brand&post=12640"},{"taxonomy":"product_cat","embeddable":true,"href":"https:\/\/www.autonvaraosahaku.fi\/index.php?rest_route=%2Fwp%2Fv2%2Fproduct_cat&post=12640"},{"taxonomy":"product_tag","embeddable":true,"href":"https:\/\/www.autonvaraosahaku.fi\/index.php?rest_route=%2Fwp%2Fv2%2Fproduct_tag&post=12640"}],"curies":[{"name":"wp","href":"https:\/\/api.w.org\/{rel}","templated":true}]}}