{"id":12654,"date":"2021-02-21T14:15:22","date_gmt":"2021-02-21T14:15:22","guid":{"rendered":"https:\/\/www.autonvaraosahaku.fi\/?product=abakus-440-1121l-ld-em-ajovaloumpio"},"modified":"2021-02-21T14:15:24","modified_gmt":"2021-02-21T14:15:24","slug":"abakus-440-1121l-ld-em-ajovaloumpio","status":"publish","type":"product","link":"https:\/\/www.autonvaraosahaku.fi\/?product=abakus-440-1121l-ld-em-ajovaloumpio","title":{"rendered":"ABAKUS 440-1121L-LD-EM Ajovaloumpio"},"content":{"rendered":"<p>Asennuspuoli: Vasen; V\u00e4ri: Valkoinen; Lamppumalli: H1, H7; K\u00e4ytt\u00f6: S\u00e4hk\u00f6inen; Valotoiminto: puolivalolla, p\u00e4\u00e4valonheittimell\u00e4, kaukovalolla, sumuvalolla; Varusteet: Valonsuuntaimella varustetuile (ilmapaine); Vasen \/ oikea liikenne: Oikeanpuoleiselle liikenteelle; Lis\u00e4tarvike\/lis\u00e4tieto: Ilman polttimoa; Yhdistelm\u00e4kytkintoiminto: Sumuvalolla; Korvaava tuote\/korvaava tiedote 2: ilman valokorkeuss\u00e4\u00e4timen moottoria; Vuosimallista: 1996; Vuosimalliin: 2000; Rekister\u00f6ity tyyppi: E-hyv\u00e4ksytty; MERCEDES-BENZ: C-CLASS W202,C-CLASS Kombi S202; 2028202961; Ajovalot,Etuvalot,Ajovalo<\/p>\n","protected":false},"excerpt":{"rendered":"<p>ABAKUS Ajovaloumpio 440-1121L-LD-EM Ajovalot,Etuvalot MERCEDES-BENZ,C-CLASS W202,C-CLASS Kombi S202<\/p>\n","protected":false},"featured_media":0,"template":"","meta":{"site-sidebar-layout":"default","site-content-layout":"default","ast-global-header-display":"","ast-main-header-display":"","ast-hfb-above-header-display":"","ast-hfb-below-header-display":"","ast-hfb-mobile-header-display":"","site-post-title":"","ast-breadcrumbs-content":"","ast-featured-img":"","footer-sml-layout":"","theme-transparent-header-meta":"","adv-header-id-meta":"","stick-header-meta":"","header-above-stick-meta":"","header-main-stick-meta":"","header-below-stick-meta":""},"pwb-brand":[148],"product_cat":[185],"product_tag":[],"class_list":{"0":"post-12654","1":"product","2":"type-product","3":"status-publish","5":"pwb-brand-abakus","6":"product_cat-ajovaloumpio","7":"desktop-align-left","8":"tablet-align-left","9":"mobile-align-left","11":"first","12":"instock","13":"product-type-external"},"brands":[{"id":148,"name":"ABAKUS","slug":"abakus"}],"_links":{"self":[{"href":"https:\/\/www.autonvaraosahaku.fi\/index.php?rest_route=\/wp\/v2\/product\/12654","targetHints":{"allow":["GET"]}}],"collection":[{"href":"https:\/\/www.autonvaraosahaku.fi\/index.php?rest_route=\/wp\/v2\/product"}],"about":[{"href":"https:\/\/www.autonvaraosahaku.fi\/index.php?rest_route=\/wp\/v2\/types\/product"}],"wp:attachment":[{"href":"https:\/\/www.autonvaraosahaku.fi\/index.php?rest_route=%2Fwp%2Fv2%2Fmedia&parent=12654"}],"wp:term":[{"taxonomy":"pwb-brand","embeddable":true,"href":"https:\/\/www.autonvaraosahaku.fi\/index.php?rest_route=%2Fwp%2Fv2%2Fpwb-brand&post=12654"},{"taxonomy":"product_cat","embeddable":true,"href":"https:\/\/www.autonvaraosahaku.fi\/index.php?rest_route=%2Fwp%2Fv2%2Fproduct_cat&post=12654"},{"taxonomy":"product_tag","embeddable":true,"href":"https:\/\/www.autonvaraosahaku.fi\/index.php?rest_route=%2Fwp%2Fv2%2Fproduct_tag&post=12654"}],"curies":[{"name":"wp","href":"https:\/\/api.w.org\/{rel}","templated":true}]}}