{"id":12697,"date":"2021-02-21T14:15:29","date_gmt":"2021-02-21T14:15:29","guid":{"rendered":"https:\/\/www.autonvaraosahaku.fi\/?product=meyle-114-890-0011-jarruvalokytkin"},"modified":"2021-02-21T14:15:31","modified_gmt":"2021-02-21T14:15:31","slug":"meyle-114-890-0011-jarruvalokytkin","status":"publish","type":"product","link":"https:\/\/www.autonvaraosahaku.fi\/?product=meyle-114-890-0011-jarruvalokytkin","title":{"rendered":"MEYLE 114 890 0011 Jarruvalokytkin"},"content":{"rendered":"<p>K\u00e4ytt\u00f6: Manuaalinen (jalkak\u00e4ytt\u00f6); Yhdistelm\u00e4kytkintoiminto: Vaihtaja; V\u00e4ri: tummanvihre\u00e4; Huomioi ajoneuvovalmistajan vaatimukset: ; Napojen m\u00e4\u00e4r\u00e4: 4; lis\u00e4tieto: ORIGINAL Quality; Alustanumerosta: 7H-9-000 001; VW: GOLF IV 1J1,GOLF V 1K1,POLO 9N_,TRANSPORTER IV Bus 70XB, 70XC, 7DB, 7DW,LUPO 6X1, 6E1,GOLF IV Variant 1J5,SHARAN 7M8, 7M9, 7M6,POLO 6N2,TRANSPORTER V Bus 7HB, 7HJ, 7EB, 7EJ, 7EF,TOUAREG 7LA, 7L6, 7L7,MULTIVAN V 7HM, 7HN, 7HF, 7EF, 7EM, 7EN,BORA 1J2,TRANSPORTER IV Kasten 70XA,TRANSPORTER V Kasten 7HA, 7HH, 7EA, 7EH,NEW BEETLE 9C1, 1C1,GOLF Mk III Cabriolet 1E7,BORA Kombi 1J6,NEW BEETLE Cabriolet 1Y7,TRANSPORTER IV Pritsche\/Fahrgestell 70XD,TRANSPORTER V Pritsche\/Fahrgestell 7JD, 7JE, 7JL, 7JY, 7JZ,,CADDY II Kombi 9K9B; AUDI: A3 8L1,TT 8N3,TT Roadster 8N9; SKODA: OCTAVIA Combi 1U5,OCTAVIA 1U2; SEAT: LEON 1M1,ALHAMBRA 7V8, 7V9; FORD: GALAXY WGR; 1C0945511A, 1J0945511B, 1J0945511C, 1J0945511D, 1J0945511E, 1J0945511F, 1070613, 1108751, 1211023, 1424244, 1451281, 1495877, 6M2113480AA, 98VW13480AA, YM2113480BA, YM2113480BC, YM2113480BD, YM2113480CA, 1C0945511A, 1J0945511B, 1J0945511C, 1J0945511D, 1J0945511E, 1J0945511F, 1C0945511A, 1J0945511E, 1J0945511F, 1C0945511A, 1J0945511B, 1J0945511C, 1J0945511D, 1J0945511E, 1J0945511F; Jarruvalokatkaisin<\/p>\n","protected":false},"excerpt":{"rendered":"<p>MEYLE Jarruvalokytkin 114 890 0011 Jarruvalokatkaisin VW,AUDI,SKODA,GOLF IV 1J1,GOLF V 1K1,POLO 9N_,TRANSPORTER IV Bus 70XB, 70XC, 7DB, 7DW<\/p>\n","protected":false},"featured_media":0,"template":"","meta":{"site-sidebar-layout":"default","site-content-layout":"default","ast-global-header-display":"","ast-main-header-display":"","ast-hfb-above-header-display":"","ast-hfb-below-header-display":"","ast-hfb-mobile-header-display":"","site-post-title":"","ast-breadcrumbs-content":"","ast-featured-img":"","footer-sml-layout":"","theme-transparent-header-meta":"","adv-header-id-meta":"","stick-header-meta":"","header-above-stick-meta":"","header-main-stick-meta":"","header-below-stick-meta":""},"pwb-brand":[84],"product_cat":[117],"product_tag":[],"class_list":{"0":"post-12697","1":"product","2":"type-product","3":"status-publish","5":"pwb-brand-meyle","6":"product_cat-jarruvalokytkin","7":"desktop-align-left","8":"tablet-align-left","9":"mobile-align-left","11":"first","12":"instock","13":"product-type-external"},"brands":[{"id":84,"name":"MEYLE","slug":"meyle"}],"_links":{"self":[{"href":"https:\/\/www.autonvaraosahaku.fi\/index.php?rest_route=\/wp\/v2\/product\/12697","targetHints":{"allow":["GET"]}}],"collection":[{"href":"https:\/\/www.autonvaraosahaku.fi\/index.php?rest_route=\/wp\/v2\/product"}],"about":[{"href":"https:\/\/www.autonvaraosahaku.fi\/index.php?rest_route=\/wp\/v2\/types\/product"}],"wp:attachment":[{"href":"https:\/\/www.autonvaraosahaku.fi\/index.php?rest_route=%2Fwp%2Fv2%2Fmedia&parent=12697"}],"wp:term":[{"taxonomy":"pwb-brand","embeddable":true,"href":"https:\/\/www.autonvaraosahaku.fi\/index.php?rest_route=%2Fwp%2Fv2%2Fpwb-brand&post=12697"},{"taxonomy":"product_cat","embeddable":true,"href":"https:\/\/www.autonvaraosahaku.fi\/index.php?rest_route=%2Fwp%2Fv2%2Fproduct_cat&post=12697"},{"taxonomy":"product_tag","embeddable":true,"href":"https:\/\/www.autonvaraosahaku.fi\/index.php?rest_route=%2Fwp%2Fv2%2Fproduct_tag&post=12697"}],"curies":[{"name":"wp","href":"https:\/\/api.w.org\/{rel}","templated":true}]}}