{"id":12722,"date":"2021-02-21T14:15:36","date_gmt":"2021-02-21T14:15:36","guid":{"rendered":"https:\/\/www.autonvaraosahaku.fi\/?product=automega-110170910-jousijalan-tukilaakeri"},"modified":"2021-02-21T14:15:37","modified_gmt":"2021-02-21T14:15:37","slug":"automega-110170910-jousijalan-tukilaakeri","status":"publish","type":"product","link":"https:\/\/www.autonvaraosahaku.fi\/?product=automega-110170910-jousijalan-tukilaakeri","title":{"rendered":"AUTOMEGA 110170910 Jousijalan tukilaakeri"},"content":{"rendered":"<p>Tarvittava kappalem\u00e4\u00e4r\u00e4: 2; OPEL: OMEGA A 16_, 17_, 19_,OMEGA B Caravan 21_, 22_, 23_,OMEGA B 25_, 26_, 27_,CALIBRA A 85_,VECTRA A 86_, 87_,VECTRA A CC 88_, 89_,SENATOR B 29_,OMEGA A Caravan 66_, 67_; 0344588, 344588, 90251921; Iskarin Yl\u00e4p\u00e4\u00e4,Iskunvaimentimen Yl\u00e4p\u00e4\u00e4<\/p>\n","protected":false},"excerpt":{"rendered":"<p>AUTOMEGA Jousijalan Tukilaakeri 110170910 Iskarin Yl\u00e4p\u00e4\u00e4,Iskunvaimentimen Yl\u00e4p\u00e4\u00e4 OPEL,OMEGA A 16_, 17_, 19_,OMEGA B Caravan 21_, 22_, 23_<\/p>\n","protected":false},"featured_media":0,"template":"","meta":{"site-sidebar-layout":"default","site-content-layout":"default","ast-global-header-display":"","ast-main-header-display":"","ast-hfb-above-header-display":"","ast-hfb-below-header-display":"","ast-hfb-mobile-header-display":"","site-post-title":"","ast-breadcrumbs-content":"","ast-featured-img":"","footer-sml-layout":"","theme-transparent-header-meta":"","adv-header-id-meta":"","stick-header-meta":"","header-above-stick-meta":"","header-main-stick-meta":"","header-below-stick-meta":""},"pwb-brand":[121],"product_cat":[45],"product_tag":[],"class_list":{"0":"post-12722","1":"product","2":"type-product","3":"status-publish","5":"pwb-brand-automega","6":"product_cat-jousijalan-tukilaakeri","7":"desktop-align-left","8":"tablet-align-left","9":"mobile-align-left","11":"first","12":"instock","13":"product-type-external"},"brands":[{"id":121,"name":"AUTOMEGA","slug":"automega"}],"_links":{"self":[{"href":"https:\/\/www.autonvaraosahaku.fi\/index.php?rest_route=\/wp\/v2\/product\/12722","targetHints":{"allow":["GET"]}}],"collection":[{"href":"https:\/\/www.autonvaraosahaku.fi\/index.php?rest_route=\/wp\/v2\/product"}],"about":[{"href":"https:\/\/www.autonvaraosahaku.fi\/index.php?rest_route=\/wp\/v2\/types\/product"}],"wp:attachment":[{"href":"https:\/\/www.autonvaraosahaku.fi\/index.php?rest_route=%2Fwp%2Fv2%2Fmedia&parent=12722"}],"wp:term":[{"taxonomy":"pwb-brand","embeddable":true,"href":"https:\/\/www.autonvaraosahaku.fi\/index.php?rest_route=%2Fwp%2Fv2%2Fpwb-brand&post=12722"},{"taxonomy":"product_cat","embeddable":true,"href":"https:\/\/www.autonvaraosahaku.fi\/index.php?rest_route=%2Fwp%2Fv2%2Fproduct_cat&post=12722"},{"taxonomy":"product_tag","embeddable":true,"href":"https:\/\/www.autonvaraosahaku.fi\/index.php?rest_route=%2Fwp%2Fv2%2Fproduct_tag&post=12722"}],"curies":[{"name":"wp","href":"https:\/\/api.w.org\/{rel}","templated":true}]}}