{"id":12740,"date":"2021-02-21T14:15:40","date_gmt":"2021-02-21T14:15:40","guid":{"rendered":"https:\/\/www.autonvaraosahaku.fi\/?product=monroe-376225sp-iskunvaimennin"},"modified":"2021-02-21T14:15:40","modified_gmt":"2021-02-21T14:15:40","slug":"monroe-376225sp-iskunvaimennin","status":"publish","type":"product","link":"https:\/\/www.autonvaraosahaku.fi\/?product=monroe-376225sp-iskunvaimennin","title":{"rendered":"MONROE 376225SP Iskunvaimennin"},"content":{"rendered":"<p>Iskunvaimennin tyyppi: Kaasupaine; Iskunvaimennusj\u00e4rjestelm\u00e4: Kaksiputki; Iskunvaimennin asennustapa: Silmukka alhaalla, Tappi ylh\u00e4\u00e4ll\u00e4; Paino [kg]: 1,700; Reik\u00e4-\u00d8 [mm]: 25,4; suurin pituus [mm]: 655; v\u00e4h. pituus [mm]: 418; Pakkauspituus [cm]: 60; Pakkausleveys [cm]: 7; Pakkauskorkeus [mm]: 7,2; Tullitariffinumero: 87088035; Tappil\u00e4pimitta [mm]: 11; Asennuspuoli: Hinterachse; VW: GOLF IV 1J1,BORA 1J2,GOLF IV Van 1J1; AUDI: A3 8L1; SKODA: OCTAVIA 1U2; SEAT: LEON 1M1,TOLEDO II 1M2; 1J0513025BL, 1J0513025C, 67113, 1J0513025AK, 1J0513025BG, 1J0513025BR, 1J0513025BS, 1J0513025F, 1J0513025PG, 1J0513025AK, 1J0513025BF, 1J0513025BG, 1J0513025E, 1J0513025F, 1J0513025PG, 1J0513025AJ, 1J0513025AK, 1J0513025BF, 1J0513025BG, 1J0513025BL, 1J0513025BR, 1J0513025BS, 1J0513025C, 1J0513025DC, 1J0513025E, 1J0513025F, 1J0513025PG, 1J0513031AK, 37031, 37064, 67033, 67067, 67068; Iskarit,Iskunvaimennin<\/p>\n","protected":false},"excerpt":{"rendered":"<p>MONROE Iskunvaimentimet OESpectrum Premium 376225SP Iskarit,Iskunvaimennin VW,AUDI,SKODA,GOLF IV 1J1,BORA 1J2,GOLF IV Van 1J1,A3 8L1,OCTAVIA 1U2<\/p>\n","protected":false},"featured_media":0,"template":"","meta":{"site-sidebar-layout":"default","site-content-layout":"default","ast-global-header-display":"","ast-main-header-display":"","ast-hfb-above-header-display":"","ast-hfb-below-header-display":"","ast-hfb-mobile-header-display":"","site-post-title":"","ast-breadcrumbs-content":"","ast-featured-img":"","footer-sml-layout":"","theme-transparent-header-meta":"","adv-header-id-meta":"","stick-header-meta":"","header-above-stick-meta":"","header-main-stick-meta":"","header-below-stick-meta":""},"pwb-brand":[79],"product_cat":[80],"product_tag":[],"class_list":{"0":"post-12740","1":"product","2":"type-product","3":"status-publish","5":"pwb-brand-monroe","6":"product_cat-iskunvaimennin","7":"desktop-align-left","8":"tablet-align-left","9":"mobile-align-left","11":"first","12":"instock","13":"product-type-external"},"brands":[{"id":79,"name":"MONROE","slug":"monroe"}],"_links":{"self":[{"href":"https:\/\/www.autonvaraosahaku.fi\/index.php?rest_route=\/wp\/v2\/product\/12740","targetHints":{"allow":["GET"]}}],"collection":[{"href":"https:\/\/www.autonvaraosahaku.fi\/index.php?rest_route=\/wp\/v2\/product"}],"about":[{"href":"https:\/\/www.autonvaraosahaku.fi\/index.php?rest_route=\/wp\/v2\/types\/product"}],"wp:attachment":[{"href":"https:\/\/www.autonvaraosahaku.fi\/index.php?rest_route=%2Fwp%2Fv2%2Fmedia&parent=12740"}],"wp:term":[{"taxonomy":"pwb-brand","embeddable":true,"href":"https:\/\/www.autonvaraosahaku.fi\/index.php?rest_route=%2Fwp%2Fv2%2Fpwb-brand&post=12740"},{"taxonomy":"product_cat","embeddable":true,"href":"https:\/\/www.autonvaraosahaku.fi\/index.php?rest_route=%2Fwp%2Fv2%2Fproduct_cat&post=12740"},{"taxonomy":"product_tag","embeddable":true,"href":"https:\/\/www.autonvaraosahaku.fi\/index.php?rest_route=%2Fwp%2Fv2%2Fproduct_tag&post=12740"}],"curies":[{"name":"wp","href":"https:\/\/api.w.org\/{rel}","templated":true}]}}