{"id":12759,"date":"2021-02-21T14:15:43","date_gmt":"2021-02-21T14:15:43","guid":{"rendered":"https:\/\/www.autonvaraosahaku.fi\/?product=master-sport-26761-pcs-ms-alatukivarsi"},"modified":"2021-02-21T14:15:43","modified_gmt":"2021-02-21T14:15:43","slug":"master-sport-26761-pcs-ms-alatukivarsi","status":"publish","type":"product","link":"https:\/\/www.autonvaraosahaku.fi\/?product=master-sport-26761-pcs-ms-alatukivarsi","title":{"rendered":"MASTER-SPORT 26761-PCS-MS Alatukivarsi"},"content":{"rendered":"<p>Asennuspuoli: Etuakseli, Vasen; Materiaali: Ter\u00e4s; Ohjausmalli: Poikittaistukivarsi; parilliset tuotenumerot: 26749-PCS-MS; Lukum\u00e4\u00e4r\u00e4 akselille: 1; Nettopaino [kg]: 3,51; Bruttopaino [kg]: 3,56; Valmistusvuosi alkaen: 12\/1997; FIAT: COUPE FA\/175,BRAVO I 182,MAREA Weekend 185,MAREA 185; ALFA ROMEO: SPIDER 916S_,GTV 916C_,145 930,155 167,146 930; LANCIA: DELTA II 836,DEDRA SW 835; 46423824, 46456049, 46462626, 46474556, 60564478, 60586771, 60593623, 60809813, 60811769, 60812796, 60813013, 60813043, 93501144, 46423824, 46456049, 46462626, 46474556, 60564478, 60586771, 60593623, 60809813, 60811769, 60812796, 60813013, 60813043, 77802443, 93501144, 46456049, 46462626, 46474556, 7780443; Tukivarsi,Tukivarsi, Py\u00f6r\u00e4ntuenta<\/p>\n","protected":false},"excerpt":{"rendered":"<p>MASTER-SPORT Alatukivarsi 26761-PCS-MS Tukivarsi,Tukivarsi, Py\u00f6r\u00e4ntuenta FIAT,ALFA ROMEO,LANCIA,COUPE FA\/175,BRAVO I 182,MAREA Weekend 185,MAREA 185<\/p>\n","protected":false},"featured_media":0,"template":"","meta":{"site-sidebar-layout":"default","site-content-layout":"default","ast-global-header-display":"","ast-main-header-display":"","ast-hfb-above-header-display":"","ast-hfb-below-header-display":"","ast-hfb-mobile-header-display":"","site-post-title":"","ast-breadcrumbs-content":"","ast-featured-img":"","footer-sml-layout":"","theme-transparent-header-meta":"","adv-header-id-meta":"","stick-header-meta":"","header-above-stick-meta":"","header-main-stick-meta":"","header-below-stick-meta":""},"pwb-brand":[61],"product_cat":[62],"product_tag":[],"class_list":{"0":"post-12759","1":"product","2":"type-product","3":"status-publish","5":"pwb-brand-master-sport","6":"product_cat-alatukivarsi","7":"desktop-align-left","8":"tablet-align-left","9":"mobile-align-left","11":"first","12":"instock","13":"product-type-external"},"brands":[{"id":61,"name":"MASTER-SPORT","slug":"master-sport"}],"_links":{"self":[{"href":"https:\/\/www.autonvaraosahaku.fi\/index.php?rest_route=\/wp\/v2\/product\/12759","targetHints":{"allow":["GET"]}}],"collection":[{"href":"https:\/\/www.autonvaraosahaku.fi\/index.php?rest_route=\/wp\/v2\/product"}],"about":[{"href":"https:\/\/www.autonvaraosahaku.fi\/index.php?rest_route=\/wp\/v2\/types\/product"}],"wp:attachment":[{"href":"https:\/\/www.autonvaraosahaku.fi\/index.php?rest_route=%2Fwp%2Fv2%2Fmedia&parent=12759"}],"wp:term":[{"taxonomy":"pwb-brand","embeddable":true,"href":"https:\/\/www.autonvaraosahaku.fi\/index.php?rest_route=%2Fwp%2Fv2%2Fpwb-brand&post=12759"},{"taxonomy":"product_cat","embeddable":true,"href":"https:\/\/www.autonvaraosahaku.fi\/index.php?rest_route=%2Fwp%2Fv2%2Fproduct_cat&post=12759"},{"taxonomy":"product_tag","embeddable":true,"href":"https:\/\/www.autonvaraosahaku.fi\/index.php?rest_route=%2Fwp%2Fv2%2Fproduct_tag&post=12759"}],"curies":[{"name":"wp","href":"https:\/\/api.w.org\/{rel}","templated":true}]}}