{"id":12766,"date":"2021-02-21T14:15:43","date_gmt":"2021-02-21T14:15:43","guid":{"rendered":"https:\/\/www.autonvaraosahaku.fi\/?product=valeo-253804-kampiakselin-asentotunnistin"},"modified":"2021-02-21T14:15:44","modified_gmt":"2021-02-21T14:15:44","slug":"valeo-253804-kampiakselin-asentotunnistin","status":"publish","type":"product","link":"https:\/\/www.autonvaraosahaku.fi\/?product=valeo-253804-kampiakselin-asentotunnistin","title":{"rendered":"VALEO 253804 Kampiakselin asentotunnistin"},"content":{"rendered":"<p>Tunnistinmalli: Hall-anturi; Napojen m\u00e4\u00e4r\u00e4: 3; J\u00e4nnite (V): 12; Pistokkeen kotelon muoto: Soikea; Korvaava tuote\/korvaava tiedote 2: ilman kaapelia; Paino [kg]: 0,07; Valmistusvuoteen: 10\/2009; JEEP: GRAND CHEROKEE IV WK, WK2,WRANGLER III JK,CHEROKEE KJ,CHEROKEE KK; IVECO: DAILY IV Kasten\/Kombi,DAILY III Pritsche\/Fahrgestell,DAILY III Kasten\/Kombi,DAILY IV Pritsche\/Fahrgestell,DAILY V Kasten\/Kombi,DAILY V Pritsche\/Fahrgestell,MASSIF Station Wagon,DAILY IV Kipper,MASSIF Single Cab,MASSIF Pick-up,DAILY VI Kasten\/Kombi,DAILY VI Pritsche\/Fahrgestell; KIA: SPORTAGE SL,CEE&#8217;D SW ED,CEE&#8217;D Schr\u00e4gheck ED,SPORTAGE JE_, KM_,CARENS II FJ,CARENS III UN,PRO CEE&#8217;D ED,CERATO LD,MAGENTIS MG,CERATO Stufenheck LD,OPTIMA,SPORTAGE QL; LAND ROVER: RANGE ROVER SPORT LS,RANGE ROVER III LM,RANGE ROVER SPORT LW,RANGE ROVER IV LG; HYUNDAI: i30 FD,GETZ TB,TUCSON JM,i30 CW FD,SANTA F\u00c9 II CM,TRAJET FO,SONATA V NF,SANTA F\u00c9 III DM,VELOSTER FS,GRANDEUR TG,GRAND SANTA F\u00c9,TUCSON; VOLVO: V50 MW,V70 III BW,C30,S40 II MS; OPEL: CORSA D,CORSA C F08, F68,ZAFIRA B A05,ASTRA H Caravan L35,MERIVA,ASTRA G CC F48_, F08_,ASTRA H L48,ASTRA J Sports Tourer,ASTRA G Caravan F35_,CORSA B 73_, 78_, 79_,INSIGNIA Caravan,ASTRA J,ASTRA H GTC L08,AGILA A H00,ZAFIRA TOURER C P12,ASTRA F CC 53_, 54_, 58_, 59_,TIGRA TwinTop,ASTRA H TwinTop L67,INSIGNIA,ASTRA F Caravan 51_, 52_,INSIGNIA Stufenheck,COMBO Kasten\/Kombi,ASTRA G Stufenheck F69_,ZAFIRA B Van,ASTRA GTC J,COMBO Tour,ASTRA F Cabriolet 53_B,ASTRA J Stufenheck,ASTRA F 56_, 57_,CORSA D Van,CORSA C Kasten F08, W5L,ASTRA H Stufenheck L69,COMBO 71_,CORSA E,CORSA E Van,ASTRA G CLASSIC Caravan F35,ASTRA G CLASSIC T98,ASTRA G CLASSIC Stufenheck T98; LANCIA: VOYAGER Gro\u00dfraumlimousine RT,THEMA LX; FORD: FIESTA V JH_, JD_,FOCUS II Kombi DA_,FIESTA VI,FOCUS Kombi DNW,FOCUS II DA_,FOCUS DAW, DBW,FOCUS III Turnier,FOCUS C-MAX,FIESTA IV JA_, JB_,C-MAX DM2,FOCUS III,C-MAX II,GRAND C-MAX,FOCUS Stufenheck DFW,FOCUS II Stufenheck DA_,B-MAX JK,FOCUS II Cabriolet,ECOSPORT,FOCUS III Stufenheck,B-MAX Van; FIAT: PUNTO 188,PANDA 169,DUCATO Kasten 250,SEICENTO 187,DUCATO Pritsche\/Fahrgestell 250,DUCATO Pritsche\/Fahrgestell 230,DUCATO Bus 250,DUCATO Bus 230,DUCATO Kasten 244,PUNTO 176,DUCATO Pritsche\/Fahrgestell 244,PANDA Van 169,DUCATO Kasten 230L,CINQUECENTO 170,PANDA 141A_,DUCATO Bus 244, Z_,STRADA Pick-up 178E,PUNTO Van 188AX,PUNTO Cabriolet 176C,PALIO Weekend 178DX,SEICENTO Van 187,PANDA Van 141_,PUNTO Van 176L,PALIO 178BX,SIENA 178_; 112685, 55187973, A113611011, 1920JH, 3808900J77, 46798367, 46798369, 504048261, 55187973, 80891268, K05140332AA, 1319158, 1826557, 4M5G12K073AA, 3930027400, 504048261, 55187973, 80891268, K05140332AA, 3930027400, 55187973, K05140332AA, LR000634, LR058405, MN180307, 1247810, 6235685, 6235715, 1920JH, 55187973, 93183528, 93186840, 93310500, 93347211; Nokka Akselin Anturi,Nokka Akselin Tunnistin,Tunnistin, Nokka-Akselin Ajoitus<\/p>\n","protected":false},"excerpt":{"rendered":"<p>VALEO Nokka Akselin Asentotunnistin 253804 Nokka Akselin Anturi,Nokka Akselin Tunnistin JEEP,IVECO,KIA,GRAND CHEROKEE IV WK, WK2,WRANGLER III JK<\/p>\n","protected":false},"featured_media":0,"template":"","meta":{"site-sidebar-layout":"default","site-content-layout":"default","ast-global-header-display":"","ast-main-header-display":"","ast-hfb-above-header-display":"","ast-hfb-below-header-display":"","ast-hfb-mobile-header-display":"","site-post-title":"","ast-breadcrumbs-content":"","ast-featured-img":"","footer-sml-layout":"","theme-transparent-header-meta":"","adv-header-id-meta":"","stick-header-meta":"","header-above-stick-meta":"","header-main-stick-meta":"","header-below-stick-meta":""},"pwb-brand":[28],"product_cat":[184],"product_tag":[],"class_list":{"0":"post-12766","1":"product","2":"type-product","3":"status-publish","5":"pwb-brand-valeo","6":"product_cat-kampiakselin-asentotunnistin","7":"desktop-align-left","8":"tablet-align-left","9":"mobile-align-left","11":"first","12":"instock","13":"product-type-external"},"brands":[{"id":28,"name":"VALEO","slug":"valeo"}],"_links":{"self":[{"href":"https:\/\/www.autonvaraosahaku.fi\/index.php?rest_route=\/wp\/v2\/product\/12766","targetHints":{"allow":["GET"]}}],"collection":[{"href":"https:\/\/www.autonvaraosahaku.fi\/index.php?rest_route=\/wp\/v2\/product"}],"about":[{"href":"https:\/\/www.autonvaraosahaku.fi\/index.php?rest_route=\/wp\/v2\/types\/product"}],"wp:attachment":[{"href":"https:\/\/www.autonvaraosahaku.fi\/index.php?rest_route=%2Fwp%2Fv2%2Fmedia&parent=12766"}],"wp:term":[{"taxonomy":"pwb-brand","embeddable":true,"href":"https:\/\/www.autonvaraosahaku.fi\/index.php?rest_route=%2Fwp%2Fv2%2Fpwb-brand&post=12766"},{"taxonomy":"product_cat","embeddable":true,"href":"https:\/\/www.autonvaraosahaku.fi\/index.php?rest_route=%2Fwp%2Fv2%2Fproduct_cat&post=12766"},{"taxonomy":"product_tag","embeddable":true,"href":"https:\/\/www.autonvaraosahaku.fi\/index.php?rest_route=%2Fwp%2Fv2%2Fproduct_tag&post=12766"}],"curies":[{"name":"wp","href":"https:\/\/api.w.org\/{rel}","templated":true}]}}