{"id":12768,"date":"2021-02-21T14:15:43","date_gmt":"2021-02-21T14:15:43","guid":{"rendered":"https:\/\/www.autonvaraosahaku.fi\/?product=zimmermann-600-1958-20-jarrurumpu"},"modified":"2021-02-21T14:15:44","modified_gmt":"2021-02-21T14:15:44","slug":"zimmermann-600-1958-20-jarrurumpu","status":"publish","type":"product","link":"https:\/\/www.autonvaraosahaku.fi\/?product=zimmermann-600-1958-20-jarrurumpu","title":{"rendered":"ZIMMERMANN 600.1958.20 Jarrurumpu"},"content":{"rendered":"<p>Pinta: pinnoitettu; Jarrurummun ulkol\u00e4pim. [mm]: 270; Jarrurummun sis\u00e4-\u00d8 [mm]: 230; Korkeus (mm): 64; Vanne, aukkoja: 4; Reik\u00e4ympyr\u00e4-\u00d8 [mm]: 100; keskitt\u00e4misl\u00e4pimitta [mm]: 65; Tarkistuskilpi: ECE R90 APPROVED; V\u00e4himm\u00e4ispaksuus (mm): 231; Paino [kg]: 6,40; Reik\u00e4kuvio\/-m\u00e4\u00e4r\u00e4: 5\/4; Tuotelinja: COAT Z; Asennuspuoli: Hinterachse; VW: GOLF III 1H1,GOLF II 19E, 1G1,GOLF III Variant 1H5,JETTA II 19E, 1G2, 165<\/p>\n","protected":false},"excerpt":{"rendered":"<p>ZIMMERMANN Jarrurumpu 600.1958.20  VW,GOLF III 1H1,GOLF II 19E, 1G1,GOLF III Variant 1H5,JETTA II 19E, 1G2, 165<\/p>\n","protected":false},"featured_media":0,"template":"","meta":{"site-sidebar-layout":"default","site-content-layout":"default","ast-global-header-display":"","ast-main-header-display":"","ast-hfb-above-header-display":"","ast-hfb-below-header-display":"","ast-hfb-mobile-header-display":"","site-post-title":"","ast-breadcrumbs-content":"","ast-featured-img":"","footer-sml-layout":"","theme-transparent-header-meta":"","adv-header-id-meta":"","stick-header-meta":"","header-above-stick-meta":"","header-main-stick-meta":"","header-below-stick-meta":""},"pwb-brand":[145],"product_cat":[304],"product_tag":[],"class_list":{"0":"post-12768","1":"product","2":"type-product","3":"status-publish","5":"pwb-brand-zimmermann","6":"product_cat-jarrurumpu","7":"desktop-align-left","8":"tablet-align-left","9":"mobile-align-left","11":"first","12":"instock","13":"product-type-external"},"brands":[{"id":145,"name":"ZIMMERMANN","slug":"zimmermann"}],"_links":{"self":[{"href":"https:\/\/www.autonvaraosahaku.fi\/index.php?rest_route=\/wp\/v2\/product\/12768","targetHints":{"allow":["GET"]}}],"collection":[{"href":"https:\/\/www.autonvaraosahaku.fi\/index.php?rest_route=\/wp\/v2\/product"}],"about":[{"href":"https:\/\/www.autonvaraosahaku.fi\/index.php?rest_route=\/wp\/v2\/types\/product"}],"wp:attachment":[{"href":"https:\/\/www.autonvaraosahaku.fi\/index.php?rest_route=%2Fwp%2Fv2%2Fmedia&parent=12768"}],"wp:term":[{"taxonomy":"pwb-brand","embeddable":true,"href":"https:\/\/www.autonvaraosahaku.fi\/index.php?rest_route=%2Fwp%2Fv2%2Fpwb-brand&post=12768"},{"taxonomy":"product_cat","embeddable":true,"href":"https:\/\/www.autonvaraosahaku.fi\/index.php?rest_route=%2Fwp%2Fv2%2Fproduct_cat&post=12768"},{"taxonomy":"product_tag","embeddable":true,"href":"https:\/\/www.autonvaraosahaku.fi\/index.php?rest_route=%2Fwp%2Fv2%2Fproduct_tag&post=12768"}],"curies":[{"name":"wp","href":"https:\/\/api.w.org\/{rel}","templated":true}]}}