{"id":12776,"date":"2021-02-21T14:15:43","date_gmt":"2021-02-21T14:15:43","guid":{"rendered":"https:\/\/www.autonvaraosahaku.fi\/?product=van-wezel-5740593-puskurin-ritila"},"modified":"2021-02-21T14:15:45","modified_gmt":"2021-02-21T14:15:45","slug":"van-wezel-5740593-puskurin-ritila","status":"publish","type":"product","link":"https:\/\/www.autonvaraosahaku.fi\/?product=van-wezel-5740593-puskurin-ritila","title":{"rendered":"VAN WEZEL 5740593 Puskurin ritil\u00e4"},"content":{"rendered":"<p>Asennuspuoli: Eteen, vasen; V\u00e4ri: Kromi; Mekaanisesti ty\u00f6stetty: Aukko\/aukot sumuvaloille; Muotoilu: Koristelistalla; Py\u00f6ri\u00e4: 2; parilliset tuotenumerot: 5740594; VW: PASSAT Variant 365,PASSAT 362; 3AA854661A9B9; Ritil\u00e4<\/p>\n","protected":false},"excerpt":{"rendered":"<p>VAN WEZEL Puskurin Ritil\u00e4 5740593 Ritil\u00e4 VW,PASSAT Variant 365,PASSAT 362<\/p>\n","protected":false},"featured_media":0,"template":"","meta":{"site-sidebar-layout":"default","site-content-layout":"default","ast-global-header-display":"","ast-main-header-display":"","ast-hfb-above-header-display":"","ast-hfb-below-header-display":"","ast-hfb-mobile-header-display":"","site-post-title":"","ast-breadcrumbs-content":"","ast-featured-img":"","footer-sml-layout":"","theme-transparent-header-meta":"","adv-header-id-meta":"","stick-header-meta":"","header-above-stick-meta":"","header-main-stick-meta":"","header-below-stick-meta":""},"pwb-brand":[54],"product_cat":[259],"product_tag":[],"class_list":{"0":"post-12776","1":"product","2":"type-product","3":"status-publish","5":"pwb-brand-van-wezel","6":"product_cat-puskurin-ritila","7":"desktop-align-left","8":"tablet-align-left","9":"mobile-align-left","11":"first","12":"instock","13":"product-type-external"},"brands":[{"id":54,"name":"VAN WEZEL","slug":"van-wezel"}],"_links":{"self":[{"href":"https:\/\/www.autonvaraosahaku.fi\/index.php?rest_route=\/wp\/v2\/product\/12776","targetHints":{"allow":["GET"]}}],"collection":[{"href":"https:\/\/www.autonvaraosahaku.fi\/index.php?rest_route=\/wp\/v2\/product"}],"about":[{"href":"https:\/\/www.autonvaraosahaku.fi\/index.php?rest_route=\/wp\/v2\/types\/product"}],"wp:attachment":[{"href":"https:\/\/www.autonvaraosahaku.fi\/index.php?rest_route=%2Fwp%2Fv2%2Fmedia&parent=12776"}],"wp:term":[{"taxonomy":"pwb-brand","embeddable":true,"href":"https:\/\/www.autonvaraosahaku.fi\/index.php?rest_route=%2Fwp%2Fv2%2Fpwb-brand&post=12776"},{"taxonomy":"product_cat","embeddable":true,"href":"https:\/\/www.autonvaraosahaku.fi\/index.php?rest_route=%2Fwp%2Fv2%2Fproduct_cat&post=12776"},{"taxonomy":"product_tag","embeddable":true,"href":"https:\/\/www.autonvaraosahaku.fi\/index.php?rest_route=%2Fwp%2Fv2%2Fproduct_tag&post=12776"}],"curies":[{"name":"wp","href":"https:\/\/api.w.org\/{rel}","templated":true}]}}