{"id":12830,"date":"2021-02-21T14:15:54","date_gmt":"2021-02-21T14:15:54","guid":{"rendered":"https:\/\/www.autonvaraosahaku.fi\/?product=master-sport-27192-pcs-ms-alatukivarsi"},"modified":"2021-02-21T14:15:56","modified_gmt":"2021-02-21T14:15:56","slug":"master-sport-27192-pcs-ms-alatukivarsi","status":"publish","type":"product","link":"https:\/\/www.autonvaraosahaku.fi\/?product=master-sport-27192-pcs-ms-alatukivarsi","title":{"rendered":"MASTER-SPORT 27192-PCS-MS Alatukivarsi"},"content":{"rendered":"<p>Asennuspuoli: Taka-akseli, Yl\u00e4puolella, Vasen, Takana; Materiaali: Alumiini; Ohjausmalli: Poikittaistukivarsi; parilliset tuotenumerot: 27193-PCS-MS; Lukum\u00e4\u00e4r\u00e4 akselille: 1; Nettopaino [kg]: 0,95; Bruttopaino [kg]: 1; Valmistusvuosi alkaen: 03\/2005; BMW: 5 E60,5 Touring E61,7 E65, E66, E67,6 E63,6 Cabriolet E64; ALPINA: B7 E65; 2347991, 33306772241, 33322347991, 6772241, 2347991, 33306772241, 33322347991, 33326758141, 33326767759, 33326769971, 33326770775, 33326774793, 6758141, 6767759, 6769971, 6770775, 6772241, 6774793; Tukivarsi,Tukivarsi, Py\u00f6r\u00e4ntuenta<\/p>\n","protected":false},"excerpt":{"rendered":"<p>MASTER-SPORT Alatukivarsi 27192-PCS-MS Tukivarsi,Tukivarsi, Py\u00f6r\u00e4ntuenta BMW,ALPINA,5 E60,5 Touring E61,7 E65, E66, E67,6 E63,6 Cabriolet E64,B7 E65<\/p>\n","protected":false},"featured_media":0,"template":"","meta":{"site-sidebar-layout":"default","site-content-layout":"default","ast-global-header-display":"","ast-main-header-display":"","ast-hfb-above-header-display":"","ast-hfb-below-header-display":"","ast-hfb-mobile-header-display":"","site-post-title":"","ast-breadcrumbs-content":"","ast-featured-img":"","footer-sml-layout":"","theme-transparent-header-meta":"","adv-header-id-meta":"","stick-header-meta":"","header-above-stick-meta":"","header-main-stick-meta":"","header-below-stick-meta":""},"pwb-brand":[61],"product_cat":[62],"product_tag":[],"class_list":{"0":"post-12830","1":"product","2":"type-product","3":"status-publish","5":"pwb-brand-master-sport","6":"product_cat-alatukivarsi","7":"desktop-align-left","8":"tablet-align-left","9":"mobile-align-left","11":"first","12":"instock","13":"product-type-external"},"brands":[{"id":61,"name":"MASTER-SPORT","slug":"master-sport"}],"_links":{"self":[{"href":"https:\/\/www.autonvaraosahaku.fi\/index.php?rest_route=\/wp\/v2\/product\/12830","targetHints":{"allow":["GET"]}}],"collection":[{"href":"https:\/\/www.autonvaraosahaku.fi\/index.php?rest_route=\/wp\/v2\/product"}],"about":[{"href":"https:\/\/www.autonvaraosahaku.fi\/index.php?rest_route=\/wp\/v2\/types\/product"}],"wp:attachment":[{"href":"https:\/\/www.autonvaraosahaku.fi\/index.php?rest_route=%2Fwp%2Fv2%2Fmedia&parent=12830"}],"wp:term":[{"taxonomy":"pwb-brand","embeddable":true,"href":"https:\/\/www.autonvaraosahaku.fi\/index.php?rest_route=%2Fwp%2Fv2%2Fpwb-brand&post=12830"},{"taxonomy":"product_cat","embeddable":true,"href":"https:\/\/www.autonvaraosahaku.fi\/index.php?rest_route=%2Fwp%2Fv2%2Fproduct_cat&post=12830"},{"taxonomy":"product_tag","embeddable":true,"href":"https:\/\/www.autonvaraosahaku.fi\/index.php?rest_route=%2Fwp%2Fv2%2Fproduct_tag&post=12830"}],"curies":[{"name":"wp","href":"https:\/\/api.w.org\/{rel}","templated":true}]}}