{"id":12834,"date":"2021-02-21T14:15:54","date_gmt":"2021-02-21T14:15:54","guid":{"rendered":"https:\/\/www.autonvaraosahaku.fi\/?product=master-sport-230777-pcs-ms-iskunvaimennin"},"modified":"2021-02-21T14:15:56","modified_gmt":"2021-02-21T14:15:56","slug":"master-sport-230777-pcs-ms-iskunvaimennin","status":"publish","type":"product","link":"https:\/\/www.autonvaraosahaku.fi\/?product=master-sport-230777-pcs-ms-iskunvaimennin","title":{"rendered":"MASTER-SPORT 230777-PCS-MS Iskunvaimennin"},"content":{"rendered":"<p>Iskunvaimennin tyyppi: Kaasupaine; Iskunvaimennin malli: Joustintuki; Iskunvaimennusj\u00e4rjestelm\u00e4: Kaksiputki; Lukum\u00e4\u00e4r\u00e4 akselille: 2, 2; Nettopaino [kg]: 4,86; Bruttopaino [kg]: 5,17; Asennuspuoli: Oikea; Alustarakenne: f\u00fcr Fahrzeuge mit Standard Fahrwerk; FORD: TRANSIT  MK-5 Bus E_ _,TRANSIT Kasten T_ _,TRANSIT MK-5 Pritsche\/Fahrgestell E_ _,TRANSIT Bus T_ _,TRANSIT Bus MK-4 E_ _,TRANSIT MK-5 Kasten E_ _,TRANSIT MK-4 Pritsche\/Fahrgestell E_ _,TRANSIT MK-4 Kasten E_ _,TRANSIT Pritsche\/Fahrgestell T_ _; 1104361, 5025612, 5025613, 5029866, 5029867, 6567665, 6567666, 92VB18045AA, 92VB18045AB, 92VB18045BA, 92VB18045BB, 92VB18077AB, 92VB18077AC, 92VB18077AD, 92VB18077AE, 92VB18077BB, 92VB18077BC, 92VB18077BD, 92VB18077BE, 92VX18045AB, 92VX18045BB, 95VB18045CA, 95VX18045CA, 95VX18045DA; Iskarit,Iskunvaimennin<\/p>\n","protected":false},"excerpt":{"rendered":"<p>MASTER-SPORT Iskunvaimentimet 230777-PCS-MS Iskarit,Iskunvaimennin FORD,TRANSIT  MK-5 Bus E_ _,TRANSIT Kasten T_ _<\/p>\n","protected":false},"featured_media":0,"template":"","meta":{"site-sidebar-layout":"default","site-content-layout":"default","ast-global-header-display":"","ast-main-header-display":"","ast-hfb-above-header-display":"","ast-hfb-below-header-display":"","ast-hfb-mobile-header-display":"","site-post-title":"","ast-breadcrumbs-content":"","ast-featured-img":"","footer-sml-layout":"","theme-transparent-header-meta":"","adv-header-id-meta":"","stick-header-meta":"","header-above-stick-meta":"","header-main-stick-meta":"","header-below-stick-meta":""},"pwb-brand":[61],"product_cat":[80],"product_tag":[],"class_list":{"0":"post-12834","1":"product","2":"type-product","3":"status-publish","5":"pwb-brand-master-sport","6":"product_cat-iskunvaimennin","7":"desktop-align-left","8":"tablet-align-left","9":"mobile-align-left","11":"first","12":"instock","13":"product-type-external"},"brands":[{"id":61,"name":"MASTER-SPORT","slug":"master-sport"}],"_links":{"self":[{"href":"https:\/\/www.autonvaraosahaku.fi\/index.php?rest_route=\/wp\/v2\/product\/12834","targetHints":{"allow":["GET"]}}],"collection":[{"href":"https:\/\/www.autonvaraosahaku.fi\/index.php?rest_route=\/wp\/v2\/product"}],"about":[{"href":"https:\/\/www.autonvaraosahaku.fi\/index.php?rest_route=\/wp\/v2\/types\/product"}],"wp:attachment":[{"href":"https:\/\/www.autonvaraosahaku.fi\/index.php?rest_route=%2Fwp%2Fv2%2Fmedia&parent=12834"}],"wp:term":[{"taxonomy":"pwb-brand","embeddable":true,"href":"https:\/\/www.autonvaraosahaku.fi\/index.php?rest_route=%2Fwp%2Fv2%2Fpwb-brand&post=12834"},{"taxonomy":"product_cat","embeddable":true,"href":"https:\/\/www.autonvaraosahaku.fi\/index.php?rest_route=%2Fwp%2Fv2%2Fproduct_cat&post=12834"},{"taxonomy":"product_tag","embeddable":true,"href":"https:\/\/www.autonvaraosahaku.fi\/index.php?rest_route=%2Fwp%2Fv2%2Fproduct_tag&post=12834"}],"curies":[{"name":"wp","href":"https:\/\/api.w.org\/{rel}","templated":true}]}}