{"id":12837,"date":"2021-02-21T14:15:54","date_gmt":"2021-02-21T14:15:54","guid":{"rendered":"https:\/\/www.autonvaraosahaku.fi\/?product=original-imperium-26346-vetonivelen-suojakumi"},"modified":"2021-02-21T14:15:56","modified_gmt":"2021-02-21T14:15:56","slug":"original-imperium-26346-vetonivelen-suojakumi","status":"publish","type":"product","link":"https:\/\/www.autonvaraosahaku.fi\/?product=original-imperium-26346-vetonivelen-suojakumi","title":{"rendered":"ORIGINAL IMPERIUM 26346 Vetonivelen suojakumi"},"content":{"rendered":"<p>Korkeus (mm): 98; Asennuspuoli: Vaihteiston puoli, Oikea; Materiaali: Kumi; Paino [g]: 188; Korvaava tuote\/korvaava tiedote 2: laipalla, kiinnityskiristimell\u00e4; L\u00e4pimitta 1 [mm]: 23; L\u00e4pimitta 2 [mm]: 99; FIAT: PUNTO 188,STILO 192,BARCHETTA 183,PUNTO 176,STILO Multi Wagon 192,IDEA,COUPE FA\/175,MULTIPLA 186,PUNTO Van 188AX,BRAVO I 182,BRAVA 182,MAREA Weekend 185,MAREA 185,PUNTO Van 176L; ALFA ROMEO: 147 937,156 Sportwagon 932,156 932,GT 937,SPIDER 916S_,166 936,GTV 916C_,145 930,155 167,146 930,33 907A,33 Sportwagon 907B; LANCIA: MUSA 350,LYBRA SW 839BX,DELTA I 831AB0,KAPPA 838A,LYBRA 839AX,DELTA II 836,KAPPA SW 838B,DEDRA 835,DEDRA SW 835; 46307029, 60811991, 7771580, 46307029, 60811991, 7771580, 46307029, 60811991, 7771580; Vetoakselin Suojakumi,Paljekumi, Vetoakseli<\/p>\n","protected":false},"excerpt":{"rendered":"<p>ORIGINAL IMPERIUM Vetonivelen Suojakumi 26346 Vetoakselin Suojakumi,Paljekumi, Vetoakseli FIAT,ALFA ROMEO,LANCIA,PUNTO 188,STILO 192,BARCHETTA 183<\/p>\n","protected":false},"featured_media":0,"template":"","meta":{"site-sidebar-layout":"default","site-content-layout":"default","ast-global-header-display":"","ast-main-header-display":"","ast-hfb-above-header-display":"","ast-hfb-below-header-display":"","ast-hfb-mobile-header-display":"","site-post-title":"","ast-breadcrumbs-content":"","ast-featured-img":"","footer-sml-layout":"","theme-transparent-header-meta":"","adv-header-id-meta":"","stick-header-meta":"","header-above-stick-meta":"","header-main-stick-meta":"","header-below-stick-meta":""},"pwb-brand":[72],"product_cat":[42],"product_tag":[],"class_list":{"0":"post-12837","1":"product","2":"type-product","3":"status-publish","5":"pwb-brand-original-imperium","6":"product_cat-vetonivelen-suojakumi","7":"desktop-align-left","8":"tablet-align-left","9":"mobile-align-left","11":"first","12":"instock","13":"product-type-external"},"brands":[{"id":72,"name":"ORIGINAL IMPERIUM","slug":"original-imperium"}],"_links":{"self":[{"href":"https:\/\/www.autonvaraosahaku.fi\/index.php?rest_route=\/wp\/v2\/product\/12837","targetHints":{"allow":["GET"]}}],"collection":[{"href":"https:\/\/www.autonvaraosahaku.fi\/index.php?rest_route=\/wp\/v2\/product"}],"about":[{"href":"https:\/\/www.autonvaraosahaku.fi\/index.php?rest_route=\/wp\/v2\/types\/product"}],"wp:attachment":[{"href":"https:\/\/www.autonvaraosahaku.fi\/index.php?rest_route=%2Fwp%2Fv2%2Fmedia&parent=12837"}],"wp:term":[{"taxonomy":"pwb-brand","embeddable":true,"href":"https:\/\/www.autonvaraosahaku.fi\/index.php?rest_route=%2Fwp%2Fv2%2Fpwb-brand&post=12837"},{"taxonomy":"product_cat","embeddable":true,"href":"https:\/\/www.autonvaraosahaku.fi\/index.php?rest_route=%2Fwp%2Fv2%2Fproduct_cat&post=12837"},{"taxonomy":"product_tag","embeddable":true,"href":"https:\/\/www.autonvaraosahaku.fi\/index.php?rest_route=%2Fwp%2Fv2%2Fproduct_tag&post=12837"}],"curies":[{"name":"wp","href":"https:\/\/api.w.org\/{rel}","templated":true}]}}