{"id":12839,"date":"2021-02-21T14:15:58","date_gmt":"2021-02-21T14:15:58","guid":{"rendered":"https:\/\/www.autonvaraosahaku.fi\/?product=swf-262207-pyyhkijansulat"},"modified":"2021-02-21T14:15:58","modified_gmt":"2021-02-21T14:15:58","slug":"swf-262207-pyyhkijansulat","status":"publish","type":"product","link":"https:\/\/www.autonvaraosahaku.fi\/?product=swf-262207-pyyhkijansulat","title":{"rendered":"SWF 262207 Pyyhkij\u00e4nsulat"},"content":{"rendered":"<p>Vasen \/ oikea liikenne: Ohjaus vasemmalla; M\u00e4\u00e4r\u00e4: 1; Pituus (mm): 530; Pituus (tuumaa): 21; Paino [kg]: 0,178; Tuotelinja: Alternative Connect; Pyyhkij\u00e4nsulkatyyppi: Rungottomat; Oviluku: 5; VW: GOLF IV 1J1,POLO 9N_,PASSAT Variant 3B6,GOLF IV Variant 1J5,BORA 1J2,PASSAT 3B3,BORA Kombi 1J6,POLO Stufenheck 9A4,GOLF IV Van 1J1,TIGUAN ALLSPACE BW2; AUDI: A6 Avant 4G5, C7, 4GD,TT 8N3,TT 8J3,A6 4G2, C7, 4GC,TT Roadster 8N9,A7 Sportback 4GA, 4GF,TT Roadster 8J9,A6 Allroad 4GH, 4GJ; MERCEDES-BENZ: M-CLASS W164,R-CLASS W251, V251,GL-CLASS X164; FIAT: MULTIPLA 186; SKODA: FABIA,FABIA Combi,ROOMSTER 5J,SUPERB 3U4,ROOMSTER Praktik 5J,KODIAQ NS7; SEAT: IBIZA IV 6L1,CORDOBA 6L2; VOLVO: V70 II SW,S60 I,S80 I TS, XY,XC70 CROSS COUNTRY; MINI: MINI CLUBMAN F54; PORSCHE: CAYENNE 9YA; LAND ROVER: RANGE ROVER EVOQUE LV,RANGE ROVER EVOQUE Cabriolet LV_; 3A1955425, 8F1955426A, 8J1955426A, 3A1955425, 3A1955425, 3A1955425; Tuulilasinpyyhkimet,Pyyhkij\u00e4t,Pyyhkij\u00e4nsulka<\/p>\n","protected":false},"excerpt":{"rendered":"<p>SWF Pyyhkij\u00e4nsulat 262207 Tuulilasinpyyhkimet,Pyyhkij\u00e4t VW,AUDI,MERCEDES-BENZ,GOLF IV 1J1,POLO 9N_,PASSAT Variant 3B6,GOLF IV Variant 1J5,BORA 1J2<\/p>\n","protected":false},"featured_media":0,"template":"","meta":{"site-sidebar-layout":"default","site-content-layout":"default","ast-global-header-display":"","ast-main-header-display":"","ast-hfb-above-header-display":"","ast-hfb-below-header-display":"","ast-hfb-mobile-header-display":"","site-post-title":"","ast-breadcrumbs-content":"","ast-featured-img":"","footer-sml-layout":"","theme-transparent-header-meta":"","adv-header-id-meta":"","stick-header-meta":"","header-above-stick-meta":"","header-main-stick-meta":"","header-below-stick-meta":""},"pwb-brand":[204],"product_cat":[33],"product_tag":[],"class_list":{"0":"post-12839","1":"product","2":"type-product","3":"status-publish","5":"pwb-brand-swf","6":"product_cat-pyyhkijansulat","7":"desktop-align-left","8":"tablet-align-left","9":"mobile-align-left","11":"first","12":"instock","13":"product-type-external"},"brands":[{"id":204,"name":"SWF","slug":"swf"}],"_links":{"self":[{"href":"https:\/\/www.autonvaraosahaku.fi\/index.php?rest_route=\/wp\/v2\/product\/12839","targetHints":{"allow":["GET"]}}],"collection":[{"href":"https:\/\/www.autonvaraosahaku.fi\/index.php?rest_route=\/wp\/v2\/product"}],"about":[{"href":"https:\/\/www.autonvaraosahaku.fi\/index.php?rest_route=\/wp\/v2\/types\/product"}],"wp:attachment":[{"href":"https:\/\/www.autonvaraosahaku.fi\/index.php?rest_route=%2Fwp%2Fv2%2Fmedia&parent=12839"}],"wp:term":[{"taxonomy":"pwb-brand","embeddable":true,"href":"https:\/\/www.autonvaraosahaku.fi\/index.php?rest_route=%2Fwp%2Fv2%2Fpwb-brand&post=12839"},{"taxonomy":"product_cat","embeddable":true,"href":"https:\/\/www.autonvaraosahaku.fi\/index.php?rest_route=%2Fwp%2Fv2%2Fproduct_cat&post=12839"},{"taxonomy":"product_tag","embeddable":true,"href":"https:\/\/www.autonvaraosahaku.fi\/index.php?rest_route=%2Fwp%2Fv2%2Fproduct_tag&post=12839"}],"curies":[{"name":"wp","href":"https:\/\/api.w.org\/{rel}","templated":true}]}}