{"id":12857,"date":"2021-02-21T14:15:58","date_gmt":"2021-02-21T14:15:58","guid":{"rendered":"https:\/\/www.autonvaraosahaku.fi\/?product=original-imperium-221013-jaahdyttimen-letku"},"modified":"2021-02-21T14:16:00","modified_gmt":"2021-02-21T14:16:00","slug":"original-imperium-221013-jaahdyttimen-letku","status":"publish","type":"product","link":"https:\/\/www.autonvaraosahaku.fi\/?product=original-imperium-221013-jaahdyttimen-letku","title":{"rendered":"ORIGINAL IMPERIUM 221013 J\u00e4\u00e4hdyttimen letku"},"content":{"rendered":"<p>Asennuspuoli: Poisto; Paino [g]: 173; J\u00e4\u00e4hdytysjohto: von Heizungsk\u00fchler nach Motor; AUDI: 80 8C, B4,80 89, 89Q, 8A, B3,80 Avant 8C, B4,100 44, 44Q, C3,COUPE 89, 8B,80 81, 85, B2,90 89, 89Q, 8A, B3,100 Avant 44, 44Q, C3,COUPE 81, 85,80 80, 82, B1,90 81, 85, B2; 893819375A, 893819375E, 893819375A, 893819375E, 893819375A, 893819375E, 893819375A, 893819375E<\/p>\n","protected":false},"excerpt":{"rendered":"<p>ORIGINAL IMPERIUM J\u00e4\u00e4hdyttimen Letku 221013  AUDI,80 8C, B4,80 89, 89Q, 8A, B3,80 Avant 8C, B4,100 44, 44Q, C3,COUPE 89, 8B,80 81, 85, B2<\/p>\n","protected":false},"featured_media":0,"template":"","meta":{"site-sidebar-layout":"default","site-content-layout":"default","ast-global-header-display":"","ast-main-header-display":"","ast-hfb-above-header-display":"","ast-hfb-below-header-display":"","ast-hfb-mobile-header-display":"","site-post-title":"","ast-breadcrumbs-content":"","ast-featured-img":"","footer-sml-layout":"","theme-transparent-header-meta":"","adv-header-id-meta":"","stick-header-meta":"","header-above-stick-meta":"","header-main-stick-meta":"","header-below-stick-meta":""},"pwb-brand":[72],"product_cat":[206],"product_tag":[],"class_list":{"0":"post-12857","1":"product","2":"type-product","3":"status-publish","5":"pwb-brand-original-imperium","6":"product_cat-jaahdyttimen-letku","7":"desktop-align-left","8":"tablet-align-left","9":"mobile-align-left","11":"first","12":"instock","13":"product-type-external"},"brands":[{"id":72,"name":"ORIGINAL IMPERIUM","slug":"original-imperium"}],"_links":{"self":[{"href":"https:\/\/www.autonvaraosahaku.fi\/index.php?rest_route=\/wp\/v2\/product\/12857","targetHints":{"allow":["GET"]}}],"collection":[{"href":"https:\/\/www.autonvaraosahaku.fi\/index.php?rest_route=\/wp\/v2\/product"}],"about":[{"href":"https:\/\/www.autonvaraosahaku.fi\/index.php?rest_route=\/wp\/v2\/types\/product"}],"wp:attachment":[{"href":"https:\/\/www.autonvaraosahaku.fi\/index.php?rest_route=%2Fwp%2Fv2%2Fmedia&parent=12857"}],"wp:term":[{"taxonomy":"pwb-brand","embeddable":true,"href":"https:\/\/www.autonvaraosahaku.fi\/index.php?rest_route=%2Fwp%2Fv2%2Fpwb-brand&post=12857"},{"taxonomy":"product_cat","embeddable":true,"href":"https:\/\/www.autonvaraosahaku.fi\/index.php?rest_route=%2Fwp%2Fv2%2Fproduct_cat&post=12857"},{"taxonomy":"product_tag","embeddable":true,"href":"https:\/\/www.autonvaraosahaku.fi\/index.php?rest_route=%2Fwp%2Fv2%2Fproduct_tag&post=12857"}],"curies":[{"name":"wp","href":"https:\/\/api.w.org\/{rel}","templated":true}]}}