{"id":12866,"date":"2021-02-21T14:16:02","date_gmt":"2021-02-21T14:16:02","guid":{"rendered":"https:\/\/www.autonvaraosahaku.fi\/?product=maxgear-54-0623-hihnankiristin"},"modified":"2021-02-21T14:16:02","modified_gmt":"2021-02-21T14:16:02","slug":"maxgear-54-0623-hihnankiristin","status":"publish","type":"product","link":"https:\/\/www.autonvaraosahaku.fi\/?product=maxgear-54-0623-hihnankiristin","title":{"rendered":"MAXGEAR 54-0623 Hihnankiristin"},"content":{"rendered":"<p>Hihnapy\u00f6r\u00e4-\u00d8[mm]: 34; Korkeus 1 (mm): 105; Paino [kg]: 0,34; SUZUKI: BALENO Kombi EG,BALENO EG,BALENO Schr\u00e4gheck EG; LANCIA: ZETA 220; FIAT: ULYSSE 220,SCUDO Kasten 220L,SCUDO Combinato 220P; CITRO\u00cbN: BERLINGO MF,BERLINGO Kasten M_,XSARA N1,XSARA Break N2,XM Y4,XSARA Coupe N0,XANTIA X1,EVASION 22, U6,ZX N2,JUMPY U6U,JUMPY Kasten BS_, BT_, BY_, BZ_,XM Y3,XANTIA Break X1,ZX Break N2,XM Break Y4,JUMPY Pritsche\/Fahrgestell BU_, BV_, BW_, BX_,XM Break Y3; PEUGEOT: 206 Schr\u00e4gheck 2A\/C,306 Schr\u00e4gheck 7A, 7C, N3, N5,406 Break 8E\/F,PARTNER Combispace 5F,PARTNER Kasten 5,306 Break 7E, N3, N5,406 8B,806 221,306 7B, N3, N5,EXPERT Kasten 222,206 Van,605 6B,EXPERT 224,EXPERT Pritsche\/Fahrgestell 223; 575144, 575181, 9405751819, 9623659880, 9632155180, 9633056680, 575144, 575181; Hihnankiristin, Moniurahihna<\/p>\n","protected":false},"excerpt":{"rendered":"<p>MAXGEAR Hihnankiristin 54-0623 Hihnankiristin, Moniurahihna SUZUKI,LANCIA,FIAT,BALENO Kombi EG,BALENO EG,BALENO Schr\u00e4gheck EG,ZETA 220,ULYSSE 220<\/p>\n","protected":false},"featured_media":0,"template":"","meta":{"site-sidebar-layout":"default","site-content-layout":"default","ast-global-header-display":"","ast-main-header-display":"","ast-hfb-above-header-display":"","ast-hfb-below-header-display":"","ast-hfb-mobile-header-display":"","site-post-title":"","ast-breadcrumbs-content":"","ast-featured-img":"","footer-sml-layout":"","theme-transparent-header-meta":"","adv-header-id-meta":"","stick-header-meta":"","header-above-stick-meta":"","header-main-stick-meta":"","header-below-stick-meta":""},"pwb-brand":[48],"product_cat":[186],"product_tag":[],"class_list":{"0":"post-12866","1":"product","2":"type-product","3":"status-publish","5":"pwb-brand-maxgear","6":"product_cat-hihnankiristin","7":"desktop-align-left","8":"tablet-align-left","9":"mobile-align-left","11":"first","12":"instock","13":"product-type-external"},"brands":[{"id":48,"name":"MAXGEAR","slug":"maxgear"}],"_links":{"self":[{"href":"https:\/\/www.autonvaraosahaku.fi\/index.php?rest_route=\/wp\/v2\/product\/12866","targetHints":{"allow":["GET"]}}],"collection":[{"href":"https:\/\/www.autonvaraosahaku.fi\/index.php?rest_route=\/wp\/v2\/product"}],"about":[{"href":"https:\/\/www.autonvaraosahaku.fi\/index.php?rest_route=\/wp\/v2\/types\/product"}],"wp:attachment":[{"href":"https:\/\/www.autonvaraosahaku.fi\/index.php?rest_route=%2Fwp%2Fv2%2Fmedia&parent=12866"}],"wp:term":[{"taxonomy":"pwb-brand","embeddable":true,"href":"https:\/\/www.autonvaraosahaku.fi\/index.php?rest_route=%2Fwp%2Fv2%2Fpwb-brand&post=12866"},{"taxonomy":"product_cat","embeddable":true,"href":"https:\/\/www.autonvaraosahaku.fi\/index.php?rest_route=%2Fwp%2Fv2%2Fproduct_cat&post=12866"},{"taxonomy":"product_tag","embeddable":true,"href":"https:\/\/www.autonvaraosahaku.fi\/index.php?rest_route=%2Fwp%2Fv2%2Fproduct_tag&post=12866"}],"curies":[{"name":"wp","href":"https:\/\/api.w.org\/{rel}","templated":true}]}}