{"id":12868,"date":"2021-02-21T14:16:02","date_gmt":"2021-02-21T14:16:02","guid":{"rendered":"https:\/\/www.autonvaraosahaku.fi\/?product=tyc-537-0010-lammityslaitteen-puhallin"},"modified":"2021-02-21T14:16:03","modified_gmt":"2021-02-21T14:16:03","slug":"tyc-537-0010-lammityslaitteen-puhallin","status":"publish","type":"product","link":"https:\/\/www.autonvaraosahaku.fi\/?product=tyc-537-0010-lammityslaitteen-puhallin","title":{"rendered":"TYC 537-0010 L\u00e4mmityslaitteen puhallin"},"content":{"rendered":"<p>Varusteet: ajoneuvoille ilmastointilaitteella tai ilman; J\u00e4nnite (V): 13,5; Virtakuormituskesto [A]: 19; Py\u00f6rimisnopeus, majakka [1\/min]: 3350; Nimellisteho (W): 256,5; Rekister\u00f6ity tyyppi: CE-hyv\u00e4ksynt\u00e4; VW: SHARAN 7M8, 7M9, 7M6; SEAT: ALHAMBRA 7V8, 7V9; FORD: GALAXY WGR; 1038587, 1101897, 1109798, 7204771, 7367246, 95NW18456AA, 95NW18456AB, 95NW18456AC, 95NW18456AD, XM2H18456AA, 7M1819021, 7M1819021A, 7M1819021B, 7M1819021D, 7M1819021, 7M1819021A, 7M1819021B, 7M1819021D; Sis\u00e4tilan Puhallin,Sis\u00e4tilapuhallin<\/p>\n","protected":false},"excerpt":{"rendered":"<p>TYC L\u00e4mmityslaitteen Puhallin 537-0010 Sis\u00e4tilan Puhallin,Sis\u00e4tilapuhallin VW,SEAT,FORD,SHARAN 7M8, 7M9, 7M6,ALHAMBRA 7V8, 7V9,GALAXY WGR<\/p>\n","protected":false},"featured_media":0,"template":"","meta":{"site-sidebar-layout":"default","site-content-layout":"default","ast-global-header-display":"","ast-main-header-display":"","ast-hfb-above-header-display":"","ast-hfb-below-header-display":"","ast-hfb-mobile-header-display":"","site-post-title":"","ast-breadcrumbs-content":"","ast-featured-img":"","footer-sml-layout":"","theme-transparent-header-meta":"","adv-header-id-meta":"","stick-header-meta":"","header-above-stick-meta":"","header-main-stick-meta":"","header-below-stick-meta":""},"pwb-brand":[124],"product_cat":[86],"product_tag":[],"class_list":{"0":"post-12868","1":"product","2":"type-product","3":"status-publish","5":"pwb-brand-tyc","6":"product_cat-lammityslaitteen-puhallin","7":"desktop-align-left","8":"tablet-align-left","9":"mobile-align-left","11":"first","12":"instock","13":"product-type-external"},"brands":[{"id":124,"name":"TYC","slug":"tyc"}],"_links":{"self":[{"href":"https:\/\/www.autonvaraosahaku.fi\/index.php?rest_route=\/wp\/v2\/product\/12868","targetHints":{"allow":["GET"]}}],"collection":[{"href":"https:\/\/www.autonvaraosahaku.fi\/index.php?rest_route=\/wp\/v2\/product"}],"about":[{"href":"https:\/\/www.autonvaraosahaku.fi\/index.php?rest_route=\/wp\/v2\/types\/product"}],"wp:attachment":[{"href":"https:\/\/www.autonvaraosahaku.fi\/index.php?rest_route=%2Fwp%2Fv2%2Fmedia&parent=12868"}],"wp:term":[{"taxonomy":"pwb-brand","embeddable":true,"href":"https:\/\/www.autonvaraosahaku.fi\/index.php?rest_route=%2Fwp%2Fv2%2Fpwb-brand&post=12868"},{"taxonomy":"product_cat","embeddable":true,"href":"https:\/\/www.autonvaraosahaku.fi\/index.php?rest_route=%2Fwp%2Fv2%2Fproduct_cat&post=12868"},{"taxonomy":"product_tag","embeddable":true,"href":"https:\/\/www.autonvaraosahaku.fi\/index.php?rest_route=%2Fwp%2Fv2%2Fproduct_tag&post=12868"}],"curies":[{"name":"wp","href":"https:\/\/api.w.org\/{rel}","templated":true}]}}