{"id":12895,"date":"2021-02-21T14:16:05","date_gmt":"2021-02-21T14:16:05","guid":{"rendered":"https:\/\/www.autonvaraosahaku.fi\/?product=nrf-31350-oljynjaahdytin"},"modified":"2021-02-21T14:16:07","modified_gmt":"2021-02-21T14:16:07","slug":"nrf-31350-oljynjaahdytin","status":"publish","type":"product","link":"https:\/\/www.autonvaraosahaku.fi\/?product=nrf-31350-oljynjaahdytin","title":{"rendered":"NRF 31350 \u00d6ljynj\u00e4\u00e4hdytin"},"content":{"rendered":"<p>Korvaava tuote\/korvaava tiedote 2: Suodattimella; J\u00e4\u00e4hdytystapa: Vesij\u00e4\u00e4hdytteinen; Materiaali: Alumiini; Laatu \/ luokka: Easy Fit; lis\u00e4tieto: EASY FIT; Rakennemalli: Vito 114; JEEP: COMPASS MK49,PATRIOT MK74; MERCEDES-BENZ: C-CLASS W204,C-CLASS T-Model S204,E-CLASS W212,VIANO W639,E-CLASS T-Model S212,GLK-CLASS X204,VITO Bus W639,VITO \/ MIXTO Kasten W639,SPRINTER 3,5-t Kasten 906,S-CLASS W221,M-CLASS W166,E-CLASS Coupe C207,C-CLASS Coupe C204,SPRINTER 3,5-t Bus 906,SPRINTER 3-t Kasten 906,SLK R172,E-CLASS Cabriolet A207,CLS C218,SPRINTER 3,5-t Pritsche\/Fahrgestell 906,SPRINTER 3-t Bus 906,CLS Shooting Brake X218,S-CLASS W222, V222, X222,SPRINTER 5-t Kasten 906,SPRINTER 5-t Pritsche\/Fahrgestell 906,SPRINTER 3-t Pritsche\/Fahrgestell 906,SPRINTER 4,6-t Pritsche\/Fahrgestell 906,C-CLASS T-Model S205,SPRINTER 4,6-t Kasten 906,C-CLASS W205,V-CLASS W447,VITO Tourer W447,GLC X253,VITO Kasten W447,GLE W166,C-CLASS Coupe C205,VITO Mixto W447,GLC Coupe C253,SLC R172,C-CLASS Cabriolet A205; 68091825AA, 68091825AB, 6511800610, 6511800810, 6511801310; \u00d6ljynlauhdutin,Moottori\u00f6ljyn J\u00e4\u00e4hdytin<\/p>\n","protected":false},"excerpt":{"rendered":"<p>NRF \u00d6ljynj\u00e4\u00e4hdytin 31350 \u00d6ljynlauhdutin,Moottori\u00f6ljyn J\u00e4\u00e4hdytin JEEP,MERCEDES-BENZ,COMPASS MK49,PATRIOT MK74,C-CLASS W204,C-CLASS T-Model S204<\/p>\n","protected":false},"featured_media":0,"template":"","meta":{"site-sidebar-layout":"default","site-content-layout":"default","ast-global-header-display":"","ast-main-header-display":"","ast-hfb-above-header-display":"","ast-hfb-below-header-display":"","ast-hfb-mobile-header-display":"","site-post-title":"","ast-breadcrumbs-content":"","ast-featured-img":"","footer-sml-layout":"","theme-transparent-header-meta":"","adv-header-id-meta":"","stick-header-meta":"","header-above-stick-meta":"","header-main-stick-meta":"","header-below-stick-meta":""},"pwb-brand":[85],"product_cat":[244],"product_tag":[],"class_list":{"0":"post-12895","1":"product","2":"type-product","3":"status-publish","5":"pwb-brand-nrf","6":"product_cat-oljynjaahdytin","7":"desktop-align-left","8":"tablet-align-left","9":"mobile-align-left","11":"first","12":"instock","13":"product-type-external"},"brands":[{"id":85,"name":"NRF","slug":"nrf"}],"_links":{"self":[{"href":"https:\/\/www.autonvaraosahaku.fi\/index.php?rest_route=\/wp\/v2\/product\/12895","targetHints":{"allow":["GET"]}}],"collection":[{"href":"https:\/\/www.autonvaraosahaku.fi\/index.php?rest_route=\/wp\/v2\/product"}],"about":[{"href":"https:\/\/www.autonvaraosahaku.fi\/index.php?rest_route=\/wp\/v2\/types\/product"}],"wp:attachment":[{"href":"https:\/\/www.autonvaraosahaku.fi\/index.php?rest_route=%2Fwp%2Fv2%2Fmedia&parent=12895"}],"wp:term":[{"taxonomy":"pwb-brand","embeddable":true,"href":"https:\/\/www.autonvaraosahaku.fi\/index.php?rest_route=%2Fwp%2Fv2%2Fpwb-brand&post=12895"},{"taxonomy":"product_cat","embeddable":true,"href":"https:\/\/www.autonvaraosahaku.fi\/index.php?rest_route=%2Fwp%2Fv2%2Fproduct_cat&post=12895"},{"taxonomy":"product_tag","embeddable":true,"href":"https:\/\/www.autonvaraosahaku.fi\/index.php?rest_route=%2Fwp%2Fv2%2Fproduct_tag&post=12895"}],"curies":[{"name":"wp","href":"https:\/\/api.w.org\/{rel}","templated":true}]}}