{"id":12909,"date":"2021-02-21T14:16:09","date_gmt":"2021-02-21T14:16:09","guid":{"rendered":"https:\/\/www.autonvaraosahaku.fi\/?product=febest-1215-cmatlh-vetonivelen-suojakumi"},"modified":"2021-02-21T14:16:10","modified_gmt":"2021-02-21T14:16:10","slug":"febest-1215-cmatlh-vetonivelen-suojakumi","status":"publish","type":"product","link":"https:\/\/www.autonvaraosahaku.fi\/?product=febest-1215-cmatlh-vetonivelen-suojakumi","title":{"rendered":"FEBEST 1215-CMATLH Vetonivelen suojakumi"},"content":{"rendered":"<p>Asennuspuoli: Vaihteiston puoli; Korkeus (mm): 94; Paino [kg]: 0,293; Materiaali: NBR (nitriili-butadi-kumi); M\u00e4\u00e4r\u00e4: 1; Sis\u00e4l\u00e4pimitta 2 [mm]: 81,3; Pakkausleveys [cm]: 10,3; Pakkauskorkeus [mm]: 9,4, 9,4; Valmistusvuoteen: 06\/2008; NISSAN: 350 Z Z33,350 Z Roadster Z33,300 ZX Z31,SILVIA S12,SKYLINE V35; KIA: SORENTO I JC,SORENTO II XM; HYUNDAI: SANTA F\u00c9 II CM; INFINITI: FX,G Stufenheck,G Coupe; 44017T2BA01, 495002B800, 495002B900, 495002P400, 495012P250, 495052BA30, 495052BA40, 495052PA20, 495052PA30, 495062BA30, 495062BA40, 495062PA20, 495062PA30, 49542N0050, 496052BA40, 496052PA20, 496062BA40, 496062PA20, 39711AR402, 3974103P25<\/p>\n","protected":false},"excerpt":{"rendered":"<p>FEBEST Paljekumisarja, Vetoakseli 1215-CMATLH  NISSAN,KIA,HYUNDAI,350 Z Z33,350 Z Roadster Z33,300 ZX Z31,SILVIA S12,SKYLINE V35,SORENTO I JC<\/p>\n","protected":false},"featured_media":0,"template":"","meta":{"site-sidebar-layout":"default","site-content-layout":"default","ast-global-header-display":"","ast-main-header-display":"","ast-hfb-above-header-display":"","ast-hfb-below-header-display":"","ast-hfb-mobile-header-display":"","site-post-title":"","ast-breadcrumbs-content":"","ast-featured-img":"","footer-sml-layout":"","theme-transparent-header-meta":"","adv-header-id-meta":"","stick-header-meta":"","header-above-stick-meta":"","header-main-stick-meta":"","header-below-stick-meta":""},"pwb-brand":[152],"product_cat":[42],"product_tag":[],"class_list":{"0":"post-12909","1":"product","2":"type-product","3":"status-publish","5":"pwb-brand-febest","6":"product_cat-vetonivelen-suojakumi","7":"desktop-align-left","8":"tablet-align-left","9":"mobile-align-left","11":"first","12":"instock","13":"product-type-external"},"brands":[{"id":152,"name":"FEBEST","slug":"febest"}],"_links":{"self":[{"href":"https:\/\/www.autonvaraosahaku.fi\/index.php?rest_route=\/wp\/v2\/product\/12909","targetHints":{"allow":["GET"]}}],"collection":[{"href":"https:\/\/www.autonvaraosahaku.fi\/index.php?rest_route=\/wp\/v2\/product"}],"about":[{"href":"https:\/\/www.autonvaraosahaku.fi\/index.php?rest_route=\/wp\/v2\/types\/product"}],"wp:attachment":[{"href":"https:\/\/www.autonvaraosahaku.fi\/index.php?rest_route=%2Fwp%2Fv2%2Fmedia&parent=12909"}],"wp:term":[{"taxonomy":"pwb-brand","embeddable":true,"href":"https:\/\/www.autonvaraosahaku.fi\/index.php?rest_route=%2Fwp%2Fv2%2Fpwb-brand&post=12909"},{"taxonomy":"product_cat","embeddable":true,"href":"https:\/\/www.autonvaraosahaku.fi\/index.php?rest_route=%2Fwp%2Fv2%2Fproduct_cat&post=12909"},{"taxonomy":"product_tag","embeddable":true,"href":"https:\/\/www.autonvaraosahaku.fi\/index.php?rest_route=%2Fwp%2Fv2%2Fproduct_tag&post=12909"}],"curies":[{"name":"wp","href":"https:\/\/api.w.org\/{rel}","templated":true}]}}